{"id":2602,"date":"2025-05-23T13:50:03","date_gmt":"2025-05-23T13:50:03","guid":{"rendered":"https:\/\/cmykprinted.com\/?post_type=product&#038;p=2602"},"modified":"2025-05-23T13:56:32","modified_gmt":"2025-05-23T13:56:32","slug":"custom-fitted-table-cloth-with-zipper-back-australia","status":"publish","type":"product","link":"https:\/\/cmykprinted.com\/is\/product\/sersnidinn-borddukur-med-rennu-aftan-astralia\/","title":{"rendered":"S\u00e9rsni\u00f0inn bor\u00f0d\u00fakur me\u00f0 rennil\u00e1s a\u00f0 aftan, \u00c1stral\u00eda"},"content":{"rendered":"","protected":false},"excerpt":{"rendered":"<p>B\u00e6ttu vi\u00f0 v\u00f6rumerkjas\u00fdn \u00fe\u00edna \u00e1 vi\u00f0bur\u00f0um, vi\u00f0skiptas\u00fdningum og s\u00fdningum me\u00f0 s\u00e9rsni\u00f0num bor\u00f0d\u00fak me\u00f0 rennil\u00e1s a\u00f0 aftan \u2013 s\u00e9rstaklega sni\u00f0inn fyrir \u00e1str\u00f6lsk fyrirt\u00e6ki. \u00deessi bor\u00f0d\u00fakur er \u00far h\u00e1g\u00e6\u00f0a teygjanlegu p\u00f3l\u00fdesterefni og hanna\u00f0ur til a\u00f0 falla vel a\u00f0 bor\u00f0inu og skapa gl\u00e6silegt og faglegt \u00fatlit sem sker sig \u00far.<\/p>\n<p>Rennil\u00e1sinn a\u00f0 aftan veitir \u00fe\u00e6gilegan a\u00f0gang a\u00f0 geymslu undir bor\u00f0inu, sem heldur drasli falnu og tryggir a\u00f0 au\u00f0velt s\u00e9 a\u00f0 n\u00e1lgast marka\u00f0sefni, pers\u00f3nulega muni e\u00f0a birg\u00f0ir. D\u00fakurinn er f\u00e1anlegur fyrir venjuleg 4, 6 og 8 feta bor\u00f0 og er s\u00e9rsni\u00f0inn a\u00f0 fullu me\u00f0 \u00fe\u00ednu l\u00f3g\u00f3i, litum og graf\u00edk me\u00f0 sk\u00e6rlitum sublimationsprentun.<\/p>\n<p>\u00deessi sni\u00f0ni d\u00fakur er tilvalinn fyrir r\u00e1\u00f0stefnur, s\u00fdningar, sm\u00e1s\u00f6lu og kynningarvi\u00f0bur\u00f0i. Hann er krumpu\u00feolinn, m\u00e1 \u00fevo \u00ed \u00fevottav\u00e9l og endurn\u00fdtanlegur \u2013 sem b\u00fd\u00f0ur upp \u00e1 langt\u00edmavir\u00f0i og s\u00fdnileika v\u00f6rumerkisins. Hanna\u00f0 og prenta\u00f0 \u00ed \u00c1stral\u00edu, me\u00f0 skj\u00f3tum afgrei\u00f0slut\u00edma og afhendingu um allt land.<\/p>\n<p>Sker\u00f0u \u00feig \u00far h\u00f3pnum og ger\u00f0u s\u00fdninguna \u00fe\u00edna \u00f3gleymanlega me\u00f0 fagmannlegum rennil\u00e1sarbor\u00f0d\u00fakum okkar.<\/p>\n<div style=\"width: 1280px;\" class=\"wp-video\"><!--[if lt IE 9]><script>document.createElement('video');<\/script><![endif]--><br \/>\n<video class=\"wp-video-shortcode\" id=\"video-2602-1\" width=\"1280\" height=\"720\" preload=\"metadata\" controls=\"controls\"><source type=\"video\/mp4\" src=\"https:\/\/cmykprinted.com\/wp-content\/uploads\/2025\/05\/Promotional-Tablecloths-Australia.mp4?_=1\" \/><a href=\"https:\/\/cmykprinted.com\/wp-content\/uploads\/2025\/05\/Promotional-Tablecloths-Australia.mp4\">https:\/\/cmykprinted.com\/wp-content\/uploads\/2025\/05\/Promotional-Tablecloths-Australia.mp4<\/a><\/video><\/div>","protected":false},"featured_media":2609,"template":"","meta":{"_kad_post_transparent":"default","_kad_post_title":"hide","_kad_post_layout":"fullwidth","_kad_post_sidebar_id":"","_kad_post_content_style":"unboxed","_kad_post_vertical_padding":"hide","_kad_post_feature":"hide","_kad_post_feature_position":"","_kad_post_header":false,"_kad_post_footer":false},"product_cat":[80,81],"product_tag":[535,580,581,582],"class_list":{"0":"post-2602","1":"product","2":"type-product","3":"status-publish","4":"has-post-thumbnail","6":"product_cat-custom-tablecloth","7":"product_cat-custom-stretch-tablecloth","8":"product_tag-custom-fitted-table-cloth","9":"product_tag-fitted-table-cloth","10":"product_tag-fitted-table-cloth-with-zipper-back","11":"product_tag-fitted-table-cloth-with-zipper-back-australia","13":"first","14":"instock","15":"shipping-taxable","16":"product-type-simple","17":"entry","18":"content-bg","19":"loop-entry"},"_links":{"self":[{"href":"https:\/\/cmykprinted.com\/is\/wp-json\/wp\/v2\/product\/2602","targetHints":{"allow":["GET"]}}],"collection":[{"href":"https:\/\/cmykprinted.com\/is\/wp-json\/wp\/v2\/product"}],"about":[{"href":"https:\/\/cmykprinted.com\/is\/wp-json\/wp\/v2\/types\/product"}],"version-history":[{"count":1,"href":"https:\/\/cmykprinted.com\/is\/wp-json\/wp\/v2\/product\/2602\/revisions"}],"predecessor-version":[{"id":2607,"href":"https:\/\/cmykprinted.com\/is\/wp-json\/wp\/v2\/product\/2602\/revisions\/2607"}],"wp:featuredmedia":[{"embeddable":true,"href":"https:\/\/cmykprinted.com\/is\/wp-json\/wp\/v2\/media\/2609"}],"wp:attachment":[{"href":"https:\/\/cmykprinted.com\/is\/wp-json\/wp\/v2\/media?parent=2602"}],"wp:term":[{"taxonomy":"product_cat","embeddable":true,"href":"https:\/\/cmykprinted.com\/is\/wp-json\/wp\/v2\/product_cat?post=2602"},{"taxonomy":"product_tag","embeddable":true,"href":"https:\/\/cmykprinted.com\/is\/wp-json\/wp\/v2\/product_tag?post=2602"}],"curies":[{"name":"wp","href":"https:\/\/api.w.org\/{rel}","templated":true}]}}