{"id":2620,"date":"2025-05-27T07:13:40","date_gmt":"2025-05-27T07:13:40","guid":{"rendered":"https:\/\/cmykprinted.com\/?post_type=product&#038;p=2620"},"modified":"2025-05-27T07:45:05","modified_gmt":"2025-05-27T07:45:05","slug":"custom-printed-branded-tablecloth-for-events","status":"publish","type":"product","link":"https:\/\/cmykprinted.com\/is\/product\/sersnidinn-prentadur-vorumerktur-borddukur-fyrir-vidburdi\/","title":{"rendered":"S\u00e9rsni\u00f0in prentu\u00f0 v\u00f6rumerkt bor\u00f0d\u00fakur fyrir vi\u00f0bur\u00f0i"},"content":{"rendered":"","protected":false},"excerpt":{"rendered":"<p>Prenta\u00f0ur d\u00fakur me\u00f0 merki er nau\u00f0synlegt kynningart\u00e6ki fyrir \u00f6ll fyrirt\u00e6ki sem taka \u00fe\u00e1tt \u00ed vi\u00f0bur\u00f0um eins og vi\u00f0skiptas\u00fdningum, s\u00fdningum, r\u00e1\u00f0stefnum, v\u00f6rukynningum og marka\u00f0sstarfi. Hann breytir venjulegu bor\u00f0i \u00ed fagmannlegan og sj\u00f3nr\u00e6nt a\u00f0la\u00f0andi s\u00fdningarb\u00fana\u00f0 sem hj\u00e1lpar v\u00f6rumerkinu \u00fe\u00ednu a\u00f0 skera sig \u00far \u00ed annas\u00f6mum vi\u00f0bur\u00f0arumhverfum. \u00deessir d\u00fakar eru \u00far h\u00e1g\u00e6\u00f0a, endingarg\u00f3\u00f0um efnum eins og p\u00f3l\u00fdester e\u00f0a teygjanlegu spandex og eru hanna\u00f0ir til notkunar b\u00e6\u00f0i innandyra og utandyra.<\/p>\n<p>H\u00f6nnunin inniheldur venjulega l\u00f3g\u00f3i\u00f0 \u00feitt, liti v\u00f6rumerkisins, slagor\u00f0 og a\u00f0ra vi\u00f0eigandi graf\u00edk, prenta\u00f0 \u00ed fullum lit me\u00f0 litbrig\u00f0asublimeringu e\u00f0a stafr\u00e6nni prentun. \u00deetta tryggir l\u00edflega og endingarg\u00f3\u00f0a mynd sem varir ekki, jafnvel eftir endurtekna \u00fevotta. Merktu d\u00fakar eru f\u00e1anlegir \u00ed \u00fdmsum st\u00edlum - svo sem a\u00f0sni\u00f0nir, lausir e\u00f0a teygjanlegir - og h\u00e6gt er a\u00f0 a\u00f0laga \u00fe\u00e1 a\u00f0 st\u00f6\u00f0lu\u00f0um bor\u00f0st\u00e6r\u00f0um eins og 4 fet, 6 fet e\u00f0a 8 fet, e\u00f0a sn\u00ed\u00f0a \u00fe\u00e1 a\u00f0 einst\u00f6kum bor\u00f0st\u00e6r\u00f0um.<\/p>\n<p>Hvort sem \u00fe\u00fa velur \u00fer\u00edhli\u00f0a h\u00f6nnun til a\u00f0 au\u00f0velda a\u00f0gang a\u00f0 geymslu undir bor\u00f0um e\u00f0a fj\u00f3rhli\u00f0a \u00e1kl\u00e6\u00f0i fyrir f\u00e1ga\u00f0 360\u00b0 \u00fatlit, \u00fe\u00e1 b\u00e6tir v\u00f6rumerktur d\u00fakur vi\u00f0 snert af fagmennsku og v\u00f6rumerkjasamr\u00e6mi. Hann er au\u00f0velt a\u00f0 brj\u00f3ta saman, geyma og flytja, sem gerir hann tilvalinn fyrir fyrirt\u00e6ki sem s\u00e6kja reglulega vi\u00f0bur\u00f0i. Hagkv\u00e6mir, endurn\u00fdtanlegir og \u00e1hrifar\u00edkir, prenta\u00f0ir v\u00f6rumerktir d\u00fakar eru snj\u00f6ll fj\u00e1rfesting til a\u00f0 efla v\u00f6rumerkjas\u00fdni \u00fe\u00edna \u00e1 hva\u00f0a vi\u00f0bur\u00f0i sem er.<\/p>\n<div style=\"width: 1280px;\" class=\"wp-video\"><!--[if lt IE 9]><script>document.createElement('video');<\/script><![endif]--><br \/>\n<video class=\"wp-video-shortcode\" id=\"video-2620-1\" width=\"1280\" height=\"720\" preload=\"metadata\" controls=\"controls\"><source type=\"video\/mp4\" src=\"https:\/\/cmykprinted.com\/wp-content\/uploads\/2025\/05\/Printed-Branded-Tablecloth-for-Events.mp4?_=1\" \/><a href=\"https:\/\/cmykprinted.com\/wp-content\/uploads\/2025\/05\/Printed-Branded-Tablecloth-for-Events.mp4\">https:\/\/cmykprinted.com\/wp-content\/uploads\/2025\/05\/Printed-Branded-Tablecloth-for-Events.mp4<\/a><\/video><\/div>","protected":false},"featured_media":2626,"template":"","meta":{"_kad_post_transparent":"default","_kad_post_title":"hide","_kad_post_layout":"fullwidth","_kad_post_sidebar_id":"","_kad_post_content_style":"unboxed","_kad_post_vertical_padding":"hide","_kad_post_feature":"hide","_kad_post_feature_position":"","_kad_post_header":false,"_kad_post_footer":false},"product_cat":[80,81,83],"product_tag":[587,590,589,588],"class_list":{"0":"post-2620","1":"product","2":"type-product","3":"status-publish","4":"has-post-thumbnail","6":"product_cat-custom-tablecloth","7":"product_cat-custom-stretch-tablecloth","8":"product_cat-fitted-table-cover","9":"product_tag-branded-tablecloth-for-events","10":"product_tag-custom-branded-tablecloth-for-events","11":"product_tag-custom-printed-branded-tablecloth-f","12":"product_tag-printed-branded-tablecloth","14":"first","15":"instock","16":"shipping-taxable","17":"product-type-simple","18":"entry","19":"content-bg","20":"loop-entry"},"_links":{"self":[{"href":"https:\/\/cmykprinted.com\/is\/wp-json\/wp\/v2\/product\/2620","targetHints":{"allow":["GET"]}}],"collection":[{"href":"https:\/\/cmykprinted.com\/is\/wp-json\/wp\/v2\/product"}],"about":[{"href":"https:\/\/cmykprinted.com\/is\/wp-json\/wp\/v2\/types\/product"}],"version-history":[{"count":1,"href":"https:\/\/cmykprinted.com\/is\/wp-json\/wp\/v2\/product\/2620\/revisions"}],"predecessor-version":[{"id":2622,"href":"https:\/\/cmykprinted.com\/is\/wp-json\/wp\/v2\/product\/2620\/revisions\/2622"}],"wp:featuredmedia":[{"embeddable":true,"href":"https:\/\/cmykprinted.com\/is\/wp-json\/wp\/v2\/media\/2626"}],"wp:attachment":[{"href":"https:\/\/cmykprinted.com\/is\/wp-json\/wp\/v2\/media?parent=2620"}],"wp:term":[{"taxonomy":"product_cat","embeddable":true,"href":"https:\/\/cmykprinted.com\/is\/wp-json\/wp\/v2\/product_cat?post=2620"},{"taxonomy":"product_tag","embeddable":true,"href":"https:\/\/cmykprinted.com\/is\/wp-json\/wp\/v2\/product_tag?post=2620"}],"curies":[{"name":"wp","href":"https:\/\/api.w.org\/{rel}","templated":true}]}}