{"id":2634,"date":"2025-05-28T05:01:54","date_gmt":"2025-05-28T05:01:54","guid":{"rendered":"https:\/\/cmykprinted.com\/?post_type=product&#038;p=2634"},"modified":"2025-05-28T05:01:54","modified_gmt":"2025-05-28T05:01:54","slug":"custom-metal-transfer-logo-stickers-for-perfume-bottle","status":"publish","type":"product","link":"https:\/\/cmykprinted.com\/is\/product\/sersnidnir-malm-transfer-merki-midar-fyrir-ilmvatnsflosku\/","title":{"rendered":"S\u00e9rsni\u00f0in m\u00e1lmflutningsmerki fyrir ilmvatnsfl\u00f6sku"},"content":{"rendered":"","protected":false},"excerpt":{"rendered":"<p>B\u00e6ttu vi\u00f0 gl\u00e6sileika og v\u00f6rumerki v\u00f6runnar \u00feinnar me\u00f0 s\u00e9rsni\u00f0num m\u00e1lml\u00edmmi\u00f0um okkar, s\u00e9rstaklega h\u00f6nnu\u00f0um fyrir ilmvatnsfl\u00f6skur. \u00deessir h\u00e1g\u00e6\u00f0a m\u00e1lml\u00edmmi\u00f0ar bj\u00f3\u00f0a upp \u00e1 l\u00faxus og fagmannlega \u00e1fer\u00f0 sem lyftir umb\u00fa\u00f0unum \u00fe\u00ednum samstundis og endurspeglar g\u00e6\u00f0i v\u00f6rumerkisins.<\/p>\n<p>\u00deessir l\u00edmmi\u00f0ar eru sm\u00ed\u00f0a\u00f0ir me\u00f0 h\u00e1\u00fer\u00f3a\u00f0ri flutningst\u00e6kni og eru me\u00f0 sl\u00e9ttu m\u00e1lmyfirbor\u00f0i me\u00f0 n\u00e1kv\u00e6mum sm\u00e1atri\u00f0um, sem gerir \u00fe\u00e1 tilvalda fyrir l\u00f3g\u00f3, v\u00f6rumerki e\u00f0a skreytingar. Flutningsa\u00f0fer\u00f0in tryggir a\u00f0 a\u00f0eins m\u00e1lmhlutinn festist vi\u00f0 yfirbor\u00f0i\u00f0 og skilur ekki eftir bakgrunn e\u00f0a l\u00edmbr\u00fanir \u2014 sem skapar samfellda, grafna \u00e1fer\u00f0 beint \u00e1 gler- e\u00f0a plastfl\u00f6skuna.<\/p>\n<p>M\u00e1lml\u00edmmi\u00f0arnir okkar eru f\u00e1anlegir \u00ed \u00fdmsum \u00e1fer\u00f0um eins og gulli, silfri, r\u00f3sagulli, matt sv\u00f6rtu og kr\u00f3mi, og h\u00e6gt er a\u00f0 a\u00f0laga \u00fe\u00e1 a\u00f0 fagurfr\u00e6\u00f0i v\u00f6rumerkisins \u00fe\u00edns. Hvort sem \u00fe\u00fa k\u00fdst l\u00e1gmarks einlita e\u00f0a fl\u00f3kna l\u00f3g\u00f3h\u00f6nnun, \u00fe\u00e1 bj\u00f3\u00f0um vi\u00f0 upp \u00e1 s\u00e9rsni\u00f0nar lausnir til a\u00f0 m\u00e6ta \u00fe\u00ednum \u00fe\u00f6rfum.<\/p>\n<p>\u00deessir l\u00edmmi\u00f0ar eru ekki a\u00f0eins sj\u00f3nr\u00e6nt a\u00f0la\u00f0andi heldur einnig endingarg\u00f3\u00f0ir \u2014 \u00feeir \u00feola vatn, ol\u00edu og ilmvatn, sem tryggir a\u00f0 v\u00f6rumerki\u00f0 \u00feitt haldist \u00f3breytt til langs t\u00edma. Fullkomnir fyrir l\u00faxus ilmvatnsl\u00ednur, snyrtiv\u00f6rur e\u00f0a h\u00e1g\u00e6\u00f0a kynningarv\u00f6rur.<\/p>\n<p>H\u00f6nnunarteymi okkar mun vinna n\u00e1i\u00f0 me\u00f0 \u00fe\u00e9r a\u00f0 \u00fev\u00ed a\u00f0 b\u00faa til fullkomna l\u00edmmi\u00f0a sem passar vi\u00f0 v\u00f6rumerki\u00f0 \u00feitt. Ver\u00f0lagning \u00e1 l\u00e1gmarksv\u00f6rum\u00f6rkum (MOQ) og magnp\u00f6ntunum er \u00ed bo\u00f0i fyrir heilds\u00f6lupantanir.<\/p>\n<p>Uppf\u00e6r\u00f0u umb\u00fa\u00f0irnar \u00fe\u00ednar me\u00f0 gl\u00e6sileika og s\u00e9rst\u00f6\u00f0u \u2014 veldu s\u00e9rsni\u00f0na m\u00e1lml\u00edmmi\u00f0a me\u00f0 merki fyrir f\u00e1ga\u00f0a fr\u00e1gang.<\/p>\n<div style=\"width: 480px;\" class=\"wp-video\"><!--[if lt IE 9]><script>document.createElement('video');<\/script><![endif]--><br \/>\n<video class=\"wp-video-shortcode\" id=\"video-2634-1\" width=\"480\" height=\"480\" preload=\"metadata\" controls=\"controls\"><source type=\"video\/mp4\" src=\"https:\/\/cmykprinted.com\/wp-content\/uploads\/2025\/05\/Metal-Transfer-Logo-Stickers-For-Perfume-Bottle.mp4?_=1\" \/><a href=\"https:\/\/cmykprinted.com\/wp-content\/uploads\/2025\/05\/Metal-Transfer-Logo-Stickers-For-Perfume-Bottle.mp4\">https:\/\/cmykprinted.com\/wp-content\/uploads\/2025\/05\/Metal-Transfer-Logo-Stickers-For-Perfume-Bottle.mp4<\/a><\/video><\/div>","protected":false},"featured_media":2635,"template":"","meta":{"_kad_post_transparent":"default","_kad_post_title":"hide","_kad_post_layout":"fullwidth","_kad_post_sidebar_id":"","_kad_post_content_style":"unboxed","_kad_post_vertical_padding":"hide","_kad_post_feature":"hide","_kad_post_feature_position":"","_kad_post_header":false,"_kad_post_footer":false},"product_cat":[101,102],"product_tag":[596,594,595,597],"class_list":{"0":"post-2634","1":"product","2":"type-product","3":"status-publish","4":"has-post-thumbnail","6":"product_cat-transfer-stickers","7":"product_cat-metal-transfer-stickers","8":"product_tag-custom-metal-transfer-logo-stickers","9":"product_tag-logo-stickers-for-perfume-bottle","10":"product_tag-metal-transfer-logo-stickers","11":"product_tag-transfer-logo-stickers-for-perfume-bottle","13":"first","14":"instock","15":"shipping-taxable","16":"product-type-simple","17":"entry","18":"content-bg","19":"loop-entry"},"_links":{"self":[{"href":"https:\/\/cmykprinted.com\/is\/wp-json\/wp\/v2\/product\/2634","targetHints":{"allow":["GET"]}}],"collection":[{"href":"https:\/\/cmykprinted.com\/is\/wp-json\/wp\/v2\/product"}],"about":[{"href":"https:\/\/cmykprinted.com\/is\/wp-json\/wp\/v2\/types\/product"}],"version-history":[{"count":1,"href":"https:\/\/cmykprinted.com\/is\/wp-json\/wp\/v2\/product\/2634\/revisions"}],"predecessor-version":[{"id":2640,"href":"https:\/\/cmykprinted.com\/is\/wp-json\/wp\/v2\/product\/2634\/revisions\/2640"}],"wp:featuredmedia":[{"embeddable":true,"href":"https:\/\/cmykprinted.com\/is\/wp-json\/wp\/v2\/media\/2635"}],"wp:attachment":[{"href":"https:\/\/cmykprinted.com\/is\/wp-json\/wp\/v2\/media?parent=2634"}],"wp:term":[{"taxonomy":"product_cat","embeddable":true,"href":"https:\/\/cmykprinted.com\/is\/wp-json\/wp\/v2\/product_cat?post=2634"},{"taxonomy":"product_tag","embeddable":true,"href":"https:\/\/cmykprinted.com\/is\/wp-json\/wp\/v2\/product_tag?post=2634"}],"curies":[{"name":"wp","href":"https:\/\/api.w.org\/{rel}","templated":true}]}}