{"id":2668,"date":"2025-06-06T04:34:33","date_gmt":"2025-06-06T04:34:33","guid":{"rendered":"https:\/\/cmykprinted.com\/?post_type=product&#038;p=2668"},"modified":"2025-06-06T05:55:38","modified_gmt":"2025-06-06T05:55:38","slug":"custom-made-canopy-tents-with-your-logo-printed","status":"publish","type":"product","link":"https:\/\/cmykprinted.com\/is\/product\/sersnidin-skyli-med-merkimida-thinum-prentudum\/","title":{"rendered":"S\u00e9rsm\u00ed\u00f0u\u00f0 tjald me\u00f0 prentu\u00f0u merki \u00fe\u00ednu"},"content":{"rendered":"","protected":false},"excerpt":{"rendered":"<p>Skeri\u00f0 ykkur \u00far \u00e1 hva\u00f0a vi\u00f0bur\u00f0i sem er me\u00f0 h\u00e1g\u00e6\u00f0a s\u00e9rsni\u00f0num tjaldh\u00fdsum okkar. Tjaldin okkar eru h\u00f6nnu\u00f0 til a\u00f0 s\u00fdna v\u00f6rumerki\u00f0 ykkar og eru me\u00f0 litprentun \u00e1 l\u00f3g\u00f3inu ykkar, slagor\u00f0i e\u00f0a listaverki \u00e1 \u00f6llum hli\u00f0um. Hvort sem \u00fei\u00f0 eru\u00f0 a\u00f0 s\u00e6kja vi\u00f0skiptas\u00fdningu, h\u00e1t\u00ed\u00f0, marka\u00f0 e\u00f0a \u00ed\u00fer\u00f3ttavi\u00f0bur\u00f0, \u00fe\u00e1 tryggja s\u00e9rsni\u00f0nu tj\u00f6ldin okkar h\u00e1marks s\u00fdnileika og faglega n\u00e6rveru.<\/p>\n<p>Hvert tjald er \u00far endingarg\u00f3\u00f0u, ve\u00f0ur\u00feolnu efni, sm\u00ed\u00f0a\u00f0 til a\u00f0 \u00feola \u00e1stralska loftslagi\u00f0. Veldu \u00far \u00fdmsum st\u00e6r\u00f0um, rammastyrk og prentunarm\u00f6guleikum sem henta \u00fe\u00ednum \u00fe\u00f6rfum. Uppsetningarh\u00f6nnunin gerir kleift a\u00f0 setja upp flj\u00f3tt og au\u00f0veldlega, sem gerir \u00fea\u00f0 fullkomi\u00f0 fyrir b\u00e6\u00f0i inni- og \u00fatinotkun.<\/p>\n<p>Vi\u00f0 notum n\u00fdjustu prentt\u00e6kni til a\u00f0 tryggja sk\u00e6rlita, endingarg\u00f3\u00f0a liti sem dofna ekki. H\u00e6gt er a\u00f0 f\u00e1 veggi, bor\u00f0a, f\u00e1na og bur\u00f0art\u00f6skur \u2014 allt a\u00f0laga\u00f0 a\u00f0 eigin vali.<\/p>\n<p>Tjaldvagnar okkar me\u00f0 v\u00f6rumerkjum eru fullkomnir fyrir fyrirt\u00e6ki, sk\u00f3la, hagna\u00f0arskyni og vi\u00f0bur\u00f0askipuleggjendur og hj\u00e1lpa \u00fe\u00e9r a\u00f0 skapa \u00f3gleymanlegt fyrsta inntrykk.<\/p>\n<p>L\u00e1ttu v\u00f6rumerki\u00f0 \u00feitt sk\u00edna \u2014 haf\u00f0u samband vi\u00f0 okkur \u00ed dag til a\u00f0 f\u00e1 tilbo\u00f0 e\u00f0a \u00f3keypis uppdr\u00e1tt.<\/p>\n<div style=\"width: 960px;\" class=\"wp-video\"><!--[if lt IE 9]><script>document.createElement('video');<\/script><![endif]--><br \/>\n<video class=\"wp-video-shortcode\" id=\"video-2668-1\" width=\"960\" height=\"544\" preload=\"metadata\" controls=\"controls\"><source type=\"video\/mp4\" src=\"https:\/\/cmykprinted.com\/wp-content\/uploads\/2024\/04\/digicel-tents.mp4?_=1\" \/><a href=\"https:\/\/cmykprinted.com\/wp-content\/uploads\/2024\/04\/digicel-tents.mp4\">https:\/\/cmykprinted.com\/wp-content\/uploads\/2024\/04\/digicel-tents.mp4<\/a><\/video><\/div>","protected":false},"featured_media":2677,"template":"","meta":{"_kad_post_transparent":"default","_kad_post_title":"hide","_kad_post_layout":"normal","_kad_post_sidebar_id":"","_kad_post_content_style":"unboxed","_kad_post_vertical_padding":"hide","_kad_post_feature":"hide","_kad_post_feature_position":"","_kad_post_header":false,"_kad_post_footer":false},"product_cat":[68,76,74],"product_tag":[605,604,606],"class_list":{"0":"post-2668","1":"product","2":"type-product","3":"status-publish","4":"has-post-thumbnail","6":"product_cat-custom-canopy-tents","7":"product_cat-10x15ft-pop-up-tents-50mm-heavy-duty-hexagon-aluminum-tents-custom-canopy-tents","8":"product_cat-50mm-heavy-duty-hexagon-aluminum-tents","9":"product_tag-custom-canopy-tents-with-logo","10":"product_tag-custom-made-canopy-tents","11":"product_tag-custom-printed-canopy-tents","13":"first","14":"instock","15":"shipping-taxable","16":"product-type-simple","17":"entry","18":"content-bg","19":"loop-entry"},"_links":{"self":[{"href":"https:\/\/cmykprinted.com\/is\/wp-json\/wp\/v2\/product\/2668","targetHints":{"allow":["GET"]}}],"collection":[{"href":"https:\/\/cmykprinted.com\/is\/wp-json\/wp\/v2\/product"}],"about":[{"href":"https:\/\/cmykprinted.com\/is\/wp-json\/wp\/v2\/types\/product"}],"version-history":[{"count":1,"href":"https:\/\/cmykprinted.com\/is\/wp-json\/wp\/v2\/product\/2668\/revisions"}],"predecessor-version":[{"id":2671,"href":"https:\/\/cmykprinted.com\/is\/wp-json\/wp\/v2\/product\/2668\/revisions\/2671"}],"wp:featuredmedia":[{"embeddable":true,"href":"https:\/\/cmykprinted.com\/is\/wp-json\/wp\/v2\/media\/2677"}],"wp:attachment":[{"href":"https:\/\/cmykprinted.com\/is\/wp-json\/wp\/v2\/media?parent=2668"}],"wp:term":[{"taxonomy":"product_cat","embeddable":true,"href":"https:\/\/cmykprinted.com\/is\/wp-json\/wp\/v2\/product_cat?post=2668"},{"taxonomy":"product_tag","embeddable":true,"href":"https:\/\/cmykprinted.com\/is\/wp-json\/wp\/v2\/product_tag?post=2668"}],"curies":[{"name":"wp","href":"https:\/\/api.w.org\/{rel}","templated":true}]}}