{"id":2678,"date":"2025-06-09T08:44:00","date_gmt":"2025-06-09T08:44:00","guid":{"rendered":"https:\/\/cmykprinted.com\/?post_type=product&#038;p=2678"},"modified":"2025-06-09T08:44:00","modified_gmt":"2025-06-09T08:44:00","slug":"outdoor-marketing-flags-supplier-best-price-with-48-hours-turnaround","status":"publish","type":"product","link":"https:\/\/cmykprinted.com\/is\/product\/birgir-af-uti-auglysingafanum-bestu-verd-med-48-klukkustunda-afgreidslu\/","title":{"rendered":"\u00datif\u00e1nar me\u00f0 besta ver\u00f0i\u00f0, me\u00f0 48 klukkustunda afgrei\u00f0slut\u00edma"},"content":{"rendered":"","protected":false},"excerpt":{"rendered":"<p>\u00cd hra\u00f0skrei\u00f0um heimi augl\u00fdsinga skiptir \u00f6llu m\u00e1li a\u00f0 vekja athygli. Hvort sem \u00fe\u00fa ert a\u00f0 kynna st\u00f3ra opnun, tilkynna \u00fats\u00f6lu, taka \u00fe\u00e1tt \u00ed vi\u00f0skiptas\u00fdningu e\u00f0a einfaldlega reyna a\u00f0 skera \u00feig \u00far \u00e1 annas\u00f6mum g\u00f6tum, \u00fe\u00e1 hafa s\u00e9rsni\u00f0nir fja\u00f0raf\u00e1nar fyrir \u00fatimarka\u00f0ssetningu or\u00f0i\u00f0 nau\u00f0synlegt og \u00e1hrifar\u00edkt kynningart\u00e6ki fyrir fyrirt\u00e6ki af \u00f6llum st\u00e6r\u00f0um. \u00deessir \u00e1berandi bor\u00f0ar blakta \u00ed vindinum, skapa kraftmikla hreyfingu og s\u00fdnileika og tryggja a\u00f0 skilabo\u00f0in \u00fe\u00edn sj\u00e1ist \u2013 h\u00e1tt og sk\u00fdrt.<\/p>\n<p>\u00cd \u00feessari handb\u00f3k sko\u00f0um vi\u00f0 allt sem \u00fe\u00fa \u00fearft a\u00f0 vita um fja\u00f0raf\u00e1na fyrir marka\u00f0ssetningu utandyra: hva\u00f0 \u00feeir eru, hvers vegna \u00feeir virka, hvernig \u00e1 a\u00f0 hanna \u00fe\u00e1 \u00e1 \u00e1hrifar\u00edkan h\u00e1tt og hvar og hven\u00e6r \u00e1 a\u00f0 nota \u00fe\u00e1.<\/p>\n<p>S\u00e9rsni\u00f0nir fja\u00f0raf\u00e1nar fyrir \u00fativeru eru snj\u00f6ll, st\u00edlhrein og sveigjanleg lausn fyrir n\u00fat\u00edma marka\u00f0sf\u00f3lk. Blanda \u00feeirra af hreyfingu, h\u00e6\u00f0, lit og hagkv\u00e6mni gerir \u00fe\u00e1 a\u00f0 einu \u00e1hrifamesta augl\u00fdsingat\u00f3linu sem v\u00f6l er \u00e1 \u00ed dag. Hvort sem \u00fe\u00fa \u00fearft einn f\u00e1na fyrir helgar\u00fats\u00f6lu e\u00f0a fj\u00f6lda f\u00e1na fyrir st\u00f3ra herfer\u00f0, \u00fe\u00e1 er fj\u00e1rfesting \u00ed s\u00e9rsni\u00f0num fja\u00f0raf\u00e1num sanna\u00f0 a\u00f0fer\u00f0 til a\u00f0 vekja athygli - og breyta umfer\u00f0 \u00ed vi\u00f0skiptavini.<\/p>\n<p>Me\u00f0 r\u00e9ttri h\u00f6nnun, g\u00e6\u00f0aefni og stefnum\u00f3tandi sta\u00f0setningu mun fja\u00f0raf\u00e1ninn \u00feinn vinna h\u00f6r\u00f0um h\u00f6ndum fyrir fyrirt\u00e6ki\u00f0 \u00feitt - \u00ed rigningu e\u00f0a s\u00f3lskini, dag eftir dag.<\/p>\n<p>&nbsp;<\/p>","protected":false},"featured_media":2679,"template":"","meta":{"_kad_post_transparent":"default","_kad_post_title":"hide","_kad_post_layout":"fullwidth","_kad_post_sidebar_id":"","_kad_post_content_style":"unboxed","_kad_post_vertical_padding":"hide","_kad_post_feature":"hide","_kad_post_feature_position":"","_kad_post_header":false,"_kad_post_footer":false},"product_cat":[64,65],"product_tag":[609,610,607,608],"class_list":{"0":"post-2678","1":"product","2":"type-product","3":"status-publish","4":"has-post-thumbnail","6":"product_cat-beach-flags","7":"product_cat-feather-flags-banners","8":"product_tag-outdoor-flags","9":"product_tag-outdoor-flags-with-best-price","10":"product_tag-outdoor-marketing-flags","11":"product_tag-outdoor-marketing-flags-supplier","13":"first","14":"instock","15":"shipping-taxable","16":"product-type-simple","17":"entry","18":"content-bg","19":"loop-entry"},"_links":{"self":[{"href":"https:\/\/cmykprinted.com\/is\/wp-json\/wp\/v2\/product\/2678","targetHints":{"allow":["GET"]}}],"collection":[{"href":"https:\/\/cmykprinted.com\/is\/wp-json\/wp\/v2\/product"}],"about":[{"href":"https:\/\/cmykprinted.com\/is\/wp-json\/wp\/v2\/types\/product"}],"version-history":[{"count":1,"href":"https:\/\/cmykprinted.com\/is\/wp-json\/wp\/v2\/product\/2678\/revisions"}],"predecessor-version":[{"id":2684,"href":"https:\/\/cmykprinted.com\/is\/wp-json\/wp\/v2\/product\/2678\/revisions\/2684"}],"wp:featuredmedia":[{"embeddable":true,"href":"https:\/\/cmykprinted.com\/is\/wp-json\/wp\/v2\/media\/2679"}],"wp:attachment":[{"href":"https:\/\/cmykprinted.com\/is\/wp-json\/wp\/v2\/media?parent=2678"}],"wp:term":[{"taxonomy":"product_cat","embeddable":true,"href":"https:\/\/cmykprinted.com\/is\/wp-json\/wp\/v2\/product_cat?post=2678"},{"taxonomy":"product_tag","embeddable":true,"href":"https:\/\/cmykprinted.com\/is\/wp-json\/wp\/v2\/product_tag?post=2678"}],"curies":[{"name":"wp","href":"https:\/\/api.w.org\/{rel}","templated":true}]}}