{"id":2686,"date":"2025-06-14T12:05:03","date_gmt":"2025-06-14T12:05:03","guid":{"rendered":"https:\/\/cmykprinted.com\/?post_type=product&#038;p=2686"},"modified":"2025-06-14T12:58:32","modified_gmt":"2025-06-14T12:58:32","slug":"factory-with-best-quality-custom-canopy-tent-10x15","status":"publish","type":"product","link":"https:\/\/cmykprinted.com\/is\/product\/verksmidja-med-bestu-gaedi-sersnidin-tjald-10x15\/","title":{"rendered":"Verksmi\u00f0ja me\u00f0 bestu g\u00e6\u00f0a s\u00e9rsni\u00f0nu tjaldi 10 \u00d7 15"},"content":{"rendered":"","protected":false},"excerpt":{"rendered":"<p>Ertu a\u00f0 leita a\u00f0 fullkomnu lausninni fyrir \u00fativeru til a\u00f0 efla v\u00f6rumerki\u00f0 \u00feitt? S\u00e9rsni\u00f0nu tjaldh\u00fdsi okkar, 10\u00d715, eru sm\u00ed\u00f0u\u00f0 \u00ed verksmi\u00f0ju okkar me\u00f0 h\u00e1g\u00e6\u00f0a efnum og n\u00e1kv\u00e6mri framlei\u00f0slu. Hvort sem \u00fe\u00fa ert a\u00f0 s\u00fdna fyrirt\u00e6ki\u00f0 \u00feitt \u00e1 vi\u00f0skiptas\u00fdningu, \u00fatimarka\u00f0i, h\u00e1t\u00ed\u00f0, \u00ed\u00fer\u00f3ttavi\u00f0bur\u00f0i e\u00f0a kynningarstarfsemi, \u00fe\u00e1 b\u00fd\u00f0ur \u00feetta tjald upp \u00e1 \u00f3vi\u00f0jafnanlega endingu, virkni og st\u00edl.<\/p>\n<p>Tjaldhimnurnar okkar eru \u00far sterku 600D p\u00f3l\u00fdesterefni me\u00f0 vatnsheldni, UV-\u00feolnum og eldvarnareiginleikum og eru hanna\u00f0ar til a\u00f0 \u00feola allar ve\u00f0ura\u00f0st\u00e6\u00f0ur. Sterkir \u00e1l- e\u00f0a st\u00e1lrammar veita langvarandi stu\u00f0ning og eru au\u00f0veldir \u00ed uppsetningu \u00e1 \u00f6rf\u00e1um m\u00edn\u00fatum. S\u00e9rsn\u00edddu hvert sm\u00e1atri\u00f0i \u2014 b\u00e6ttu vi\u00f0 litr\u00edku merki, v\u00f6rumerkjaskilabo\u00f0um e\u00f0a \u00e1hrifamiklum myndum me\u00f0 h\u00e1\u00fer\u00f3a\u00f0ri litbrig\u00f0aprentun sem tryggir sk\u00e6rlita og lit\u00feolna \u00fatkomu.<\/p>\n<p>Me\u00f0 ver\u00f0lagningu beint fr\u00e1 verksmi\u00f0ju, skj\u00f3tum afgrei\u00f0slut\u00edma og sendingum um allan heim f\u00e6r\u00f0u ekki bara tjald - \u00fe\u00fa f\u00e6r\u00f0 marka\u00f0st\u00e6ki sem er \u00e1berandi og hanna\u00f0 til a\u00f0 skila \u00e1rangri. Sker\u00f0u \u00feig \u00far h\u00f3pnum me\u00f0 okkar h\u00e1g\u00e6\u00f0a 10\u00d715 s\u00e9rsm\u00ed\u00f0u\u00f0u tjaldi me\u00f0 tjaldhimni.<\/p>","protected":false},"featured_media":2690,"template":"","meta":{"_kad_post_transparent":"default","_kad_post_title":"hide","_kad_post_layout":"normal","_kad_post_sidebar_id":"","_kad_post_content_style":"unboxed","_kad_post_vertical_padding":"hide","_kad_post_feature":"hide","_kad_post_feature_position":"","_kad_post_header":false,"_kad_post_footer":false},"product_cat":[68,76,74],"product_tag":[612,613,611],"class_list":{"0":"post-2686","1":"product","2":"type-product","3":"status-publish","4":"has-post-thumbnail","6":"product_cat-custom-canopy-tents","7":"product_cat-10x15ft-pop-up-tents-50mm-heavy-duty-hexagon-aluminum-tents-custom-canopy-tents","8":"product_cat-50mm-heavy-duty-hexagon-aluminum-tents","9":"product_tag-best-quality-custom-canopy-tent","10":"product_tag-canopy-tent-10x15","11":"product_tag-custom-canopy-tent-10x15","13":"first","14":"instock","15":"shipping-taxable","16":"product-type-simple","17":"entry","18":"content-bg","19":"loop-entry"},"_links":{"self":[{"href":"https:\/\/cmykprinted.com\/is\/wp-json\/wp\/v2\/product\/2686","targetHints":{"allow":["GET"]}}],"collection":[{"href":"https:\/\/cmykprinted.com\/is\/wp-json\/wp\/v2\/product"}],"about":[{"href":"https:\/\/cmykprinted.com\/is\/wp-json\/wp\/v2\/types\/product"}],"version-history":[{"count":1,"href":"https:\/\/cmykprinted.com\/is\/wp-json\/wp\/v2\/product\/2686\/revisions"}],"predecessor-version":[{"id":2688,"href":"https:\/\/cmykprinted.com\/is\/wp-json\/wp\/v2\/product\/2686\/revisions\/2688"}],"wp:featuredmedia":[{"embeddable":true,"href":"https:\/\/cmykprinted.com\/is\/wp-json\/wp\/v2\/media\/2690"}],"wp:attachment":[{"href":"https:\/\/cmykprinted.com\/is\/wp-json\/wp\/v2\/media?parent=2686"}],"wp:term":[{"taxonomy":"product_cat","embeddable":true,"href":"https:\/\/cmykprinted.com\/is\/wp-json\/wp\/v2\/product_cat?post=2686"},{"taxonomy":"product_tag","embeddable":true,"href":"https:\/\/cmykprinted.com\/is\/wp-json\/wp\/v2\/product_tag?post=2686"}],"curies":[{"name":"wp","href":"https:\/\/api.w.org\/{rel}","templated":true}]}}