{"id":2696,"date":"2025-06-16T04:06:39","date_gmt":"2025-06-16T04:06:39","guid":{"rendered":"https:\/\/cmykprinted.com\/?post_type=product&#038;p=2696"},"modified":"2025-06-16T04:08:43","modified_gmt":"2025-06-16T04:08:43","slug":"custom-printed-canopy-tent-10x10-with-free-mock-up","status":"publish","type":"product","link":"https:\/\/cmykprinted.com\/is\/product\/sersnidin-prentud-skylitjald-10x10-med-okeypis-forsyningu\/","title":{"rendered":"S\u00e9rsm\u00ed\u00f0a\u00f0 prenta\u00f0 tjald 10\u00d710 me\u00f0 \u00f3keypis uppger\u00f0"},"content":{"rendered":"","protected":false},"excerpt":{"rendered":"<p>Sker\u00f0u \u00feig \u00far \u00e1 hva\u00f0a vi\u00f0bur\u00f0i sem er me\u00f0 s\u00e9rprentu\u00f0u 300*300 cm tjaldi \u2013 \u00f3keypis uppdr\u00e1ttur fylgir!<\/p>\n<p>Ger\u00f0u v\u00f6rumerki\u00f0 \u00feitt \u00f3missandi me\u00f0 s\u00e9rsni\u00f0nu prentu\u00f0u 10 x 10 tjaldi okkar, fullkomi\u00f0 fyrir vi\u00f0skiptas\u00fdningar, h\u00e1t\u00ed\u00f0ir, \u00fatimarka\u00f0i, \u00ed\u00fer\u00f3ttavi\u00f0bur\u00f0i og fleira. \u00deetta tjald er hanna\u00f0 til a\u00f0 sameina endingu, au\u00f0velda uppsetningu og st\u00f3rkostlega litr\u00edka graf\u00edk og breytir hva\u00f0a r\u00fdmi sem er \u00ed fagmannlegt og \u00e1berandi v\u00f6rumerkjas\u00fdningarsv\u00e6\u00f0i.<\/p>\n<p>1. Fulllitaprenta\u00f0 tjaldhimni - Prenta\u00f0u l\u00f3g\u00f3i\u00f0 \u00feitt, skilabo\u00f0 e\u00f0a listaverk \u00e1 allar hli\u00f0ar til a\u00f0 h\u00e1marka s\u00fdnileika og \u00e1hrif v\u00f6rumerkisins.<br \/>\n2. \u00d3keypis uppdr\u00e1ttur \u00e1\u00f0ur en \u00fe\u00fa kaupir \u2013 F\u00e1\u00f0u raunh\u00e6fa stafr\u00e6na forsko\u00f0un \u00e1 h\u00f6nnuninni \u00feinni \u00e1\u00f0ur en framlei\u00f0sla hefst. Engar \u00e1giskanir, engar \u00f3v\u00e6ntar upp\u00e1komur.<br \/>\n3. Sterkur rammi + Ve\u00f0ur\u00feoli\u00f0 600 D eldf\u00f6st efni \u2013 Hanna\u00f0 til a\u00f0 \u00feola vind, rigningu og s\u00f3l og halda b\u00e1snum \u00fe\u00ednum snyrtilegum.<br \/>\n4. Flj\u00f3tleg og verkf\u00e6ralaus uppsetning \u2013 Settu upp tjaldi\u00f0 \u00e1 nokkrum m\u00edn\u00fatum me\u00f0 notendav\u00e6num sprettiglugga okkar.<br \/>\n5. Tilvalin st\u00e6r\u00f0 10 x 10 \u2013 Fullkomin til a\u00f0 skapa faglega n\u00e6rveru og passa \u00fe\u00e6gilega \u00ed hef\u00f0bundin b\u00e1sr\u00fdmi.<\/p>\n<p>Hvort sem \u00fe\u00fa ert a\u00f0 kynna v\u00f6ru, auka vitund e\u00f0a einfaldlega la\u00f0a a\u00f0 meiri umfer\u00f0, \u00fe\u00e1 gera s\u00e9rsni\u00f0nu prentu\u00f0u tjaldh\u00fdsin okkar v\u00f6rumerki\u00f0 \u00feitt a\u00f0 mi\u00f0punkti athyglinnar \u2014 \u00e1n h\u00f6nnunar\u00e1h\u00e6ttu \u00fe\u00f6kk s\u00e9 \u00f3keypis uppdr\u00e1ttar\u00fej\u00f3nustu okkar!<\/p>\n<p><strong>\u00a0Panta\u00f0u \u00ed dag og l\u00e1ttu tjaldi\u00f0 \u00feitt tala!<\/strong><\/p>","protected":false},"featured_media":2704,"template":"","meta":{"_kad_post_transparent":"default","_kad_post_title":"hide","_kad_post_layout":"normal","_kad_post_sidebar_id":"","_kad_post_content_style":"unboxed","_kad_post_vertical_padding":"hide","_kad_post_feature":"hide","_kad_post_feature_position":"","_kad_post_header":false,"_kad_post_footer":false},"product_cat":[68,76,74],"product_tag":[615,614],"class_list":{"0":"post-2696","1":"product","2":"type-product","3":"status-publish","4":"has-post-thumbnail","6":"product_cat-custom-canopy-tents","7":"product_cat-10x15ft-pop-up-tents-50mm-heavy-duty-hexagon-aluminum-tents-custom-canopy-tents","8":"product_cat-50mm-heavy-duty-hexagon-aluminum-tents","9":"product_tag-custom-printed-canopy-tent","10":"product_tag-custom-printed-canopy-tent-10x10","12":"first","13":"instock","14":"shipping-taxable","15":"product-type-simple","16":"entry","17":"content-bg","18":"loop-entry"},"_links":{"self":[{"href":"https:\/\/cmykprinted.com\/is\/wp-json\/wp\/v2\/product\/2696","targetHints":{"allow":["GET"]}}],"collection":[{"href":"https:\/\/cmykprinted.com\/is\/wp-json\/wp\/v2\/product"}],"about":[{"href":"https:\/\/cmykprinted.com\/is\/wp-json\/wp\/v2\/types\/product"}],"version-history":[{"count":1,"href":"https:\/\/cmykprinted.com\/is\/wp-json\/wp\/v2\/product\/2696\/revisions"}],"predecessor-version":[{"id":2703,"href":"https:\/\/cmykprinted.com\/is\/wp-json\/wp\/v2\/product\/2696\/revisions\/2703"}],"wp:featuredmedia":[{"embeddable":true,"href":"https:\/\/cmykprinted.com\/is\/wp-json\/wp\/v2\/media\/2704"}],"wp:attachment":[{"href":"https:\/\/cmykprinted.com\/is\/wp-json\/wp\/v2\/media?parent=2696"}],"wp:term":[{"taxonomy":"product_cat","embeddable":true,"href":"https:\/\/cmykprinted.com\/is\/wp-json\/wp\/v2\/product_cat?post=2696"},{"taxonomy":"product_tag","embeddable":true,"href":"https:\/\/cmykprinted.com\/is\/wp-json\/wp\/v2\/product_tag?post=2696"}],"curies":[{"name":"wp","href":"https:\/\/api.w.org\/{rel}","templated":true}]}}