{"id":2705,"date":"2025-06-18T08:15:16","date_gmt":"2025-06-18T08:15:16","guid":{"rendered":"https:\/\/cmykprinted.com\/?post_type=product&#038;p=2705"},"modified":"2025-06-23T02:43:20","modified_gmt":"2025-06-23T02:43:20","slug":"3d-metal-transfer-stickers","status":"publish","type":"product","link":"https:\/\/cmykprinted.com\/is\/product\/sersnidnir-3d-malmflutningslimbelgir-med-thinu-eigin-listaverki\/","title":{"rendered":"S\u00e9rsni\u00f0nir-3D-m\u00e1lmflutningsl\u00edmbelgir-me\u00f0-\u00fe\u00ednu-eigin-listaverki"},"content":{"rendered":"","protected":false},"excerpt":{"rendered":"<p>L\u00e1ttu v\u00f6rumerki\u00f0 \u00feitt skera sig \u00far me\u00f0 s\u00e9rsni\u00f0num 3D m\u00e1lml\u00edmmi\u00f0um \u2013 Hanna\u00f0 af \u00fe\u00e9r, sm\u00ed\u00f0a\u00f0 til a\u00f0 vekja hrifningu<\/p>\n<p>B\u00e6ttu vi\u00f0 h\u00e1g\u00e6\u00f0a og \u00e1berandi \u00e1fer\u00f0 \u00e1 v\u00f6rur \u00fe\u00ednar, umb\u00fa\u00f0ir e\u00f0a kynningarv\u00f6rur me\u00f0 s\u00e9rsni\u00f0num 3D m\u00e1lml\u00edmmi\u00f0um me\u00f0 \u00fe\u00ednu eigin listaverki. \u00deessir gl\u00e6silegu m\u00e1lmmerki bj\u00f3\u00f0a upp \u00e1 h\u00e1g\u00e6\u00f0a og fagmannlegt \u00fatlit sem lyftir v\u00f6rumerkinu \u00fe\u00ednu samstundis. Hvort sem \u00fe\u00fa ert a\u00f0 setja \u00fe\u00e1 \u00e1 fart\u00f6lvur, raft\u00e6ki, b\u00edlavarahluti e\u00f0a sm\u00e1s\u00f6luv\u00f6rur, \u00fe\u00e1 skapa \u00feessir m\u00e1lml\u00edmmi\u00f0ar dj\u00f6rf yfirl\u00fdsing um g\u00e6\u00f0i og h\u00f6nnun.<\/p>\n<p>\u00der\u00edv\u00edddarl\u00edmmi\u00f0arnir okkar eru sm\u00ed\u00f0a\u00f0ir \u00far endingarg\u00f3\u00f0um, ve\u00f0ur\u00feolnum efnum eins og kr\u00f3mi, burstu\u00f0u \u00e1li e\u00f0a ry\u00f0fr\u00edu st\u00e1li og eru ekki bara til a\u00f0 l\u00edta vel \u00fat - \u00feeir eru hanna\u00f0ir til a\u00f0 endast. Hvert stykki er n\u00e1kv\u00e6mlega skori\u00f0 og kemur me\u00f0 sterku l\u00edmi og au\u00f0flettanlegri filmu sem tryggir loftb\u00f3lulausa og kl\u00fa\u00f0urslausa \u00e1setningu \u00ed hvert skipti.<\/p>\n<p>Engin l\u00e1gmarksp\u00f6ntun. Hr\u00f6\u00f0 afgrei\u00f0slut\u00edmi. \u00d3keypis stafr\u00e6nar uppdr\u00e1ttarteikningar. Sendu inn l\u00f3g\u00f3i\u00f0 \u00feitt e\u00f0a s\u00e9rsni\u00f0na h\u00f6nnun \u00ed dag og breyttu skapandi s\u00fdn \u00feinni \u00ed \u00e1hrifamikla m\u00e1lmkennda veruleika.<\/p>\n<div style=\"width: 726px;\" class=\"wp-video\"><!--[if lt IE 9]><script>document.createElement('video');<\/script><![endif]--><br \/>\n<video class=\"wp-video-shortcode\" id=\"video-2705-1\" width=\"726\" height=\"720\" preload=\"metadata\" controls=\"controls\"><source type=\"video\/mp4\" src=\"https:\/\/cmykprinted.com\/wp-content\/uploads\/2025\/06\/3d-Metal-Transfer-Stickers.mp4?_=1\" \/><a href=\"https:\/\/cmykprinted.com\/wp-content\/uploads\/2025\/06\/3d-Metal-Transfer-Stickers.mp4\">https:\/\/cmykprinted.com\/wp-content\/uploads\/2025\/06\/3d-Metal-Transfer-Stickers.mp4<\/a><\/video><\/div>","protected":false},"featured_media":2711,"template":"","meta":{"_kad_post_transparent":"default","_kad_post_title":"hide","_kad_post_layout":"fullwidth","_kad_post_sidebar_id":"","_kad_post_content_style":"unboxed","_kad_post_vertical_padding":"hide","_kad_post_feature":"hide","_kad_post_feature_position":"","_kad_post_header":false,"_kad_post_footer":false},"product_cat":[101,102],"product_tag":[299,618,617,616],"class_list":{"0":"post-2705","1":"product","2":"type-product","3":"status-publish","4":"has-post-thumbnail","6":"product_cat-transfer-stickers","7":"product_cat-metal-transfer-stickers","8":"product_tag-3d-metal-transfer-stickers","9":"product_tag-custom-3d-metal-transfer-stickers","10":"product_tag-metallic-transfer-sticker","11":"product_tag-transfer-sticker","13":"first","14":"instock","15":"shipping-taxable","16":"product-type-simple","17":"entry","18":"content-bg","19":"loop-entry"},"_links":{"self":[{"href":"https:\/\/cmykprinted.com\/is\/wp-json\/wp\/v2\/product\/2705","targetHints":{"allow":["GET"]}}],"collection":[{"href":"https:\/\/cmykprinted.com\/is\/wp-json\/wp\/v2\/product"}],"about":[{"href":"https:\/\/cmykprinted.com\/is\/wp-json\/wp\/v2\/types\/product"}],"version-history":[{"count":1,"href":"https:\/\/cmykprinted.com\/is\/wp-json\/wp\/v2\/product\/2705\/revisions"}],"predecessor-version":[{"id":2714,"href":"https:\/\/cmykprinted.com\/is\/wp-json\/wp\/v2\/product\/2705\/revisions\/2714"}],"wp:featuredmedia":[{"embeddable":true,"href":"https:\/\/cmykprinted.com\/is\/wp-json\/wp\/v2\/media\/2711"}],"wp:attachment":[{"href":"https:\/\/cmykprinted.com\/is\/wp-json\/wp\/v2\/media?parent=2705"}],"wp:term":[{"taxonomy":"product_cat","embeddable":true,"href":"https:\/\/cmykprinted.com\/is\/wp-json\/wp\/v2\/product_cat?post=2705"},{"taxonomy":"product_tag","embeddable":true,"href":"https:\/\/cmykprinted.com\/is\/wp-json\/wp\/v2\/product_tag?post=2705"}],"curies":[{"name":"wp","href":"https:\/\/api.w.org\/{rel}","templated":true}]}}