{"id":2716,"date":"2025-06-23T02:33:41","date_gmt":"2025-06-23T02:33:41","guid":{"rendered":"https:\/\/cmykprinted.com\/?post_type=product&#038;p=2716"},"modified":"2025-06-23T02:33:41","modified_gmt":"2025-06-23T02:33:41","slug":"logo-transfer-stickers","status":"publish","type":"product","link":"https:\/\/cmykprinted.com\/is\/product\/merki-flutnings-limmidar\/","title":{"rendered":"S\u00e9rsni\u00f0in m\u00e1lmnikkelmerki me\u00f0 flutningsl\u00edmmi\u00f0um fr\u00e1 K\u00edna"},"content":{"rendered":"","protected":false},"excerpt":{"rendered":"<p>Viltu l\u00e1ta v\u00f6rumerki\u00f0 \u00feitt skera sig \u00far me\u00f0 gl\u00e6silegri og h\u00e1g\u00e6\u00f0a \u00e1fer\u00f0? S\u00e9rsni\u00f0nu m\u00e1lml\u00edmmi\u00f0arnir okkar me\u00f0 nikkelmerki eru hin fullkomna lausn fyrir fyrirt\u00e6ki sem krefjast g\u00e6\u00f0a, endingar og sj\u00f3nr\u00e6ns \u00e1hrifa. \u00deessir l\u00edmmi\u00f0ar eru framleiddir \u00ed K\u00edna me\u00f0 h\u00e1\u00fer\u00f3a\u00f0ri rafm\u00f3tunart\u00e6kni og eru \u00far afar \u00feunnu, l\u00e9ttu nikkelefni me\u00f0 gl\u00e6silegri m\u00e1lm\u00e1fer\u00f0 \u2014 f\u00e1anlegir \u00ed silfri, gulli, mattri, glansandi e\u00f0a burstu\u00f0um \u00e1fer\u00f0.<\/p>\n<p>\u00deessir l\u00edmmi\u00f0ar eru tilvaldir fyrir fart\u00f6lvur, raft\u00e6ki, umb\u00fa\u00f0ir, heimilist\u00e6ki, kynningarv\u00f6rur, snyrtiv\u00f6ruumb\u00fa\u00f0ir, ilmvatnsfl\u00f6skur, kertaumb\u00fa\u00f0akassa og fleira. \u00deeir eru au\u00f0veldir \u00ed notkun me\u00f0 sterku l\u00edmi og skilja ekki eftir \u00f3hreinar leifar. Hvert merki er s\u00e9rsni\u00f0i\u00f0 me\u00f0 sk\u00fdrum sm\u00e1atri\u00f0um, sem tryggir hreint og faglegt \u00fatlit \u00e1 hva\u00f0a sl\u00e9ttu yfirbor\u00f0i sem er.<\/p>\n<p>L\u00e1gmarksfj\u00f6ldi pantana er l\u00e1gur, magnafsl\u00e6ttir eru \u00ed bo\u00f0i og hra\u00f0ur al\u00fej\u00f3\u00f0legur sendingarkostna\u00f0ur tryggir t\u00edmanlega afhendingu. Hvort sem \u00fe\u00fa ert sprotafyrirt\u00e6ki e\u00f0a r\u00f3tgr\u00f3i\u00f0 v\u00f6rumerki, veldu g\u00e6\u00f0i framleidd \u00ed K\u00edna sem \u00fe\u00fa getur treyst - f\u00e1ga\u00f0, hagkv\u00e6mt og hanna\u00f0 til a\u00f0 vekja hrifningu.<\/p>\n<div style=\"width: 726px;\" class=\"wp-video\"><!--[if lt IE 9]><script>document.createElement('video');<\/script><![endif]--><br \/>\n<video class=\"wp-video-shortcode\" id=\"video-2716-1\" width=\"726\" height=\"720\" preload=\"metadata\" controls=\"controls\"><source type=\"video\/mp4\" src=\"https:\/\/cmykprinted.com\/wp-content\/uploads\/2025\/06\/3d-Metal-Transfer-Stickers.mp4?_=1\" \/><a href=\"https:\/\/cmykprinted.com\/wp-content\/uploads\/2025\/06\/3d-Metal-Transfer-Stickers.mp4\">https:\/\/cmykprinted.com\/wp-content\/uploads\/2025\/06\/3d-Metal-Transfer-Stickers.mp4<\/a><\/video><\/div>","protected":false},"featured_media":2717,"template":"","meta":{"_kad_post_transparent":"default","_kad_post_title":"hide","_kad_post_layout":"fullwidth","_kad_post_sidebar_id":"","_kad_post_content_style":"unboxed","_kad_post_vertical_padding":"hide","_kad_post_feature":"hide","_kad_post_feature_position":"","_kad_post_header":false,"_kad_post_footer":false},"product_cat":[101,102],"product_tag":[620,619,621],"class_list":{"0":"post-2716","1":"product","2":"type-product","3":"status-publish","4":"has-post-thumbnail","6":"product_cat-transfer-stickers","7":"product_cat-metal-transfer-stickers","8":"product_tag-custom-logo-transfer-stickers","9":"product_tag-logo-transfer-stickers","10":"product_tag-metal-nickle-logo-transfer-stickers","12":"first","13":"instock","14":"shipping-taxable","15":"product-type-simple","16":"entry","17":"content-bg","18":"loop-entry"},"_links":{"self":[{"href":"https:\/\/cmykprinted.com\/is\/wp-json\/wp\/v2\/product\/2716","targetHints":{"allow":["GET"]}}],"collection":[{"href":"https:\/\/cmykprinted.com\/is\/wp-json\/wp\/v2\/product"}],"about":[{"href":"https:\/\/cmykprinted.com\/is\/wp-json\/wp\/v2\/types\/product"}],"version-history":[{"count":1,"href":"https:\/\/cmykprinted.com\/is\/wp-json\/wp\/v2\/product\/2716\/revisions"}],"predecessor-version":[{"id":2722,"href":"https:\/\/cmykprinted.com\/is\/wp-json\/wp\/v2\/product\/2716\/revisions\/2722"}],"wp:featuredmedia":[{"embeddable":true,"href":"https:\/\/cmykprinted.com\/is\/wp-json\/wp\/v2\/media\/2717"}],"wp:attachment":[{"href":"https:\/\/cmykprinted.com\/is\/wp-json\/wp\/v2\/media?parent=2716"}],"wp:term":[{"taxonomy":"product_cat","embeddable":true,"href":"https:\/\/cmykprinted.com\/is\/wp-json\/wp\/v2\/product_cat?post=2716"},{"taxonomy":"product_tag","embeddable":true,"href":"https:\/\/cmykprinted.com\/is\/wp-json\/wp\/v2\/product_tag?post=2716"}],"curies":[{"name":"wp","href":"https:\/\/api.w.org\/{rel}","templated":true}]}}