{"id":2723,"date":"2025-06-27T03:53:26","date_gmt":"2025-06-27T03:53:26","guid":{"rendered":"https:\/\/cmykprinted.com\/?post_type=product&#038;p=2723"},"modified":"2025-06-27T06:33:48","modified_gmt":"2025-06-27T06:33:48","slug":"custom-made-football-flags","status":"publish","type":"product","link":"https:\/\/cmykprinted.com\/is\/product\/sersmidadir-fotbolta-fanar\/","title":{"rendered":"St\u00f3rir s\u00e9rsm\u00ed\u00f0a\u00f0ir f\u00f3tboltaf\u00e1nar bor\u00f0ar me\u00f0 \u00f3d\u00fdru ver\u00f0i"},"content":{"rendered":"","protected":false},"excerpt":{"rendered":"<p>Viltu s\u00fdna fram \u00e1 f\u00f3tboltastolt \u00feinn \u00e1 st\u00f3ran h\u00e1tt? St\u00f3ru s\u00e9rsm\u00ed\u00f0u\u00f0u f\u00f3tboltaf\u00e1narnir okkar eru hin fullkomna lausn fyrir \u00e1str\u00ed\u00f0ufulla a\u00f0d\u00e1endur, f\u00e9l\u00f6g e\u00f0a vi\u00f0bur\u00f0arskipuleggjendur sem vilja l\u00e1ta til s\u00edn taka. \u00deessir bor\u00f0ar eru \u00far h\u00e1g\u00e6\u00f0a, endingarg\u00f3\u00f0u p\u00f3l\u00fdesterefni, \u00feola \u00fativeru og halda s\u00e9r sk\u00e6rum \u00e1rst\u00ed\u00f0abundi\u00f0.<\/p>\n<p>Vi\u00f0 bj\u00f3\u00f0um upp \u00e1 fulla s\u00e9rstillingu \u2014 veldu li\u00f0sliti, l\u00f3g\u00f3, slagor\u00f0 og hva\u00f0a einstaka h\u00f6nnun sem er til a\u00f0 b\u00faa til f\u00e1na sem endurspegla sannarlega f\u00f3tboltaandann. Hvort sem \u00fe\u00fa ert a\u00f0 skreyta leikvanga, a\u00f0d\u00e1endasv\u00e6\u00f0i, \u00ed\u00fer\u00f3ttabari e\u00f0a \u00fativi\u00f0bur\u00f0i, \u00fe\u00e1 tryggir h\u00e1skerpuprentun okkar skarpa graf\u00edk og \u00e1berandi liti sem skera sig \u00far fj\u00f6ldanum.<\/p>\n<p>\u00der\u00e1tt fyrir gl\u00e6silega st\u00e6r\u00f0 og g\u00e6\u00f0i tryggjum vi\u00f0 mj\u00f6g samkeppnish\u00e6f ver\u00f0 sem henta \u00f6llum fj\u00e1rhags\u00e1\u00e6tlunum, sem gerir \u00fea\u00f0 au\u00f0veldara en nokkru sinni fyrr a\u00f0 panta \u00ed lausu magni fyrir m\u00f3t, deildir e\u00f0a kynningarherfer\u00f0ir. Hra\u00f0ur afgrei\u00f0slut\u00edmi og sendingar um allan heim \u00fe\u00fd\u00f0ir a\u00f0 \u00fe\u00fa f\u00e6r\u00f0 bor\u00f0ana \u00fe\u00edna \u00e1 r\u00e9ttum t\u00edma, hvar sem \u00fe\u00fa ert.<\/p>\n<p>L\u00e1ttu \u00fe\u00e9r ekki n\u00e6gja venjulegt. S\u00fdndu \u00e1str\u00ed\u00f0u li\u00f0sins \u00fe\u00edns h\u00e1tt og stolt me\u00f0 st\u00f3rum s\u00e9rsm\u00ed\u00f0u\u00f0um f\u00f3tboltaf\u00e1num okkar - \u00farvalsg\u00e6\u00f0i \u00e1n \u00feess a\u00f0 \u00fea\u00f0 kosti aukalega!<\/p>\n<div style=\"width: 854px;\" class=\"wp-video\"><!--[if lt IE 9]><script>document.createElement('video');<\/script><![endif]--><br \/>\n<video class=\"wp-video-shortcode\" id=\"video-2723-1\" width=\"854\" height=\"480\" preload=\"metadata\" controls=\"controls\"><source type=\"video\/mp4\" src=\"https:\/\/cmykprinted.com\/wp-content\/uploads\/2025\/06\/Large-Flag-Banner-for-Football-Events.mp4?_=1\" \/><a href=\"https:\/\/cmykprinted.com\/wp-content\/uploads\/2025\/06\/Large-Flag-Banner-for-Football-Events.mp4\">https:\/\/cmykprinted.com\/wp-content\/uploads\/2025\/06\/Large-Flag-Banner-for-Football-Events.mp4<\/a><\/video><\/div>","protected":false},"featured_media":2724,"template":"","meta":{"_kad_post_transparent":"default","_kad_post_title":"hide","_kad_post_layout":"fullwidth","_kad_post_sidebar_id":"","_kad_post_content_style":"unboxed","_kad_post_vertical_padding":"hide","_kad_post_feature":"hide","_kad_post_feature_position":"","_kad_post_header":false,"_kad_post_footer":false},"product_cat":[79],"product_tag":[625,622,626,624,623],"class_list":{"0":"post-2723","1":"product","2":"type-product","3":"status-publish","4":"has-post-thumbnail","6":"product_cat-custom-flags","7":"product_tag-custom-football-flags","8":"product_tag-custom-made-football-flags","9":"product_tag-custom-made-sports-flags","10":"product_tag-large-size-flags","11":"product_tag-sports-flags-banners","13":"first","14":"instock","15":"shipping-taxable","16":"product-type-simple","17":"entry","18":"content-bg","19":"loop-entry"},"_links":{"self":[{"href":"https:\/\/cmykprinted.com\/is\/wp-json\/wp\/v2\/product\/2723","targetHints":{"allow":["GET"]}}],"collection":[{"href":"https:\/\/cmykprinted.com\/is\/wp-json\/wp\/v2\/product"}],"about":[{"href":"https:\/\/cmykprinted.com\/is\/wp-json\/wp\/v2\/types\/product"}],"version-history":[{"count":5,"href":"https:\/\/cmykprinted.com\/is\/wp-json\/wp\/v2\/product\/2723\/revisions"}],"predecessor-version":[{"id":2743,"href":"https:\/\/cmykprinted.com\/is\/wp-json\/wp\/v2\/product\/2723\/revisions\/2743"}],"wp:featuredmedia":[{"embeddable":true,"href":"https:\/\/cmykprinted.com\/is\/wp-json\/wp\/v2\/media\/2724"}],"wp:attachment":[{"href":"https:\/\/cmykprinted.com\/is\/wp-json\/wp\/v2\/media?parent=2723"}],"wp:term":[{"taxonomy":"product_cat","embeddable":true,"href":"https:\/\/cmykprinted.com\/is\/wp-json\/wp\/v2\/product_cat?post=2723"},{"taxonomy":"product_tag","embeddable":true,"href":"https:\/\/cmykprinted.com\/is\/wp-json\/wp\/v2\/product_tag?post=2723"}],"curies":[{"name":"wp","href":"https:\/\/api.w.org\/{rel}","templated":true}]}}