{"id":2738,"date":"2025-06-27T06:28:32","date_gmt":"2025-06-27T06:28:32","guid":{"rendered":"https:\/\/cmykprinted.com\/?post_type=product&#038;p=2738"},"modified":"2025-06-27T06:28:33","modified_gmt":"2025-06-27T06:28:33","slug":"business-flags","status":"publish","type":"product","link":"https:\/\/cmykprinted.com\/is\/product\/fyrirtaekja-fanar\/","title":{"rendered":"S\u00e9rsni\u00f0in t\u00e1radropa vi\u00f0skiptaf\u00e1nar me\u00f0 24 klukkustunda afgrei\u00f0slut\u00edma"},"content":{"rendered":"","protected":false},"excerpt":{"rendered":"<p><strong>Sker\u00f0u \u00feig \u00far samstundis me\u00f0 s\u00e9rsni\u00f0num t\u00e1radropalaga vi\u00f0skiptaf\u00e1num \u2013 Afhent \u00e1 a\u00f0eins 24 klukkustundum!<\/strong><\/p>\n<p>Viltu a\u00f0 fyrirt\u00e6ki\u00f0 \u00feitt veki athygli flj\u00f3tt? S\u00e9rsni\u00f0nu t\u00e1rdropaformu\u00f0u vi\u00f0skiptaf\u00e1narnir okkar eru hin fullkomna lausn til a\u00f0 s\u00fdna v\u00f6rumerki\u00f0 \u00feitt, kynningar e\u00f0a vi\u00f0bur\u00f0i. \u00deessir f\u00e1nar eru hanna\u00f0ir til a\u00f0 h\u00e1marka s\u00fdnileika og eru me\u00f0 gl\u00e6silega, n\u00fat\u00edmalega l\u00f6gun sem blaktir fallega og la\u00f0ar a\u00f0 s\u00e9r augu \u00far \u00f6llum \u00e1ttum.<\/p>\n<p>Vi\u00f0 bj\u00f3\u00f0um upp \u00e1 prentun \u00ed fullum litum og h\u00e1rri upplausn \u00e1 \u00farvals p\u00f3l\u00fdesterefni, sem tryggir a\u00f0 l\u00f3g\u00f3, slagor\u00f0 og graf\u00edk l\u00edti l\u00edfleg og fagmannleg \u00fat. Me\u00f0 fj\u00f6lbreyttum st\u00e6r\u00f0um \u00ed bo\u00f0i getur\u00f0u vali\u00f0 fullkomna h\u00e6\u00f0 og breidd sem hentar verslunarglugga \u00fe\u00ednum, s\u00fdningarb\u00e1s, \u00fativi\u00f0bur\u00f0i e\u00f0a s\u00fdningu vi\u00f0 vegkantinn.<\/p>\n<p>\u00dea\u00f0 besta er a\u00f0 vi\u00f0 bj\u00f3\u00f0um upp \u00e1 \u00f3vi\u00f0jafnanlega 24 t\u00edma afgrei\u00f0slut\u00edma, \u00feannig a\u00f0 \u00fe\u00fa getir sta\u00f0i\u00f0 vi\u00f0 \u00fer\u00f6nga fresti \u00e1n \u00feess a\u00f0 f\u00f3rna g\u00e6\u00f0um. Fr\u00e1 h\u00f6nnunarsam\u00feykki til framlei\u00f0slu tryggir strauml\u00ednulaga\u00f0a ferli\u00f0 okkar a\u00f0 f\u00e1narnir \u00fe\u00ednir s\u00e9u sendir hratt og hj\u00e1lpar \u00fe\u00e9r a\u00f0 gr\u00edpa t\u00e6kif\u00e6ri \u00e1n tafar.<\/p>\n<p>Hagst\u00e6tt ver\u00f0, endingargott efni og au\u00f0veld samsetning gera s\u00e9rsni\u00f0nu t\u00e1rdropa vi\u00f0skiptaf\u00e1nana okkar a\u00f0 fullkomnu marka\u00f0st\u00e6ki fyrir \u00f6ll fyrirt\u00e6ki sem eru tilb\u00fain a\u00f0 l\u00e1ta til s\u00edn taka - hratt!<\/p>\n<div style=\"width: 1290px;\" class=\"wp-video\"><!--[if lt IE 9]><script>document.createElement('video');<\/script><![endif]--><br \/>\n<video class=\"wp-video-shortcode\" id=\"video-2738-1\" width=\"1290\" height=\"726\" poster=\"https:\/\/cmykprinted.com\/wp-content\/uploads\/2023\/10\/Wholesale-Teardrop-Flags-1026002.jpg\" preload=\"metadata\" controls=\"controls\"><source type=\"video\/mp4\" src=\"https:\/\/cmykprinted.com\/wp-content\/uploads\/2023\/10\/Wholesale-Teardrop-Flags.mp4?_=1\" \/><a href=\"https:\/\/cmykprinted.com\/wp-content\/uploads\/2023\/10\/Wholesale-Teardrop-Flags.mp4\">https:\/\/cmykprinted.com\/wp-content\/uploads\/2023\/10\/Wholesale-Teardrop-Flags.mp4<\/a><\/video><\/div>","protected":false},"featured_media":2741,"template":"","meta":{"_kad_post_transparent":"default","_kad_post_title":"hide","_kad_post_layout":"fullwidth","_kad_post_sidebar_id":"","_kad_post_content_style":"unboxed","_kad_post_vertical_padding":"hide","_kad_post_feature":"hide","_kad_post_feature_position":"","_kad_post_header":false,"_kad_post_footer":false},"product_cat":[64,67],"product_tag":[627,629,628],"class_list":{"0":"post-2738","1":"product","2":"type-product","3":"status-publish","4":"has-post-thumbnail","6":"product_cat-beach-flags","7":"product_cat-teardrop-flags-banners","8":"product_tag-business-flags","9":"product_tag-custom-business-flags","10":"product_tag-teardrop-business-flags","12":"first","13":"instock","14":"shipping-taxable","15":"product-type-simple","16":"entry","17":"content-bg","18":"loop-entry"},"_links":{"self":[{"href":"https:\/\/cmykprinted.com\/is\/wp-json\/wp\/v2\/product\/2738","targetHints":{"allow":["GET"]}}],"collection":[{"href":"https:\/\/cmykprinted.com\/is\/wp-json\/wp\/v2\/product"}],"about":[{"href":"https:\/\/cmykprinted.com\/is\/wp-json\/wp\/v2\/types\/product"}],"version-history":[{"count":1,"href":"https:\/\/cmykprinted.com\/is\/wp-json\/wp\/v2\/product\/2738\/revisions"}],"predecessor-version":[{"id":2742,"href":"https:\/\/cmykprinted.com\/is\/wp-json\/wp\/v2\/product\/2738\/revisions\/2742"}],"wp:featuredmedia":[{"embeddable":true,"href":"https:\/\/cmykprinted.com\/is\/wp-json\/wp\/v2\/media\/2741"}],"wp:attachment":[{"href":"https:\/\/cmykprinted.com\/is\/wp-json\/wp\/v2\/media?parent=2738"}],"wp:term":[{"taxonomy":"product_cat","embeddable":true,"href":"https:\/\/cmykprinted.com\/is\/wp-json\/wp\/v2\/product_cat?post=2738"},{"taxonomy":"product_tag","embeddable":true,"href":"https:\/\/cmykprinted.com\/is\/wp-json\/wp\/v2\/product_tag?post=2738"}],"curies":[{"name":"wp","href":"https:\/\/api.w.org\/{rel}","templated":true}]}}