{"id":2745,"date":"2025-07-01T12:15:17","date_gmt":"2025-07-01T12:15:17","guid":{"rendered":"https:\/\/cmykprinted.com\/?post_type=product&#038;p=2745"},"modified":"2025-07-01T12:35:43","modified_gmt":"2025-07-01T12:35:43","slug":"display-signs-for-trade-shows","status":"publish","type":"product","link":"https:\/\/cmykprinted.com\/is\/product\/syningar-skilti-fyrir-syningar\/","title":{"rendered":"S\u00e9rsni\u00f0in d\u00fakaskilti fyrir vi\u00f0skiptas\u00fdningar me\u00f0 48 klukkustunda afgrei\u00f0slut\u00edma"},"content":{"rendered":"","protected":false},"excerpt":{"rendered":"<p>L\u00e1ttu v\u00f6rumerki\u00f0 \u00feitt skera sig \u00far \u00e1 vi\u00f0skiptas\u00fdningum me\u00f0 s\u00e9rsni\u00f0num d\u00fakskiltum okkar, sem eru hanna\u00f0ir til a\u00f0 skila l\u00edflegri mynd og faglegri \u00e1hrifum. \u00deessir skilt eru framleiddir \u00ed h\u00e1\u00fer\u00f3a\u00f0ri framlei\u00f0slua\u00f0st\u00f6\u00f0u okkar og eru me\u00f0 h\u00e1g\u00e6\u00f0a litbrig\u00f0aprentun \u00e1 \u00farvals efnum eins og 250 gsm p\u00f3l\u00fdester, sem tryggir sk\u00e6ra liti og hrukkav\u00f6rn.<\/p>\n<p>Fr\u00e1 s\u00e9rsni\u00f0num d\u00fakskiltum fyrir vi\u00f0skiptas\u00fdningar til hengibor\u00f0a og bor\u00f0s\u00fdninga, bj\u00f3\u00f0um vi\u00f0 upp \u00e1 fj\u00f6lbreytt \u00farval af s\u00e9rsni\u00f0num st\u00e6r\u00f0um og ger\u00f0um sem passa vi\u00f0 b\u00e1sh\u00f6nnun \u00fe\u00edna. L\u00e9tt og au\u00f0veld \u00ed samsetningu, d\u00fakskiltin okkar eru tilvalin fyrir flj\u00f3tlega uppsetningu og flutning, sem sparar \u00fe\u00e9r t\u00edma og fyrirh\u00f6fn \u00e1 annas\u00f6mum vi\u00f0bur\u00f0um.<\/p>\n<p>Nj\u00f3ttu sannkalla\u00f0s ver\u00f0s beint fr\u00e1 verksmi\u00f0ju \u00e1n \u00feess a\u00f0 f\u00f3rna g\u00e6\u00f0um. Hvort sem \u00fe\u00fa \u00fearft eina s\u00fdningu e\u00f0a magnframlei\u00f0slu, \u00fe\u00e1 tryggjum vi\u00f0 samkeppnish\u00e6f ver\u00f0, hra\u00f0an afgrei\u00f0slut\u00edma og sendingar um allan heim. Kynntu v\u00f6rumerki\u00f0 \u00feitt me\u00f0 s\u00e9rsni\u00f0num s\u00fdningarskiltum \u00far efni sem vekja athygli og skapa varanleg \u00e1hrif \u00e1 hverja vi\u00f0skiptas\u00fdningu!<\/p>\n<div style=\"width: 720px;\" class=\"wp-video\"><!--[if lt IE 9]><script>document.createElement('video');<\/script><![endif]--><br \/>\n<video class=\"wp-video-shortcode\" id=\"video-2745-1\" width=\"720\" height=\"1280\" preload=\"metadata\" controls=\"controls\"><source type=\"video\/mp4\" src=\"https:\/\/cmykprinted.com\/wp-content\/uploads\/2025\/07\/Instruction-Installation-Custom-Pillowcase-Backdrop.mp4?_=1\" \/><a href=\"https:\/\/cmykprinted.com\/wp-content\/uploads\/2025\/07\/Instruction-Installation-Custom-Pillowcase-Backdrop.mp4\">https:\/\/cmykprinted.com\/wp-content\/uploads\/2025\/07\/Instruction-Installation-Custom-Pillowcase-Backdrop.mp4<\/a><\/video><\/div>\n<p>&nbsp;<\/p>","protected":false},"featured_media":2751,"template":"","meta":{"_kad_post_transparent":"default","_kad_post_title":"hide","_kad_post_layout":"fullwidth","_kad_post_sidebar_id":"","_kad_post_content_style":"unboxed","_kad_post_vertical_padding":"hide","_kad_post_feature":"hide","_kad_post_feature_position":"","_kad_post_header":false,"_kad_post_footer":false},"product_cat":[97,99],"product_tag":[632,630,631],"class_list":{"0":"post-2745","1":"product","2":"type-product","3":"status-publish","4":"has-post-thumbnail","6":"product_cat-tension-fabric-displays","7":"product_cat-custom-fabric-displays","8":"product_tag-custom-fabric-display-signs","9":"product_tag-display-signs-for-trade-shows","10":"product_tag-fabric-display-signs","12":"first","13":"instock","14":"shipping-taxable","15":"product-type-simple","16":"entry","17":"content-bg","18":"loop-entry"},"_links":{"self":[{"href":"https:\/\/cmykprinted.com\/is\/wp-json\/wp\/v2\/product\/2745","targetHints":{"allow":["GET"]}}],"collection":[{"href":"https:\/\/cmykprinted.com\/is\/wp-json\/wp\/v2\/product"}],"about":[{"href":"https:\/\/cmykprinted.com\/is\/wp-json\/wp\/v2\/types\/product"}],"version-history":[{"count":1,"href":"https:\/\/cmykprinted.com\/is\/wp-json\/wp\/v2\/product\/2745\/revisions"}],"predecessor-version":[{"id":2756,"href":"https:\/\/cmykprinted.com\/is\/wp-json\/wp\/v2\/product\/2745\/revisions\/2756"}],"wp:featuredmedia":[{"embeddable":true,"href":"https:\/\/cmykprinted.com\/is\/wp-json\/wp\/v2\/media\/2751"}],"wp:attachment":[{"href":"https:\/\/cmykprinted.com\/is\/wp-json\/wp\/v2\/media?parent=2745"}],"wp:term":[{"taxonomy":"product_cat","embeddable":true,"href":"https:\/\/cmykprinted.com\/is\/wp-json\/wp\/v2\/product_cat?post=2745"},{"taxonomy":"product_tag","embeddable":true,"href":"https:\/\/cmykprinted.com\/is\/wp-json\/wp\/v2\/product_tag?post=2745"}],"curies":[{"name":"wp","href":"https:\/\/api.w.org\/{rel}","templated":true}]}}