{"id":2776,"date":"2025-07-03T08:36:07","date_gmt":"2025-07-03T08:36:07","guid":{"rendered":"https:\/\/cmykprinted.com\/?post_type=product&#038;p=2776"},"modified":"2025-07-03T08:41:55","modified_gmt":"2025-07-03T08:41:55","slug":"street-pole-banners","status":"publish","type":"product","link":"https:\/\/cmykprinted.com\/is\/product\/bordar-fyrir-gotustolpa\/","title":{"rendered":"H\u00e1g\u00e6\u00f0a g\u00f6tustangarbor\u00f0ar me\u00f0 \u00f3d\u00fdru verksmi\u00f0juver\u00f0i"},"content":{"rendered":"","protected":false},"excerpt":{"rendered":"<p>Ger\u00f0u g\u00f6turnar \u00fe\u00ednar l\u00edflegar og bo\u00f0skapinn \u00feinn \u00e1berandi me\u00f0 h\u00e1g\u00e6\u00f0a g\u00f6tust\u00f6ngubor\u00f0um okkar sem eru \u00ed bo\u00f0i \u00e1 \u00f3vi\u00f0jafnanlegu verksmi\u00f0juver\u00f0i! \u00deessir bor\u00f0ar eru sm\u00ed\u00f0a\u00f0ir \u00far endingarg\u00f3\u00f0u, ve\u00f0ur\u00feolnu efni eins og \u00feungu v\u00ednyl e\u00f0a p\u00f3l\u00fdesterefni og eru hanna\u00f0ir til a\u00f0 \u00feola s\u00f3l, vind, rigningu og snj\u00f3, sem tryggir langvarandi notkun utandyra.<\/p>\n<p>Prenta\u00f0ir \u00ed sk\u00e6rum litum me\u00f0 mikilli upplausn vekja \u00feeir athygli og vekja h\u00f6nnun, l\u00f3g\u00f3 e\u00f0a kynningarskilabo\u00f0 til l\u00edfsins. Hver bor\u00f0i er s\u00e9rsm\u00ed\u00f0a\u00f0ur a\u00f0 \u00feeirri st\u00e6r\u00f0 og l\u00f6gun sem \u00fe\u00fa \u00f3skar eftir, me\u00f0 styrktum br\u00fanum og v\u00f6sum fyrir staura fyrir \u00f6rugga uppsetningu \u00e1 lj\u00f3sastaurum, g\u00f6tust\u00f6ngum e\u00f0a lj\u00f3sastaurum. G\u00f6tust\u00f6ngubor\u00f0arnir okkar eru fullkomnir fyrir fegrun borgarinnar, \u00e1rst\u00ed\u00f0abundnar skreytingar, fyrirt\u00e6kjakynningar e\u00f0a vi\u00f0bur\u00f0aaugl\u00fdsingar, og sameina h\u00e1g\u00e6\u00f0a og hagkv\u00e6mt ver\u00f0 beint fr\u00e1 verksmi\u00f0ju. B\u00e6ttu \u00fatlit samf\u00e9lagsins e\u00f0a auktu s\u00fdnileika v\u00f6rumerkisins \u00e1n \u00feess a\u00f0 t\u00e6ma fj\u00e1rhags\u00e1\u00e6tlun \u00fe\u00edna.<\/p>\n<p>Treystu okkur fyrir h\u00e1g\u00e6\u00f0a g\u00f6tubor\u00f0a sem skila h\u00e1marks\u00e1hrifum \u00e1 l\u00e1gu ver\u00f0i!<\/p>\n<p>&nbsp;<\/p>\n<p>&nbsp;<\/p>","protected":false},"featured_media":2782,"template":"","meta":{"_kad_post_transparent":"default","_kad_post_title":"hide","_kad_post_layout":"fullwidth","_kad_post_sidebar_id":"","_kad_post_content_style":"unboxed","_kad_post_vertical_padding":"hide","_kad_post_feature":"hide","_kad_post_feature_position":"","_kad_post_header":false,"_kad_post_footer":false},"product_cat":[85,90,91,89],"product_tag":[640,639],"class_list":{"0":"post-2776","1":"product","2":"type-product","3":"status-publish","4":"has-post-thumbnail","6":"product_cat-outdoor-vinyl-banners","7":"product_cat-glossy-pvc-banners","8":"product_cat-matte-vinyl-banners","9":"product_cat-pvc-banners","10":"product_tag-pole-banners","11":"product_tag-street-pole-banners","13":"first","14":"instock","15":"shipping-taxable","16":"product-type-simple","17":"entry","18":"content-bg","19":"loop-entry"},"_links":{"self":[{"href":"https:\/\/cmykprinted.com\/is\/wp-json\/wp\/v2\/product\/2776","targetHints":{"allow":["GET"]}}],"collection":[{"href":"https:\/\/cmykprinted.com\/is\/wp-json\/wp\/v2\/product"}],"about":[{"href":"https:\/\/cmykprinted.com\/is\/wp-json\/wp\/v2\/types\/product"}],"version-history":[{"count":1,"href":"https:\/\/cmykprinted.com\/is\/wp-json\/wp\/v2\/product\/2776\/revisions"}],"predecessor-version":[{"id":2783,"href":"https:\/\/cmykprinted.com\/is\/wp-json\/wp\/v2\/product\/2776\/revisions\/2783"}],"wp:featuredmedia":[{"embeddable":true,"href":"https:\/\/cmykprinted.com\/is\/wp-json\/wp\/v2\/media\/2782"}],"wp:attachment":[{"href":"https:\/\/cmykprinted.com\/is\/wp-json\/wp\/v2\/media?parent=2776"}],"wp:term":[{"taxonomy":"product_cat","embeddable":true,"href":"https:\/\/cmykprinted.com\/is\/wp-json\/wp\/v2\/product_cat?post=2776"},{"taxonomy":"product_tag","embeddable":true,"href":"https:\/\/cmykprinted.com\/is\/wp-json\/wp\/v2\/product_tag?post=2776"}],"curies":[{"name":"wp","href":"https:\/\/api.w.org\/{rel}","templated":true}]}}