{"id":2784,"date":"2025-07-07T02:32:54","date_gmt":"2025-07-07T02:32:54","guid":{"rendered":"https:\/\/cmykprinted.com\/?post_type=product&#038;p=2784"},"modified":"2025-07-07T02:35:29","modified_gmt":"2025-07-07T02:35:29","slug":"street-light-pole-banner","status":"publish","type":"product","link":"https:\/\/cmykprinted.com\/is\/product\/gotuljosastaur-fani\/","title":{"rendered":"\u00d3d\u00fdrt ver\u00f0 g\u00f6tulj\u00f3sst\u00f6ng bor\u00f0i me\u00f0 sviga"},"content":{"rendered":"","protected":false},"excerpt":{"rendered":"<p>Ertu a\u00f0 leita a\u00f0 hagkv\u00e6mri en \u00e1hrifamikilli lei\u00f0 til a\u00f0 s\u00fdna v\u00f6rumerki\u00f0 \u00feitt, kynna vi\u00f0bur\u00f0i e\u00f0a skreyta borgarg\u00f6tur? \u00d3d\u00fdru g\u00f6tulj\u00f3sastaurabor\u00f0arnir okkar me\u00f0 sviga eru hin fullkomna lausn.<\/p>\n<p>\u00deessir bor\u00f0ar eru \u00far endingarg\u00f3\u00f0um, ve\u00f0ur\u00feolnum efnum eins og \u00feungum v\u00ednyl e\u00f0a p\u00f3l\u00fdesterefni og tryggja sk\u00e6r og endingarg\u00f3\u00f0a prentun sem \u00feola s\u00f3l, rigningu og vind. Hvert sett er me\u00f0 sterkum festingum fyrir \u00f6rugga og au\u00f0velda uppsetningu \u00e1 \u00fdmsum st\u00e6r\u00f0um staura, sem gerir \u00fe\u00e1 tilvalda fyrir g\u00f6tur, b\u00edlast\u00e6\u00f0i, h\u00e1sk\u00f3lasv\u00e6\u00f0i, verslunarhverfi og fleira.<\/p>\n<p>Helstu eiginleikar:<br \/>\n1. Hagkv\u00e6m marka\u00f0ssetning \u2013 Mikil s\u00fdnileiki \u00e1 vi\u00f0r\u00e1\u00f0anlegu ver\u00f0i.<\/p>\n<p>2. S\u00e9rsni\u00f0in prentun \u2013 Graf\u00edk \u00ed fullum lit til a\u00f0 undirstrika einstaka skilabo\u00f0 \u00fe\u00edn e\u00f0a v\u00f6rumerki.<\/p>\n<p>3. Endingargott efni - Hanna\u00f0 til a\u00f0 \u00feola \u00fativeru vi\u00f0 langvarandi notkun.<\/p>\n<p>4. Einf\u00f6ld uppsetning \u2013 Inniheldur \u00e1rei\u00f0anlegar festingar fyrir hra\u00f0a uppsetningu.<\/p>\n<p>5. Fj\u00f6lh\u00e6f notkun \u2013 Fullkomi\u00f0 fyrir \u00e1rst\u00ed\u00f0abundnar kynningar, h\u00e1t\u00ed\u00f0ir, borgaralega stolt og vi\u00f0skiptaaugl\u00fdsingar.<\/p>\n<p>L\u00e1ttu ekki fj\u00e1rhags\u00fer\u00f6ng takmarka s\u00fdnileika \u00feinn. Me\u00f0 \u00f3d\u00fdrum g\u00f6tulj\u00f3sabor\u00f0um me\u00f0 sviga getur\u00f0u vaki\u00f0 athygli og eflt skilabo\u00f0in \u00fe\u00edn \u00e1n \u00feess a\u00f0 ey\u00f0a of miklu. Haf\u00f0u samband vi\u00f0 okkur \u00ed dag til a\u00f0 f\u00e1 s\u00e9rsni\u00f0nar st\u00e6r\u00f0ir, h\u00f6nnun og \u00f3keypis ver\u00f0tilbo\u00f0!<\/p>\n<figure id=\"attachment_2785\" aria-describedby=\"caption-attachment-2785\" style=\"width: 1000px\" class=\"wp-caption alignnone\"><img fetchpriority=\"high\" decoding=\"async\" class=\"size-full wp-image-2785\" src=\"https:\/\/cmykprinted.com\/wp-content\/uploads\/2025\/07\/Street-Light-Pole-Banner.jpg\" alt=\"G\u00f6tulj\u00f3sast\u00f6ngubor\u00f0i\" width=\"1000\" height=\"560\" srcset=\"https:\/\/cmykprinted.com\/wp-content\/uploads\/2025\/07\/Street-Light-Pole-Banner.jpg 1000w, https:\/\/cmykprinted.com\/wp-content\/uploads\/2025\/07\/Street-Light-Pole-Banner-300x168.jpg 300w, https:\/\/cmykprinted.com\/wp-content\/uploads\/2025\/07\/Street-Light-Pole-Banner-768x430.jpg 768w, https:\/\/cmykprinted.com\/wp-content\/uploads\/2025\/07\/Street-Light-Pole-Banner-18x10.jpg 18w, https:\/\/cmykprinted.com\/wp-content\/uploads\/2025\/07\/Street-Light-Pole-Banner-600x336.jpg 600w\" sizes=\"(max-width: 1000px) 100vw, 1000px\" \/><figcaption id=\"caption-attachment-2785\" class=\"wp-caption-text\">G\u00f6tulj\u00f3sast\u00f6ngubor\u00f0i<\/figcaption><\/figure>\n<p>&nbsp;<\/p>","protected":false},"featured_media":2786,"template":"","meta":{"_kad_post_transparent":"default","_kad_post_title":"hide","_kad_post_layout":"fullwidth","_kad_post_sidebar_id":"","_kad_post_content_style":"unboxed","_kad_post_vertical_padding":"hide","_kad_post_feature":"hide","_kad_post_feature_position":"","_kad_post_header":false,"_kad_post_footer":false},"product_cat":[85,90,91,89],"product_tag":[642,641],"class_list":{"0":"post-2784","1":"product","2":"type-product","3":"status-publish","4":"has-post-thumbnail","6":"product_cat-outdoor-vinyl-banners","7":"product_cat-glossy-pvc-banners","8":"product_cat-matte-vinyl-banners","9":"product_cat-pvc-banners","10":"product_tag-light-pole-banner-with-brackets","11":"product_tag-street-light-pole-banner","13":"first","14":"instock","15":"shipping-taxable","16":"product-type-simple","17":"entry","18":"content-bg","19":"loop-entry"},"_links":{"self":[{"href":"https:\/\/cmykprinted.com\/is\/wp-json\/wp\/v2\/product\/2784","targetHints":{"allow":["GET"]}}],"collection":[{"href":"https:\/\/cmykprinted.com\/is\/wp-json\/wp\/v2\/product"}],"about":[{"href":"https:\/\/cmykprinted.com\/is\/wp-json\/wp\/v2\/types\/product"}],"version-history":[{"count":1,"href":"https:\/\/cmykprinted.com\/is\/wp-json\/wp\/v2\/product\/2784\/revisions"}],"predecessor-version":[{"id":2789,"href":"https:\/\/cmykprinted.com\/is\/wp-json\/wp\/v2\/product\/2784\/revisions\/2789"}],"wp:featuredmedia":[{"embeddable":true,"href":"https:\/\/cmykprinted.com\/is\/wp-json\/wp\/v2\/media\/2786"}],"wp:attachment":[{"href":"https:\/\/cmykprinted.com\/is\/wp-json\/wp\/v2\/media?parent=2784"}],"wp:term":[{"taxonomy":"product_cat","embeddable":true,"href":"https:\/\/cmykprinted.com\/is\/wp-json\/wp\/v2\/product_cat?post=2784"},{"taxonomy":"product_tag","embeddable":true,"href":"https:\/\/cmykprinted.com\/is\/wp-json\/wp\/v2\/product_tag?post=2784"}],"curies":[{"name":"wp","href":"https:\/\/api.w.org\/{rel}","templated":true}]}}