{"id":2790,"date":"2025-07-07T09:16:58","date_gmt":"2025-07-07T09:16:58","guid":{"rendered":"https:\/\/cmykprinted.com\/?post_type=product&#038;p=2790"},"modified":"2025-07-08T00:21:16","modified_gmt":"2025-07-08T00:21:16","slug":"double-sided-vinyl-banners","status":"publish","type":"product","link":"https:\/\/cmykprinted.com\/is\/product\/tvihlida-vinyl-bordar\/","title":{"rendered":"18 oz tv\u00edhli\u00f0a v\u00ednylbor\u00f0ar me\u00f0 $11"},"content":{"rendered":"","protected":false},"excerpt":{"rendered":"<p>\u00cd hra\u00f0skrei\u00f0um heimi marka\u00f0ssetningar og kynningar er afar mikilv\u00e6gt a\u00f0 vera \u00e1berandi og vekja athygli. Kynntu \u00fe\u00e9r 18 aura tv\u00edhli\u00f0a v\u00ednylbor\u00f0ana okkar \u2013 fullkomin lausn fyrir fyrirt\u00e6ki, vi\u00f0bur\u00f0i og einstaklinga sem vilja skilja eftir sig \u00f3afm\u00e1anlegt spor.<\/p>\n<p>\u00deessir bor\u00f0ar eru sm\u00ed\u00f0a\u00f0ir af n\u00e1kv\u00e6mni og hanna\u00f0ir til a\u00f0 tryggja fram\u00farskarandi g\u00e6\u00f0i og eru ekki bara v\u00ednylpl\u00f6tur; \u00feeir eru \u00f6flug verkf\u00e6ri sem eru h\u00f6nnu\u00f0 til a\u00f0 lyfta skilabo\u00f0um \u00fe\u00ednum \u00e1 n\u00fdjar h\u00e6\u00f0ir.<\/p>\n<p>Kjarninn \u00ed 18 aura tv\u00edhli\u00f0a v\u00ednylbor\u00f0unum okkar er einst\u00f6k endingarg\u00e6\u00f0i. \u00deessir bor\u00f0ar eru sm\u00ed\u00f0a\u00f0ir \u00far h\u00e1g\u00e6\u00f0a, endingarg\u00f3\u00f0u v\u00ednylefni og eru hanna\u00f0ir til a\u00f0 \u00feola h\u00f6r\u00f0ustu ve\u00f0urskilyr\u00f0i. Hvort sem um er a\u00f0 r\u00e6\u00f0a brennandi s\u00f3l, \u00farhellisrigningu, sterkan vind e\u00f0a frost, \u00fe\u00e1 haldast bor\u00f0arnir okkar heilir og sk\u00e6rir. \u00deyngdin \u00e1 18 aura veitir sterka og trausta uppbyggingu sem tryggir a\u00f0 bor\u00f0inn \u00feinn rifni ekki, flagnar e\u00f0a dofni au\u00f0veldlega.<\/p>\n<p>\u00deessi endingart\u00edmi gerir \u00fe\u00e1 tilvalda til b\u00e6\u00f0i skammt\u00edma- og langt\u00edmanotkunar utandyra. Til d\u00e6mis, ef \u00fe\u00fa ert a\u00f0 kynna \u00e1rst\u00ed\u00f0abundna \u00fats\u00f6lu fyrir utan verslunargluggann \u00feinn, mun bor\u00f0inn halda \u00e1berandi st\u00f6\u00f0u sinni \u00ed gegnum alla herfer\u00f0ina. E\u00f0a, ef \u00fe\u00fa notar hann til a\u00f0 merkja sta\u00f0setningu st\u00f3rs vi\u00f0bur\u00f0ar yfir nokkra daga, getur\u00f0u treyst \u00fev\u00ed a\u00f0 hann muni halda \u00e1fram a\u00f0 l\u00edta vel \u00fat og koma skilabo\u00f0um \u00fe\u00ednum sk\u00fdrt til skila.<\/p>\n<p>Tv\u00edhli\u00f0a e\u00f0li \u00feessara bor\u00f0a tv\u00f6faldar \u00e1hrifin. Sama \u00far hva\u00f0a \u00e1tt \u00e1horfendur n\u00e1lgast, \u00fe\u00e1 ver\u00f0a \u00feeir heilsa\u00f0ir me\u00f0 sk\u00fdrum og sannf\u00e6randi skilabo\u00f0um. \u00deetta er s\u00e9rstaklega gagnlegt \u00e1 sv\u00e6\u00f0um me\u00f0 mikla umfer\u00f0 eins og fj\u00f6lf\u00f6rnum g\u00f6tum, gatnam\u00f3tum e\u00f0a st\u00f3rum opnum sv\u00e6\u00f0um \u00e1 h\u00e1t\u00ed\u00f0um og s\u00fdningum.<\/p>\n<p>\u00dea\u00f0 h\u00e1markar s\u00fdnileika v\u00f6rumerkisins, v\u00f6runnar e\u00f0a vi\u00f0bur\u00f0arins og tryggir a\u00f0 marka\u00f0sfj\u00e1rfesting \u00fe\u00edn n\u00e1i lengra.<\/p>\n<figure id=\"attachment_2785\" aria-describedby=\"caption-attachment-2785\" style=\"width: 1000px\" class=\"wp-caption alignnone\"><img fetchpriority=\"high\" decoding=\"async\" class=\"size-full wp-image-2785\" src=\"https:\/\/cmykprinted.com\/wp-content\/uploads\/2025\/07\/Street-Light-Pole-Banner.jpg\" alt=\" Tv\u00edhli\u00f0a v\u00ednylbor\u00f0ar\" width=\"1000\" height=\"560\" srcset=\"https:\/\/cmykprinted.com\/wp-content\/uploads\/2025\/07\/Street-Light-Pole-Banner.jpg 1000w, https:\/\/cmykprinted.com\/wp-content\/uploads\/2025\/07\/Street-Light-Pole-Banner-300x168.jpg 300w, https:\/\/cmykprinted.com\/wp-content\/uploads\/2025\/07\/Street-Light-Pole-Banner-768x430.jpg 768w, https:\/\/cmykprinted.com\/wp-content\/uploads\/2025\/07\/Street-Light-Pole-Banner-18x10.jpg 18w, https:\/\/cmykprinted.com\/wp-content\/uploads\/2025\/07\/Street-Light-Pole-Banner-600x336.jpg 600w\" sizes=\"(max-width: 1000px) 100vw, 1000px\" \/><figcaption id=\"caption-attachment-2785\" class=\"wp-caption-text\">Tv\u00edhli\u00f0a v\u00ednylbor\u00f0ar<\/figcaption><\/figure>","protected":false},"featured_media":2792,"template":"","meta":{"_kad_post_transparent":"default","_kad_post_title":"hide","_kad_post_layout":"fullwidth","_kad_post_sidebar_id":"","_kad_post_content_style":"unboxed","_kad_post_vertical_padding":"hide","_kad_post_feature":"hide","_kad_post_feature_position":"","_kad_post_header":false,"_kad_post_footer":false},"product_cat":[85,90,91,89],"product_tag":[644,645,643],"class_list":{"0":"post-2790","1":"product","2":"type-product","3":"status-publish","4":"has-post-thumbnail","6":"product_cat-outdoor-vinyl-banners","7":"product_cat-glossy-pvc-banners","8":"product_cat-matte-vinyl-banners","9":"product_cat-pvc-banners","10":"product_tag-18-oz-vinyl-banners","11":"product_tag-double-sided-banners","12":"product_tag-double-sided-vinyl-banners","14":"first","15":"instock","16":"shipping-taxable","17":"product-type-simple","18":"entry","19":"content-bg","20":"loop-entry"},"_links":{"self":[{"href":"https:\/\/cmykprinted.com\/is\/wp-json\/wp\/v2\/product\/2790","targetHints":{"allow":["GET"]}}],"collection":[{"href":"https:\/\/cmykprinted.com\/is\/wp-json\/wp\/v2\/product"}],"about":[{"href":"https:\/\/cmykprinted.com\/is\/wp-json\/wp\/v2\/types\/product"}],"version-history":[{"count":1,"href":"https:\/\/cmykprinted.com\/is\/wp-json\/wp\/v2\/product\/2790\/revisions"}],"predecessor-version":[{"id":2796,"href":"https:\/\/cmykprinted.com\/is\/wp-json\/wp\/v2\/product\/2790\/revisions\/2796"}],"wp:featuredmedia":[{"embeddable":true,"href":"https:\/\/cmykprinted.com\/is\/wp-json\/wp\/v2\/media\/2792"}],"wp:attachment":[{"href":"https:\/\/cmykprinted.com\/is\/wp-json\/wp\/v2\/media?parent=2790"}],"wp:term":[{"taxonomy":"product_cat","embeddable":true,"href":"https:\/\/cmykprinted.com\/is\/wp-json\/wp\/v2\/product_cat?post=2790"},{"taxonomy":"product_tag","embeddable":true,"href":"https:\/\/cmykprinted.com\/is\/wp-json\/wp\/v2\/product_tag?post=2790"}],"curies":[{"name":"wp","href":"https:\/\/api.w.org\/{rel}","templated":true}]}}