{"id":2799,"date":"2025-07-08T08:16:30","date_gmt":"2025-07-08T08:16:30","guid":{"rendered":"https:\/\/cmykprinted.com\/?post_type=product&#038;p=2799"},"modified":"2025-07-08T08:16:30","modified_gmt":"2025-07-08T08:16:30","slug":"custom-fabric-banners","status":"publish","type":"product","link":"https:\/\/cmykprinted.com\/is\/product\/sersnidnir-efnis-bordar\/","title":{"rendered":"S\u00e9rsni\u00f0nir efnisbor\u00f0ar fyrir vi\u00f0skiptas\u00fdningar\/\u00ed\u00fer\u00f3ttir\/vi\u00f0bur\u00f0i me\u00f0 20% afsl\u00e6tti"},"content":{"rendered":"","protected":false},"excerpt":{"rendered":"<p>Haf\u00f0u mikil \u00e1hrif \u00e1 vi\u00f0skiptas\u00fdningar, \u00ed\u00fer\u00f3ttavi\u00f0bur\u00f0i e\u00f0a hva\u00f0a s\u00e9rst\u00f6k tilefni sem er me\u00f0 s\u00e9rsni\u00f0num efnisbor\u00f0um okkar. \u00deessir bor\u00f0ar eru \u00far h\u00e1g\u00e6\u00f0a, endingarg\u00f3\u00f0u efni og skila sk\u00e6rum og sk\u00fdrum graf\u00edk sem gr\u00edpur alla athygli og eykur vi\u00f0veru v\u00f6rumerkisins. L\u00e9ttir en samt sterkir, au\u00f0veldir \u00ed flutningi, uppsetningu og endurnotkun, sem sparar \u00fe\u00e9r t\u00edma og peninga.<\/p>\n<p>Hvort sem \u00fe\u00fa ert a\u00f0 s\u00fdna fyrirt\u00e6ki\u00f0 \u00feitt \u00e1 s\u00fdningu, hvetja li\u00f0i\u00f0 \u00feitt e\u00f0a b\u00faa til gl\u00e6silegan bakgrunn fyrir vi\u00f0bur\u00f0, \u00fe\u00e1 bj\u00f3\u00f0a vefna\u00f0arbor\u00f0ar okkar upp \u00e1 fj\u00f6lh\u00e6far lausnir sem eru sni\u00f0nar a\u00f0 \u00fe\u00ednum \u00fe\u00f6rfum. Nj\u00f3ttu sk\u00e6rra lita \u00fe\u00f6kk s\u00e9 h\u00e1\u00fer\u00f3a\u00f0ri litbrig\u00f0aprentun sem tryggir a\u00f0 skilabo\u00f0in \u00fe\u00edn haldist dj\u00f6rf og fagleg.<\/p>\n<p>Missi\u00f0 ekki af t\u00edmabundnu tilbo\u00f0i okkar: F\u00e1\u00f0u 20% afsl\u00e1tt af s\u00e9rsni\u00f0num efnisbor\u00f0um \u00ed dag og l\u00e1ttu v\u00f6rumerki\u00f0 \u00feitt sk\u00edna sk\u00e6rar en nokkru sinni fyrr. Haf\u00f0u samband vi\u00f0 okkur n\u00fana til a\u00f0 lyfta s\u00fdningarframmist\u00f6\u00f0u \u00feinni og skera \u00feig \u00far samkeppninni!<\/p>\n<div style=\"width: 854px;\" class=\"wp-video\"><!--[if lt IE 9]><script>document.createElement('video');<\/script><![endif]--><br \/>\n<video class=\"wp-video-shortcode\" id=\"video-2799-1\" width=\"854\" height=\"480\" preload=\"metadata\" controls=\"controls\"><source type=\"video\/mp4\" src=\"https:\/\/cmykprinted.com\/wp-content\/uploads\/2025\/06\/Large-Flag-Banner-for-Football-Events.mp4?_=1\" \/><a href=\"https:\/\/cmykprinted.com\/wp-content\/uploads\/2025\/06\/Large-Flag-Banner-for-Football-Events.mp4\">https:\/\/cmykprinted.com\/wp-content\/uploads\/2025\/06\/Large-Flag-Banner-for-Football-Events.mp4<\/a><\/video><\/div>","protected":false},"featured_media":2807,"template":"","meta":{"_kad_post_transparent":"default","_kad_post_title":"hide","_kad_post_layout":"fullwidth","_kad_post_sidebar_id":"","_kad_post_content_style":"unboxed","_kad_post_vertical_padding":"hide","_kad_post_feature":"hide","_kad_post_feature_position":"","_kad_post_header":false,"_kad_post_footer":false},"product_cat":[79],"product_tag":[646,408,648,647],"class_list":{"0":"post-2799","1":"product","2":"type-product","3":"status-publish","4":"has-post-thumbnail","6":"product_cat-custom-flags","7":"product_tag-custom-fabric-banners","8":"product_tag-fabric-banners","9":"product_tag-fabric-banners-for-events","10":"product_tag-fabric-banners-for-trade-show","12":"first","13":"instock","14":"shipping-taxable","15":"product-type-simple","16":"entry","17":"content-bg","18":"loop-entry"},"_links":{"self":[{"href":"https:\/\/cmykprinted.com\/is\/wp-json\/wp\/v2\/product\/2799","targetHints":{"allow":["GET"]}}],"collection":[{"href":"https:\/\/cmykprinted.com\/is\/wp-json\/wp\/v2\/product"}],"about":[{"href":"https:\/\/cmykprinted.com\/is\/wp-json\/wp\/v2\/types\/product"}],"version-history":[{"count":1,"href":"https:\/\/cmykprinted.com\/is\/wp-json\/wp\/v2\/product\/2799\/revisions"}],"predecessor-version":[{"id":2808,"href":"https:\/\/cmykprinted.com\/is\/wp-json\/wp\/v2\/product\/2799\/revisions\/2808"}],"wp:featuredmedia":[{"embeddable":true,"href":"https:\/\/cmykprinted.com\/is\/wp-json\/wp\/v2\/media\/2807"}],"wp:attachment":[{"href":"https:\/\/cmykprinted.com\/is\/wp-json\/wp\/v2\/media?parent=2799"}],"wp:term":[{"taxonomy":"product_cat","embeddable":true,"href":"https:\/\/cmykprinted.com\/is\/wp-json\/wp\/v2\/product_cat?post=2799"},{"taxonomy":"product_tag","embeddable":true,"href":"https:\/\/cmykprinted.com\/is\/wp-json\/wp\/v2\/product_tag?post=2799"}],"curies":[{"name":"wp","href":"https:\/\/api.w.org\/{rel}","templated":true}]}}