{"id":2810,"date":"2025-07-10T09:30:52","date_gmt":"2025-07-10T09:30:52","guid":{"rendered":"https:\/\/cmykprinted.com\/?post_type=product&#038;p=2810"},"modified":"2025-07-10T09:30:52","modified_gmt":"2025-07-10T09:30:52","slug":"breakaway-banner-for-football","status":"publish","type":"product","link":"https:\/\/cmykprinted.com\/is\/product\/rofandi-spjald-fyrir-fotbolta\/","title":{"rendered":"Breakaway bor\u00f0i fyrir f\u00f3tbolta me\u00f0 samkeppnish\u00e6fu ver\u00f0i"},"content":{"rendered":"","protected":false},"excerpt":{"rendered":"<p>Ertu a\u00f0 leita a\u00f0 \u00f3vi\u00f0jafnanlegri spennu og li\u00f0sanda \u00ed f\u00f3tboltaleikjunum \u00fe\u00ednum \u00e1n \u00feess a\u00f0 spenna fj\u00e1rhags\u00e1\u00e6tlun \u00fe\u00edna? Breakaway bor\u00f0ar okkar fyrir f\u00f3tbolta bj\u00f3\u00f0a upp \u00e1 fullkomna lausn \u00e1 samkeppnish\u00e6fu ver\u00f0i. Hanna\u00f0ir fyrir dramat\u00edskar innkomur leikmanna, \u00feessir bor\u00f0ar skapa spennandi sj\u00f3narspil sem veitir b\u00e6\u00f0i \u00ed\u00fer\u00f3ttam\u00f6nnum og a\u00f0d\u00e1endum orku.<\/p>\n<p>Skapa\u00f0u st\u00f3rkostlegar stundir \u00e1 leikdeginum<\/p>\n<p>F\u00f3tboltaspj\u00f6ldin okkar eru \u00far h\u00e1g\u00e6\u00f0a, endingarg\u00f3\u00f0u efni sem \u00feolir endurtekna notkun, leik eftir leik. Spjaldi\u00f0 samanstendur af tveimur spj\u00f6ldum sem festast me\u00f0 kr\u00f3kum og lykkjum, sem gerir leikm\u00f6nnum kleift a\u00f0 springa \u00ed gegnum mi\u00f0juna og koma s\u00e9r \u00e1 v\u00f6llinn me\u00f0 sprengikrafti. \u00deetta er \u00f3gleymanleg lei\u00f0 til a\u00f0 s\u00fdna fram \u00e1 li\u00f0sstolt og hvetja \u00e1horfendur.<\/p>\n<p>Au\u00f0velt a\u00f0 setja upp og endurn\u00fdta<\/p>\n<p>Hver f\u00f3tboltabor\u00f0i er me\u00f0 vasa hvoru megin til a\u00f0 halda stu\u00f0ningsst\u00f6ngum. H\u00e6gt er a\u00f0 festa st\u00f6ngurnar \u00ed j\u00f6r\u00f0ina til a\u00f0 auka st\u00f6\u00f0ugleika, en reipi sem klappst\u00fdrur e\u00f0a starfsf\u00f3lk halda halda toppnum \u00f6ruggum. Uppsetningin er flj\u00f3tleg og einf\u00f6ld, sem tryggir a\u00f0 \u00fe\u00fa s\u00e9rt tilb\u00fainn fyrir leikbyrjun \u00e1 nokkrum m\u00edn\u00fatum. Eftir leikinn skaltu einfaldlega festa spj\u00f6ldin aftur og r\u00falla bor\u00f0anum upp til a\u00f0 geyma hann saman.<\/p>\n<p>L\u00edfleg s\u00e9rsni\u00f0in prentun<\/p>\n<p>Vi\u00f0 bj\u00f3\u00f0um upp \u00e1 prentun \u00ed fullum litum og h\u00e1rri upplausn svo \u00fe\u00fa getir s\u00e9rsni\u00f0i\u00f0 bor\u00f0a \u00feinn me\u00f0 li\u00f0smerkjum, sk\u00f3lan\u00f6fnum, lukkud\u00fdrum, slagor\u00f0um e\u00f0a styrktara\u00f0ilum. L\u00edfleg prentunin helst bj\u00f6rt og \u00e1berandi jafnvel eftir endurtekna notkun, sem hj\u00e1lpar li\u00f0inu \u00fe\u00ednu a\u00f0 skera sig \u00far \u00e1 vellinum.<\/p>\n<div style=\"width: 960px;\" class=\"wp-video\"><!--[if lt IE 9]><script>document.createElement('video');<\/script><![endif]--><br \/>\n<video class=\"wp-video-shortcode\" id=\"video-2810-1\" width=\"960\" height=\"540\" preload=\"metadata\" controls=\"controls\"><source type=\"video\/mp4\" src=\"https:\/\/cmykprinted.com\/wp-content\/uploads\/2025\/07\/Breakaway-Banners.mp4?_=1\" \/><a href=\"https:\/\/cmykprinted.com\/wp-content\/uploads\/2025\/07\/Breakaway-Banners.mp4\">https:\/\/cmykprinted.com\/wp-content\/uploads\/2025\/07\/Breakaway-Banners.mp4<\/a><\/video><\/div>","protected":false},"featured_media":2816,"template":"","meta":{"_kad_post_transparent":"default","_kad_post_title":"hide","_kad_post_layout":"fullwidth","_kad_post_sidebar_id":"","_kad_post_content_style":"unboxed","_kad_post_vertical_padding":"hide","_kad_post_feature":"hide","_kad_post_feature_position":"","_kad_post_header":false,"_kad_post_footer":false},"product_cat":[79],"product_tag":[650,649],"class_list":{"0":"post-2810","1":"product","2":"type-product","3":"status-publish","4":"has-post-thumbnail","6":"product_cat-custom-flags","7":"product_tag-breakaway-banner","8":"product_tag-breakaway-banner-for-football","10":"first","11":"instock","12":"shipping-taxable","13":"product-type-simple","14":"entry","15":"content-bg","16":"loop-entry"},"_links":{"self":[{"href":"https:\/\/cmykprinted.com\/is\/wp-json\/wp\/v2\/product\/2810","targetHints":{"allow":["GET"]}}],"collection":[{"href":"https:\/\/cmykprinted.com\/is\/wp-json\/wp\/v2\/product"}],"about":[{"href":"https:\/\/cmykprinted.com\/is\/wp-json\/wp\/v2\/types\/product"}],"version-history":[{"count":1,"href":"https:\/\/cmykprinted.com\/is\/wp-json\/wp\/v2\/product\/2810\/revisions"}],"predecessor-version":[{"id":2820,"href":"https:\/\/cmykprinted.com\/is\/wp-json\/wp\/v2\/product\/2810\/revisions\/2820"}],"wp:featuredmedia":[{"embeddable":true,"href":"https:\/\/cmykprinted.com\/is\/wp-json\/wp\/v2\/media\/2816"}],"wp:attachment":[{"href":"https:\/\/cmykprinted.com\/is\/wp-json\/wp\/v2\/media?parent=2810"}],"wp:term":[{"taxonomy":"product_cat","embeddable":true,"href":"https:\/\/cmykprinted.com\/is\/wp-json\/wp\/v2\/product_cat?post=2810"},{"taxonomy":"product_tag","embeddable":true,"href":"https:\/\/cmykprinted.com\/is\/wp-json\/wp\/v2\/product_tag?post=2810"}],"curies":[{"name":"wp","href":"https:\/\/api.w.org\/{rel}","templated":true}]}}