{"id":2821,"date":"2025-07-16T07:13:11","date_gmt":"2025-07-16T07:13:11","guid":{"rendered":"https:\/\/cmykprinted.com\/?post_type=product&#038;p=2821"},"modified":"2025-07-16T07:13:11","modified_gmt":"2025-07-16T07:13:11","slug":"branded-backdrops","status":"publish","type":"product","link":"https:\/\/cmykprinted.com\/is\/product\/vorumerkt-bakgrunnur\/","title":{"rendered":"\u00d3d\u00fdr s\u00e9rsni\u00f0in v\u00f6rumerki fyrir \u00ed\u00fer\u00f3ttavi\u00f0bur\u00f0i"},"content":{"rendered":"","protected":false},"excerpt":{"rendered":"<p>S\u00e9rsni\u00f0nir bakgrunnar fyrir \u00ed\u00fer\u00f3ttavi\u00f0bur\u00f0i eru hin fullkomna lausn til a\u00f0 auka s\u00fdnileika v\u00f6rumerkisins og skapa fagmannlegt andr\u00famsloft \u00e1 hva\u00f0a \u00ed\u00fer\u00f3ttavelli sem er. \u00deessir bakgrunnar eru hanna\u00f0ir \u00far h\u00e1g\u00e6\u00f0a efni og litr\u00edkri sublimeringsprentun og s\u00fdna l\u00f3g\u00f3, styrktara\u00f0ila, li\u00f0sn\u00f6fn og kynningarskilabo\u00f0 me\u00f0 sk\u00e6rum og sk\u00fdrum h\u00e6tti.<\/p>\n<p>Hvort sem \u00feau eru notu\u00f0 \u00e1 bak vi\u00f0 p\u00falta, bla\u00f0amannafundi, lj\u00f3smyndasv\u00e6\u00f0i e\u00f0a innganga, \u00fe\u00e1 hj\u00e1lpa \u00feau til vi\u00f0 a\u00f0 vekja athygli og skapa kj\u00f6ri\u00f0 fj\u00f6lmi\u00f0lav\u00e6nt umhverfi.<\/p>\n<p>Bakgrunnar okkar eru f\u00e1anlegir \u00ed \u00fdmsum st\u00e6r\u00f0um og h\u00e6gt er a\u00f0 sn\u00ed\u00f0a \u00fe\u00e1 a\u00f0 \u00fe\u00f6rfum hvers vi\u00f0bur\u00f0ar. \u00deeir eru l\u00e9ttir, flytjanlegir og au\u00f0veldir \u00ed uppsetningu, \u00feeir koma me\u00f0 \u00e1lgrindum e\u00f0a spennuefni fyrir flj\u00f3tlega uppsetningu og krumpulausa \u00e1fer\u00f0. \u00deessir s\u00e9rsni\u00f0nu skj\u00e1ir eru tilvaldir fyrir b\u00e6\u00f0i \u00ed\u00fer\u00f3ttavi\u00f0bur\u00f0i innanh\u00fass og utandyra, endingarg\u00f3\u00f0ir og endurn\u00fdtanlegir.<\/p>\n<p>Auktu \u00e1hrif v\u00f6rumerkisins \u00fe\u00edns og skapa\u00f0u samr\u00e6mda sj\u00f3nr\u00e6na \u00edmynd me\u00f0 s\u00e9rsni\u00f0num \u00ed\u00fer\u00f3ttavi\u00f0bur\u00f0arbakgrunnum okkar.<\/p>\n<div style=\"width: 720px;\" class=\"wp-video\"><!--[if lt IE 9]><script>document.createElement('video');<\/script><![endif]--><br \/>\n<video class=\"wp-video-shortcode\" id=\"video-2821-1\" width=\"720\" height=\"1280\" preload=\"metadata\" controls=\"controls\"><source type=\"video\/mp4\" src=\"https:\/\/cmykprinted.com\/wp-content\/uploads\/2025\/07\/Branded-Backdrops.mp4?_=1\" \/><a href=\"https:\/\/cmykprinted.com\/wp-content\/uploads\/2025\/07\/Branded-Backdrops.mp4\">https:\/\/cmykprinted.com\/wp-content\/uploads\/2025\/07\/Branded-Backdrops.mp4<\/a><\/video><\/div>","protected":false},"featured_media":2825,"template":"","meta":{"_kad_post_transparent":"default","_kad_post_title":"hide","_kad_post_layout":"fullwidth","_kad_post_sidebar_id":"","_kad_post_content_style":"unboxed","_kad_post_vertical_padding":"hide","_kad_post_feature":"hide","_kad_post_feature_position":"","_kad_post_header":false,"_kad_post_footer":false},"product_cat":[97,100],"product_tag":[651,653,654,652],"class_list":{"0":"post-2821","1":"product","2":"type-product","3":"status-publish","4":"has-post-thumbnail","6":"product_cat-tension-fabric-displays","7":"product_cat-straight-tension-fabric-backdrop","8":"product_tag-branded-backdrops","9":"product_tag-branded-backdrops-for-sports-event","10":"product_tag-cheap-custom-branded-backdrops","11":"product_tag-custom-branded-backdrops","13":"first","14":"instock","15":"shipping-taxable","16":"product-type-simple","17":"entry","18":"content-bg","19":"loop-entry"},"_links":{"self":[{"href":"https:\/\/cmykprinted.com\/is\/wp-json\/wp\/v2\/product\/2821","targetHints":{"allow":["GET"]}}],"collection":[{"href":"https:\/\/cmykprinted.com\/is\/wp-json\/wp\/v2\/product"}],"about":[{"href":"https:\/\/cmykprinted.com\/is\/wp-json\/wp\/v2\/types\/product"}],"version-history":[{"count":2,"href":"https:\/\/cmykprinted.com\/is\/wp-json\/wp\/v2\/product\/2821\/revisions"}],"predecessor-version":[{"id":2829,"href":"https:\/\/cmykprinted.com\/is\/wp-json\/wp\/v2\/product\/2821\/revisions\/2829"}],"wp:featuredmedia":[{"embeddable":true,"href":"https:\/\/cmykprinted.com\/is\/wp-json\/wp\/v2\/media\/2825"}],"wp:attachment":[{"href":"https:\/\/cmykprinted.com\/is\/wp-json\/wp\/v2\/media?parent=2821"}],"wp:term":[{"taxonomy":"product_cat","embeddable":true,"href":"https:\/\/cmykprinted.com\/is\/wp-json\/wp\/v2\/product_cat?post=2821"},{"taxonomy":"product_tag","embeddable":true,"href":"https:\/\/cmykprinted.com\/is\/wp-json\/wp\/v2\/product_tag?post=2821"}],"curies":[{"name":"wp","href":"https:\/\/api.w.org\/{rel}","templated":true}]}}