{"id":2831,"date":"2025-07-19T07:54:12","date_gmt":"2025-07-19T07:54:12","guid":{"rendered":"https:\/\/cmykprinted.com\/?post_type=product&#038;p=2831"},"modified":"2025-07-19T07:54:12","modified_gmt":"2025-07-19T07:54:12","slug":"champagne-metallic-transfer-stickers","status":"publish","type":"product","link":"https:\/\/cmykprinted.com\/is\/product\/kampavins-malmhudud-flutningslimi\/","title":{"rendered":"\u00d3d\u00fdrir kampav\u00ednsl\u00edmmi\u00f0ar \u00far m\u00e1lmi fyrir fl\u00f6skur"},"content":{"rendered":"","protected":false},"excerpt":{"rendered":"<p>Fegra\u00f0u fl\u00f6skuumb\u00fa\u00f0irnar \u00fe\u00ednar me\u00f0 hagkv\u00e6mum kampav\u00ednsl\u00edmmi\u00f0um okkar me\u00f0 m\u00e1lmkenndum flutningsl\u00edmmi\u00f0um. \u00deessir \u00e1berandi l\u00edmmi\u00f0ar eru hanna\u00f0ir til a\u00f0 b\u00e6ta vi\u00f0 h\u00e1g\u00e6\u00f0a og gl\u00e6silegri \u00e1fer\u00f0 \u00e1 v\u00edn, kampav\u00edn e\u00f0a a\u00f0rar fl\u00f6skuv\u00f6rur.<\/p>\n<p>\u00deeir eru \u00far h\u00e1g\u00e6\u00f0a nikkelm\u00e1lmi og eru me\u00f0 glansandi kampav\u00ednslit sem endurspeglar lj\u00f3s fallega og lyftir v\u00f6rumerkjakynningu. \u00deessir l\u00edmmi\u00f0ar eru tilvaldir fyrir v\u00f6rumerkjamerkingar, vi\u00f0bur\u00f0agjafir e\u00f0a kynningarumb\u00fa\u00f0ir og festast vel \u00e1 gler-, plast- e\u00f0a m\u00e1lmyfirbor\u00f0. Au\u00f0veldir \u00ed notkun og endingarg\u00f3\u00f0ir og bj\u00f3\u00f0a upp \u00e1 hagkv\u00e6ma lausn til a\u00f0 n\u00e1 fram l\u00faxus, s\u00e9rsni\u00f0nu v\u00f6rumerkja\u00fatliti \u00e1n \u00feess a\u00f0 brj\u00f3ta fj\u00e1rhags\u00e1\u00e6tlun. Fullkomnir fyrir v\u00ednger\u00f0armenn, veislur e\u00f0a l\u00edtil fyrirt\u00e6ki.<\/p>\n<div style=\"width: 1280px;\" class=\"wp-video\"><!--[if lt IE 9]><script>document.createElement('video');<\/script><![endif]--><br \/>\n<video class=\"wp-video-shortcode\" id=\"video-2831-1\" width=\"1280\" height=\"720\" preload=\"metadata\" controls=\"controls\"><source type=\"video\/mp4\" src=\"https:\/\/cmykprinted.com\/wp-content\/uploads\/2024\/05\/champagne-metal-transfer-label-1.mp4?_=1\" \/><a href=\"https:\/\/cmykprinted.com\/wp-content\/uploads\/2024\/05\/champagne-metal-transfer-label-1.mp4\">https:\/\/cmykprinted.com\/wp-content\/uploads\/2024\/05\/champagne-metal-transfer-label-1.mp4<\/a><\/video><\/div>","protected":false},"featured_media":2832,"template":"","meta":{"_kad_post_transparent":"default","_kad_post_title":"hide","_kad_post_layout":"fullwidth","_kad_post_sidebar_id":"","_kad_post_content_style":"unboxed","_kad_post_vertical_padding":"hide","_kad_post_feature":"hide","_kad_post_feature_position":"","_kad_post_header":false,"_kad_post_footer":false},"product_cat":[101,102],"product_tag":[655,447,656],"class_list":{"0":"post-2831","1":"product","2":"type-product","3":"status-publish","4":"has-post-thumbnail","6":"product_cat-transfer-stickers","7":"product_cat-metal-transfer-stickers","8":"product_tag-champagne-metallic-transfer-stickers","9":"product_tag-metallic-transfer-stickers","10":"product_tag-transfer-stickers-for-bottles","12":"first","13":"instock","14":"shipping-taxable","15":"product-type-simple","16":"entry","17":"content-bg","18":"loop-entry"},"_links":{"self":[{"href":"https:\/\/cmykprinted.com\/is\/wp-json\/wp\/v2\/product\/2831","targetHints":{"allow":["GET"]}}],"collection":[{"href":"https:\/\/cmykprinted.com\/is\/wp-json\/wp\/v2\/product"}],"about":[{"href":"https:\/\/cmykprinted.com\/is\/wp-json\/wp\/v2\/types\/product"}],"version-history":[{"count":1,"href":"https:\/\/cmykprinted.com\/is\/wp-json\/wp\/v2\/product\/2831\/revisions"}],"predecessor-version":[{"id":2836,"href":"https:\/\/cmykprinted.com\/is\/wp-json\/wp\/v2\/product\/2831\/revisions\/2836"}],"wp:featuredmedia":[{"embeddable":true,"href":"https:\/\/cmykprinted.com\/is\/wp-json\/wp\/v2\/media\/2832"}],"wp:attachment":[{"href":"https:\/\/cmykprinted.com\/is\/wp-json\/wp\/v2\/media?parent=2831"}],"wp:term":[{"taxonomy":"product_cat","embeddable":true,"href":"https:\/\/cmykprinted.com\/is\/wp-json\/wp\/v2\/product_cat?post=2831"},{"taxonomy":"product_tag","embeddable":true,"href":"https:\/\/cmykprinted.com\/is\/wp-json\/wp\/v2\/product_tag?post=2831"}],"curies":[{"name":"wp","href":"https:\/\/api.w.org\/{rel}","templated":true}]}}