{"id":2837,"date":"2025-07-19T09:37:38","date_gmt":"2025-07-19T09:37:38","guid":{"rendered":"https:\/\/cmykprinted.com\/?post_type=product&#038;p=2837"},"modified":"2025-07-19T09:37:39","modified_gmt":"2025-07-19T09:37:39","slug":"transfer-stickers-for-metal","status":"publish","type":"product","link":"https:\/\/cmykprinted.com\/is\/product\/yfirfaerslu-limmidar-fyrir-malma\/","title":{"rendered":"S\u00e9rsni\u00f0nir flutningsl\u00edmmi\u00f0ar fyrir m\u00e1lm fr\u00e1 k\u00ednverskum framlei\u00f0anda"},"content":{"rendered":"","protected":false},"excerpt":{"rendered":"<p>Uppg\u00f6tva\u00f0u h\u00e1g\u00e6\u00f0a l\u00edmmi\u00f0a fyrir m\u00e1lm fr\u00e1 traustum k\u00ednverskum framlei\u00f0anda, hanna\u00f0ir til a\u00f0 veita hreina og fagmannlega \u00e1fer\u00f0 fyrir v\u00f6rumerkja- og skreytingar\u00fearfir \u00fe\u00ednar. \u00deessir l\u00edmmi\u00f0ar eru s\u00e9rstaklega hanna\u00f0ir til a\u00f0 festast \u00f6rugglega vi\u00f0 m\u00e1lmyfirbor\u00f0 eins og ry\u00f0fr\u00edtt st\u00e1l, \u00e1l og h\u00fa\u00f0a\u00f0a m\u00e1lma, sem gerir \u00fe\u00e1 tilvalda til notkunar \u00e1 heimilist\u00e6kjum, v\u00e9lum, verkf\u00e6rum, nafnpl\u00f6tum, raft\u00e6kjum og fleiru.<\/p>\n<p>L\u00edmmi\u00f0arnir okkar eru framleiddir af n\u00e1kv\u00e6mni og eru \u00e1n bakgrunns, \u00feannig a\u00f0 a\u00f0eins merki\u00f0, h\u00f6nnunin e\u00f0a textinn er eftir \u00e1 yfirbor\u00f0inu. \u00deetta tryggir gl\u00e6silegt og samfellt \u00fatlit sem l\u00edkir eftir s\u00e9rsni\u00f0inni prentun e\u00f0a leturgr\u00f6ft \u00e1 mun l\u00e6gra ver\u00f0i. \u00deeir eru \u00far endingarg\u00f3\u00f0um efnum sem standast f\u00f6lvun, rispur og ve\u00f0ur\u00e1hrif, sem veitir langvarandi \u00e1rangur b\u00e6\u00f0i innandyra og utandyra.<\/p>\n<p>Sem lei\u00f0andi birgir \u00ed K\u00edna bj\u00f3\u00f0um vi\u00f0 upp \u00e1 samkeppnish\u00e6f ver\u00f0, hra\u00f0a framlei\u00f0slu og sveigjanlega m\u00f6guleika \u00e1 a\u00f0 s\u00e9rsn\u00ed\u00f0a v\u00f6rur, \u00fear \u00e1 me\u00f0al m\u00e1lmkennda, matta, glansandi og gegns\u00e6ja \u00e1fer\u00f0. Hvort sem \u00fe\u00fa \u00fearft litlar framlei\u00f0slulotur fyrir v\u00f6rumerki \u00ed verslunum e\u00f0a magnpantanir til i\u00f0na\u00f0arnota, \u00fe\u00e1 getur verksmi\u00f0jan okkar uppfyllt n\u00e1kv\u00e6mar kr\u00f6fur \u00fe\u00ednar me\u00f0 \u00e1rei\u00f0anlegum DDP sendingarm\u00f6guleikum um allan heim.<\/p>\n<p>Tilvali\u00f0 fyrir v\u00f6rumerkingar, fyrirt\u00e6kjagjafir, kynningarv\u00f6rumerki og fleira \u2014 flutningsl\u00edmmi\u00f0arnir okkar fyrir m\u00e1lm bj\u00f3\u00f0a upp \u00e1 snjalla og st\u00edlhreina lausn \u00e1 vi\u00f0r\u00e1\u00f0anlegu ver\u00f0i.<\/p>\n<figure id=\"attachment_2838\" aria-describedby=\"caption-attachment-2838\" style=\"width: 500px\" class=\"wp-caption alignnone\"><img fetchpriority=\"high\" decoding=\"async\" class=\"size-full wp-image-2838\" src=\"https:\/\/cmykprinted.com\/wp-content\/uploads\/2025\/07\/Transfer-Stickers-for-Metal.jpg\" alt=\"Flytji\u00f0 l\u00edmmi\u00f0a fyrir m\u00e1lm\" width=\"500\" height=\"500\" srcset=\"https:\/\/cmykprinted.com\/wp-content\/uploads\/2025\/07\/Transfer-Stickers-for-Metal.jpg 500w, https:\/\/cmykprinted.com\/wp-content\/uploads\/2025\/07\/Transfer-Stickers-for-Metal-300x300.jpg 300w, https:\/\/cmykprinted.com\/wp-content\/uploads\/2025\/07\/Transfer-Stickers-for-Metal-150x150.jpg 150w, https:\/\/cmykprinted.com\/wp-content\/uploads\/2025\/07\/Transfer-Stickers-for-Metal-12x12.jpg 12w, https:\/\/cmykprinted.com\/wp-content\/uploads\/2025\/07\/Transfer-Stickers-for-Metal-100x100.jpg 100w\" sizes=\"(max-width: 500px) 100vw, 500px\" \/><figcaption id=\"caption-attachment-2838\" class=\"wp-caption-text\">Flytji\u00f0 l\u00edmmi\u00f0a fyrir m\u00e1lm<\/figcaption><\/figure>","protected":false},"featured_media":2839,"template":"","meta":{"_kad_post_transparent":"default","_kad_post_title":"hide","_kad_post_layout":"fullwidth","_kad_post_sidebar_id":"","_kad_post_content_style":"unboxed","_kad_post_vertical_padding":"hide","_kad_post_feature":"hide","_kad_post_feature_position":"","_kad_post_header":false,"_kad_post_footer":false},"product_cat":[101,102],"product_tag":[454,657,658],"class_list":{"0":"post-2837","1":"product","2":"type-product","3":"status-publish","4":"has-post-thumbnail","6":"product_cat-transfer-stickers","7":"product_cat-metal-transfer-stickers","8":"product_tag-custom-transfer-stickers","9":"product_tag-transfer-stickers","10":"product_tag-transfer-stickers-for-metal","12":"first","13":"instock","14":"shipping-taxable","15":"product-type-simple","16":"entry","17":"content-bg","18":"loop-entry"},"_links":{"self":[{"href":"https:\/\/cmykprinted.com\/is\/wp-json\/wp\/v2\/product\/2837","targetHints":{"allow":["GET"]}}],"collection":[{"href":"https:\/\/cmykprinted.com\/is\/wp-json\/wp\/v2\/product"}],"about":[{"href":"https:\/\/cmykprinted.com\/is\/wp-json\/wp\/v2\/types\/product"}],"version-history":[{"count":1,"href":"https:\/\/cmykprinted.com\/is\/wp-json\/wp\/v2\/product\/2837\/revisions"}],"predecessor-version":[{"id":2844,"href":"https:\/\/cmykprinted.com\/is\/wp-json\/wp\/v2\/product\/2837\/revisions\/2844"}],"wp:featuredmedia":[{"embeddable":true,"href":"https:\/\/cmykprinted.com\/is\/wp-json\/wp\/v2\/media\/2839"}],"wp:attachment":[{"href":"https:\/\/cmykprinted.com\/is\/wp-json\/wp\/v2\/media?parent=2837"}],"wp:term":[{"taxonomy":"product_cat","embeddable":true,"href":"https:\/\/cmykprinted.com\/is\/wp-json\/wp\/v2\/product_cat?post=2837"},{"taxonomy":"product_tag","embeddable":true,"href":"https:\/\/cmykprinted.com\/is\/wp-json\/wp\/v2\/product_tag?post=2837"}],"curies":[{"name":"wp","href":"https:\/\/api.w.org\/{rel}","templated":true}]}}