{"id":2856,"date":"2025-10-17T08:07:33","date_gmt":"2025-10-17T08:07:33","guid":{"rendered":"https:\/\/cmykprinted.com\/?post_type=product&#038;p=2856"},"modified":"2025-10-17T08:07:33","modified_gmt":"2025-10-17T08:07:33","slug":"ez-tube-display","status":"publish","type":"product","link":"https:\/\/cmykprinted.com\/is\/product\/ez-ror-skjar\/","title":{"rendered":"\u00d3d\u00fdr s\u00e9rsni\u00f0in EZ Tube skj\u00e1bor\u00f0i me\u00f0 beinni spennuefni"},"content":{"rendered":"","protected":false},"excerpt":{"rendered":"<p>\u00deegar kemur a\u00f0 \u00fev\u00ed a\u00f0 s\u00fdna v\u00f6rumerki\u00f0 \u00feitt \u00e1 fagmannlegan, a\u00f0la\u00f0andi og skilvirkan h\u00e1tt, \u00fe\u00e1 jafnast ekkert \u00e1 vi\u00f0 EZ Tube Display. \u00deetta flytjanlega skj\u00e1kerfi er hanna\u00f0 me\u00f0 gl\u00e6silegan st\u00edl og au\u00f0velda samsetningu \u00ed huga og er \u00ed upp\u00e1haldi hj\u00e1 s\u00fdnendum, vi\u00f0bur\u00f0arskipuleggjendum og marka\u00f0sf\u00f3lki sem metur b\u00e6\u00f0i \u00fe\u00e6gindi og \u00e1hrif. Hvort sem um er a\u00f0 r\u00e6\u00f0a vi\u00f0skiptas\u00fdningar, v\u00f6rukynningar, s\u00fdningar e\u00f0a fyrirt\u00e6kjavi\u00f0bur\u00f0i, \u00fe\u00e1 gefur EZ Tube Display v\u00f6rumerkinu \u00fe\u00ednu f\u00e1ga\u00f0 og h\u00e1g\u00e6\u00f0a \u00fatlit sem vekur strax athygli.<\/p>\n<p>\u00cd samkeppnish\u00e6fu marka\u00f0sumhverfi n\u00fat\u00edmans stendur EZ Tube Display upp \u00far sem fj\u00f6lh\u00e6f, endingarg\u00f3\u00f0 og sj\u00f3nr\u00e6nt gl\u00e6sileg lausn fyrir fyrirt\u00e6ki sem vilja skapa varanlegt inntrykk. Me\u00f0 verkf\u00e6ralausri uppsetningu, sk\u00e6rum prentg\u00e6\u00f0um og endurn\u00fdtanlegri uppbyggingu b\u00fd\u00f0ur \u00fea\u00f0 upp \u00e1 \u00f3vi\u00f0jafnanlegt gildi og \u00fe\u00e6gindi fyrir faglega marka\u00f0ssetningu vi\u00f0bur\u00f0a. Lyftu n\u00e6stu vi\u00f0skiptas\u00fdningu e\u00f0a kynningarvi\u00f0bur\u00f0i upp \u00e1 n\u00fdtt stig me\u00f0 EZ Tube Display - \u00fear sem einfaldleiki m\u00e6tir f\u00e1gun og v\u00f6rumerki\u00f0 \u00feitt er \u00ed forgrunni.<\/p>\n<div style=\"width: 720px;\" class=\"wp-video\"><!--[if lt IE 9]><script>document.createElement('video');<\/script><![endif]--><br \/>\n<video class=\"wp-video-shortcode\" id=\"video-2856-1\" width=\"720\" height=\"1280\" preload=\"metadata\" controls=\"controls\"><source type=\"video\/mp4\" src=\"https:\/\/cmykprinted.com\/wp-content\/uploads\/2025\/07\/Branded-Backdrops.mp4?_=1\" \/><a href=\"https:\/\/cmykprinted.com\/wp-content\/uploads\/2025\/07\/Branded-Backdrops.mp4\">https:\/\/cmykprinted.com\/wp-content\/uploads\/2025\/07\/Branded-Backdrops.mp4<\/a><\/video><\/div>","protected":false},"featured_media":2857,"template":"","meta":{"_kad_post_transparent":"default","_kad_post_title":"hide","_kad_post_layout":"fullwidth","_kad_post_sidebar_id":"","_kad_post_content_style":"unboxed","_kad_post_vertical_padding":"hide","_kad_post_feature":"hide","_kad_post_feature_position":"","_kad_post_header":false,"_kad_post_footer":false},"product_cat":[97,100],"product_tag":[664,662,663,197],"class_list":{"0":"post-2856","1":"product","2":"type-product","3":"status-publish","4":"has-post-thumbnail","6":"product_cat-tension-fabric-displays","7":"product_cat-straight-tension-fabric-backdrop","8":"product_tag-custom-straight-tension-fabric-backdrop","9":"product_tag-ez-tube-display","10":"product_tag-ez-tube-display-banner","11":"product_tag-tension-fabric-backdrop","13":"first","14":"instock","15":"shipping-taxable","16":"product-type-simple","17":"entry","18":"content-bg","19":"loop-entry"},"_links":{"self":[{"href":"https:\/\/cmykprinted.com\/is\/wp-json\/wp\/v2\/product\/2856","targetHints":{"allow":["GET"]}}],"collection":[{"href":"https:\/\/cmykprinted.com\/is\/wp-json\/wp\/v2\/product"}],"about":[{"href":"https:\/\/cmykprinted.com\/is\/wp-json\/wp\/v2\/types\/product"}],"version-history":[{"count":1,"href":"https:\/\/cmykprinted.com\/is\/wp-json\/wp\/v2\/product\/2856\/revisions"}],"predecessor-version":[{"id":2863,"href":"https:\/\/cmykprinted.com\/is\/wp-json\/wp\/v2\/product\/2856\/revisions\/2863"}],"wp:featuredmedia":[{"embeddable":true,"href":"https:\/\/cmykprinted.com\/is\/wp-json\/wp\/v2\/media\/2857"}],"wp:attachment":[{"href":"https:\/\/cmykprinted.com\/is\/wp-json\/wp\/v2\/media?parent=2856"}],"wp:term":[{"taxonomy":"product_cat","embeddable":true,"href":"https:\/\/cmykprinted.com\/is\/wp-json\/wp\/v2\/product_cat?post=2856"},{"taxonomy":"product_tag","embeddable":true,"href":"https:\/\/cmykprinted.com\/is\/wp-json\/wp\/v2\/product_tag?post=2856"}],"curies":[{"name":"wp","href":"https:\/\/api.w.org\/{rel}","templated":true}]}}