{"id":2883,"date":"2025-11-03T04:08:00","date_gmt":"2025-11-03T04:08:00","guid":{"rendered":"https:\/\/cmykprinted.com\/?post_type=product&#038;p=2883"},"modified":"2025-11-03T04:08:00","modified_gmt":"2025-11-03T04:08:00","slug":"custom-trade-show-table-runner","status":"publish","type":"product","link":"https:\/\/cmykprinted.com\/is\/product\/sersnidinn-syningabordshlaupari\/","title":{"rendered":"\u00d3d\u00fdr heilds\u00f6lu s\u00e9rsni\u00f0in s\u00fdningarbor\u00f0hlaupari me\u00f0 48 klukkustunda afgrei\u00f0slut\u00edma"},"content":{"rendered":"","protected":false},"excerpt":{"rendered":"<p data-start=\"1431\" data-end=\"1712\">Skeri\u00f0 ykkur \u00far \u00e1 hverjum vi\u00f0bur\u00f0i me\u00f0 \u00f3d\u00fdrum s\u00e9rsni\u00f0num bor\u00f0hlaupurum okkar fyrir vi\u00f0skiptas\u00fdningar \u2014 snj\u00f6ll og hagkv\u00e6m lei\u00f0 til a\u00f0 s\u00fdna v\u00f6rumerki\u00f0 ykkar. Bor\u00f0hlaupararnir okkar fyrir vi\u00f0skiptas\u00fdningar eru \u00far endingarg\u00f3\u00f0u, krumpu\u00feolnu efni og prenta\u00f0ir \u00ed sk\u00e6rum litum til a\u00f0 l\u00e1ta l\u00f3g\u00f3i\u00f0 ykkar sk\u00edna.<\/p>\n<p data-start=\"1431\" data-end=\"1712\">\u00deessir bor\u00f0hlauparar \u00e1 vi\u00f0skiptas\u00fdningum eru fullkomnir fyrir s\u00fdningar, r\u00e1\u00f0stefnur og kynningarvi\u00f0bur\u00f0i og b\u00e6ta strax fagmennsku vi\u00f0 hva\u00f0a s\u00fdningarb\u00fana\u00f0 sem er. S\u00e9rsn\u00edddu st\u00e6r\u00f0, h\u00f6nnun og l\u00f3g\u00f3 til a\u00f0 passa fullkomlega vi\u00f0 v\u00f6rumerki\u00f0 \u00feitt.<\/p>\n<p data-start=\"1431\" data-end=\"1712\">Me\u00f0 48 klukkustunda afgrei\u00f0slut\u00edma okkar f\u00e6r\u00f0u h\u00e1g\u00e6\u00f0a bor\u00f0hlaupara fyrir vi\u00f0skiptas\u00fdningar afhenta hratt \u2014 tilvali\u00f0 fyrir \u00fer\u00f6nga t\u00edma\u00e1\u00e6tlun og vi\u00f0bur\u00f0i \u00e1 s\u00ed\u00f0ustu stundu. Hvort sem \u00fe\u00fa ert a\u00f0 panta einn e\u00f0a hundru\u00f0, \u00fe\u00e1 bj\u00f3\u00f0um vi\u00f0 upp \u00e1 \u00f3vi\u00f0jafnanleg heilds\u00f6luver\u00f0 og \u00e1rei\u00f0anlega \u00fej\u00f3nustu. Ger\u00f0u b\u00e1sinn \u00feinn \u00f3gleymanlegan me\u00f0 s\u00e9rsni\u00f0num bor\u00f0hlaupara fyrir vi\u00f0skiptas\u00fdningar sem sameina g\u00e6\u00f0i, hra\u00f0a og ver\u00f0m\u00e6ti.<\/p>\n<div style=\"width: 1280px;\" class=\"wp-video\"><!--[if lt IE 9]><script>document.createElement('video');<\/script><![endif]--><br \/>\n<video class=\"wp-video-shortcode\" id=\"video-2883-1\" width=\"1280\" height=\"720\" preload=\"metadata\" controls=\"controls\"><source type=\"video\/mp4\" src=\"https:\/\/cmykprinted.com\/wp-content\/uploads\/2025\/11\/Custom-Trade-Show-Table-Runner.mp4?_=1\" \/><a href=\"https:\/\/cmykprinted.com\/wp-content\/uploads\/2025\/11\/Custom-Trade-Show-Table-Runner.mp4\">https:\/\/cmykprinted.com\/wp-content\/uploads\/2025\/11\/Custom-Trade-Show-Table-Runner.mp4<\/a><\/video><\/div>","protected":false},"featured_media":2884,"template":"","meta":{"_kad_post_transparent":"default","_kad_post_title":"hide","_kad_post_layout":"fullwidth","_kad_post_sidebar_id":"","_kad_post_content_style":"unboxed","_kad_post_vertical_padding":"hide","_kad_post_feature":"hide","_kad_post_feature_position":"","_kad_post_header":false,"_kad_post_footer":false},"product_cat":[80,81],"product_tag":[244,672,671],"class_list":{"0":"post-2883","1":"product","2":"type-product","3":"status-publish","4":"has-post-thumbnail","6":"product_cat-custom-tablecloth","7":"product_cat-custom-stretch-tablecloth","8":"product_tag-custom-table-runner","9":"product_tag-custom-trade-show-table-runner","10":"product_tag-trade-show-table-runner","12":"first","13":"instock","14":"shipping-taxable","15":"product-type-simple","16":"entry","17":"content-bg","18":"loop-entry"},"_links":{"self":[{"href":"https:\/\/cmykprinted.com\/is\/wp-json\/wp\/v2\/product\/2883","targetHints":{"allow":["GET"]}}],"collection":[{"href":"https:\/\/cmykprinted.com\/is\/wp-json\/wp\/v2\/product"}],"about":[{"href":"https:\/\/cmykprinted.com\/is\/wp-json\/wp\/v2\/types\/product"}],"version-history":[{"count":1,"href":"https:\/\/cmykprinted.com\/is\/wp-json\/wp\/v2\/product\/2883\/revisions"}],"predecessor-version":[{"id":2890,"href":"https:\/\/cmykprinted.com\/is\/wp-json\/wp\/v2\/product\/2883\/revisions\/2890"}],"wp:featuredmedia":[{"embeddable":true,"href":"https:\/\/cmykprinted.com\/is\/wp-json\/wp\/v2\/media\/2884"}],"wp:attachment":[{"href":"https:\/\/cmykprinted.com\/is\/wp-json\/wp\/v2\/media?parent=2883"}],"wp:term":[{"taxonomy":"product_cat","embeddable":true,"href":"https:\/\/cmykprinted.com\/is\/wp-json\/wp\/v2\/product_cat?post=2883"},{"taxonomy":"product_tag","embeddable":true,"href":"https:\/\/cmykprinted.com\/is\/wp-json\/wp\/v2\/product_tag?post=2883"}],"curies":[{"name":"wp","href":"https:\/\/api.w.org\/{rel}","templated":true}]}}