{"id":2891,"date":"2025-11-03T07:59:54","date_gmt":"2025-11-03T07:59:54","guid":{"rendered":"https:\/\/cmykprinted.com\/?post_type=product&#038;p=2891"},"modified":"2025-11-03T07:59:54","modified_gmt":"2025-11-03T07:59:54","slug":"printed-table-runners-trade-show","status":"publish","type":"product","link":"https:\/\/cmykprinted.com\/is\/product\/prentadir-bordhlauparar-syning\/","title":{"rendered":"L\u00e1gt MOQ \u00ed fullum lit graf\u00edk prenta\u00f0 bor\u00f0hlaupara vi\u00f0skiptas\u00fdning me\u00f0 besta ver\u00f0i"},"content":{"rendered":"<p>Ger\u00f0u b\u00e1sinn \u00feinn \u00f3gleymanlegan me\u00f0 litr\u00edkum prentu\u00f0um bor\u00f0d\u00fakum okkar me\u00f0 l\u00e1gu l\u00e1gmarkskr\u00f6fum og besta ver\u00f0i. Prenta\u00f0ir bor\u00f0d\u00fakar okkar, sem eru hanna\u00f0ar fyrir fyrirt\u00e6ki sem vilja g\u00e6\u00f0i og ver\u00f0m\u00e6ti, skila l\u00edflegri, h\u00e1skerpu graf\u00edk sem vekur v\u00f6rumerki\u00f0 \u00feitt til l\u00edfsins. Hvort sem \u00fe\u00fa ert a\u00f0 s\u00e6kja s\u00fdningar, r\u00e1\u00f0stefnur e\u00f0a fyrirt\u00e6kjavi\u00f0bur\u00f0i, \u00fe\u00e1 tryggja prenta\u00f0ir bor\u00f0d\u00fakar okkar a\u00f0 bor\u00f0i\u00f0 \u00feitt l\u00edti fagmannlega \u00fat og s\u00e9 a\u00f0la\u00f0andi fr\u00e1 \u00f6llum sj\u00f3narhornum.<\/p>\n<p>Vi\u00f0 notum h\u00e1g\u00e6\u00f0a krumpu\u00feoli\u00f0 p\u00f3l\u00fdester og h\u00e1\u00fer\u00f3a\u00f0a litarefnisprentun til a\u00f0 b\u00faa til prenta\u00f0a bor\u00f0hlaupara fyrir vi\u00f0skiptas\u00fdningar sem s\u00fdna fram \u00e1 l\u00f3g\u00f3i\u00f0 \u00feitt, slagor\u00f0 og listaverk \u00ed st\u00f3rkostlegum litum. Me\u00f0 l\u00e1gu l\u00e1gmarksp\u00f6ntunarmagni (MOQ) og \u00f3vi\u00f0jafnanlegu ver\u00f0i beint fr\u00e1 verksmi\u00f0ju geta jafnvel l\u00edtil fyrirt\u00e6ki noti\u00f0 s\u00e9rsni\u00f0ins v\u00f6rumerkja \u00e1n \u00feess a\u00f0 ey\u00f0a of miklu. Veldu \u00far \u00fdmsum st\u00e6r\u00f0um og st\u00edlum til a\u00f0 passa fullkomlega vi\u00f0 hva\u00f0a s\u00fdningarbor\u00f0 sem er.<\/p>\n<p>Hr\u00f6\u00f0 framlei\u00f0sla, \u00e1rei\u00f0anleg g\u00e6\u00f0i og samkeppnish\u00e6f ver\u00f0 gera prenta\u00f0a bor\u00f0hlaupara okkar a\u00f0 besta valinu til a\u00f0 kynna v\u00f6rumerki\u00f0 \u00feitt me\u00f0 \u00e1hrifum og st\u00edl.<\/p>\n<div style=\"width: 1280px;\" class=\"wp-video\"><!--[if lt IE 9]><script>document.createElement('video');<\/script><![endif]-->\n<video class=\"wp-video-shortcode\" id=\"video-2891-1\" width=\"1280\" height=\"720\" preload=\"metadata\" controls=\"controls\"><source type=\"video\/mp4\" src=\"https:\/\/cmykprinted.com\/wp-content\/uploads\/2025\/11\/Printed-Table-Runners-Trade-Show.mp4?_=1\" \/><a href=\"https:\/\/cmykprinted.com\/wp-content\/uploads\/2025\/11\/Printed-Table-Runners-Trade-Show.mp4\">https:\/\/cmykprinted.com\/wp-content\/uploads\/2025\/11\/Printed-Table-Runners-Trade-Show.mp4<\/a><\/video><\/div>","protected":false},"excerpt":{"rendered":"<p>Make your booth unforgettable with our Low MOQ Best Price Full Color Graphic Printed Table Runners Trade Show collection. Designed for businesses that want quality and value, our printed table covers trade show products deliver vibrant, high-definition graphics that bring your brand to life. Whether you\u2019re attending exhibitions, conferences, or corporate events, our printed table&#8230;<\/p>","protected":false},"featured_media":2895,"template":"","meta":{"_kad_post_transparent":"default","_kad_post_title":"hide","_kad_post_layout":"fullwidth","_kad_post_sidebar_id":"","_kad_post_content_style":"unboxed","_kad_post_vertical_padding":"hide","_kad_post_feature":"hide","_kad_post_feature_position":"","_kad_post_header":false,"_kad_post_footer":false},"product_cat":[80,81],"product_tag":[674,673],"class_list":{"0":"post-2891","1":"product","2":"type-product","3":"status-publish","4":"has-post-thumbnail","6":"product_cat-custom-tablecloth","7":"product_cat-custom-stretch-tablecloth","8":"product_tag-full-color-graphic-printed-table-runners","9":"product_tag-printed-table-runners-trade-show","11":"first","12":"instock","13":"shipping-taxable","14":"product-type-simple","15":"entry","16":"content-bg","17":"loop-entry"},"_links":{"self":[{"href":"https:\/\/cmykprinted.com\/is\/wp-json\/wp\/v2\/product\/2891","targetHints":{"allow":["GET"]}}],"collection":[{"href":"https:\/\/cmykprinted.com\/is\/wp-json\/wp\/v2\/product"}],"about":[{"href":"https:\/\/cmykprinted.com\/is\/wp-json\/wp\/v2\/types\/product"}],"version-history":[{"count":1,"href":"https:\/\/cmykprinted.com\/is\/wp-json\/wp\/v2\/product\/2891\/revisions"}],"predecessor-version":[{"id":2900,"href":"https:\/\/cmykprinted.com\/is\/wp-json\/wp\/v2\/product\/2891\/revisions\/2900"}],"wp:featuredmedia":[{"embeddable":true,"href":"https:\/\/cmykprinted.com\/is\/wp-json\/wp\/v2\/media\/2895"}],"wp:attachment":[{"href":"https:\/\/cmykprinted.com\/is\/wp-json\/wp\/v2\/media?parent=2891"}],"wp:term":[{"taxonomy":"product_cat","embeddable":true,"href":"https:\/\/cmykprinted.com\/is\/wp-json\/wp\/v2\/product_cat?post=2891"},{"taxonomy":"product_tag","embeddable":true,"href":"https:\/\/cmykprinted.com\/is\/wp-json\/wp\/v2\/product_tag?post=2891"}],"curies":[{"name":"wp","href":"https:\/\/api.w.org\/{rel}","templated":true}]}}