{"id":2901,"date":"2025-11-07T02:21:11","date_gmt":"2025-11-07T02:21:11","guid":{"rendered":"https:\/\/cmykprinted.com\/?post_type=product&#038;p=2901"},"modified":"2025-11-07T02:21:11","modified_gmt":"2025-11-07T02:21:11","slug":"trade-show-table-covers-with-logo","status":"publish","type":"product","link":"https:\/\/cmykprinted.com\/is\/product\/syningar-bordklaedi-med-merki\/","title":{"rendered":"Bor\u00f0d\u00fakar fyrir vi\u00f0skiptamessur me\u00f0 merki me\u00f0 48 klukkustunda afgrei\u00f0slut\u00edma"},"content":{"rendered":"","protected":false},"excerpt":{"rendered":"<p>B\u00e6ttu vi\u00f0veru \u00fe\u00edna \u00e1 vi\u00f0bur\u00f0inum samstundis me\u00f0 bor\u00f0d\u00fakum okkar me\u00f0 merki \u00e1 vi\u00f0skiptamessum, hanna\u00f0ir fyrir fyrirt\u00e6ki sem \u00feurfa faglega v\u00f6rumerkjav\u00e6\u00f0ingu hratt.<\/p>\n<p>\u00deessir \u00farvals bor\u00f0d\u00fakar fyrir vi\u00f0skiptamessur eru a\u00f0 fullu s\u00e9rsni\u00f0nir me\u00f0 h\u00e1g\u00e6\u00f0a prentun \u00ed fullum lit til a\u00f0 draga fram l\u00f3g\u00f3i\u00f0 \u00feitt, skilabo\u00f0 og myndefni me\u00f0 sem mestum \u00e1hrifum.<\/p>\n<p>S\u00e9rsni\u00f0nu prentu\u00f0u bor\u00f0\u00e1kl\u00e6\u00f0in okkar fyrir vi\u00f0skiptamessur eru h\u00f6nnu\u00f0 til a\u00f0 lyfta hva\u00f0a s\u00fdningarb\u00e1s sem er og breyta venjulegum bor\u00f0um \u00ed athyglisver\u00f0a v\u00f6rumerkjas\u00fdningarglugga.<\/p>\n<p>Me\u00f0 48 klukkustunda afgrei\u00f0slut\u00edma okkar getur\u00f0u undirb\u00fai\u00f0 \u00feig fyrir s\u00ed\u00f0ustu stundu s\u00fdningar, r\u00e1\u00f0stefnur og marka\u00f0svi\u00f0bur\u00f0i \u00e1n \u00feess a\u00f0 f\u00f3rna g\u00e6\u00f0um. S\u00fdningarbor\u00f0d\u00fakarnir okkar eru \u00far endingarg\u00f3\u00f0u, krumpu\u00feolnu efni og f\u00e1st \u00ed a\u00f0sni\u00f0num, teygjanlegum og fellingar\u00fatlitum sem passa vi\u00f0 hva\u00f0a b\u00e1sa sem er.<\/p>\n<p>\u00deau eru au\u00f0veld \u00ed notkun, endurn\u00fdtanleg og tilvalin fyrir fyrirt\u00e6ki sem vilja samr\u00e6mda og faglega kynningu \u00e1 hverjum vi\u00f0bur\u00f0i.<\/p>\n<p>Veldu hra\u00f0virk, \u00e1rei\u00f0anleg og h\u00e1g\u00e6\u00f0a bor\u00f0d\u00faka fyrir vi\u00f0skiptamessur til a\u00f0 skera \u00feig \u00far og la\u00f0a a\u00f0 fleiri gesti \u00e1 n\u00e6stu vi\u00f0skiptamessu.<\/p>\n<div style=\"width: 1280px;\" class=\"wp-video\"><!--[if lt IE 9]><script>document.createElement('video');<\/script><![endif]--><br \/>\n<video class=\"wp-video-shortcode\" id=\"video-2901-1\" width=\"1280\" height=\"720\" preload=\"metadata\" controls=\"controls\"><source type=\"video\/mp4\" src=\"https:\/\/cmykprinted.com\/wp-content\/uploads\/2025\/11\/Trade-Show-Table-Covers-with-Logo.mp4?_=1\" \/><a href=\"https:\/\/cmykprinted.com\/wp-content\/uploads\/2025\/11\/Trade-Show-Table-Covers-with-Logo.mp4\">https:\/\/cmykprinted.com\/wp-content\/uploads\/2025\/11\/Trade-Show-Table-Covers-with-Logo.mp4<\/a><\/video><\/div>","protected":false},"featured_media":2903,"template":"","meta":{"_kad_post_transparent":"default","_kad_post_title":"hide","_kad_post_layout":"fullwidth","_kad_post_sidebar_id":"","_kad_post_content_style":"unboxed","_kad_post_vertical_padding":"hide","_kad_post_feature":"hide","_kad_post_feature_position":"","_kad_post_header":false,"_kad_post_footer":false},"product_cat":[80,81],"product_tag":[676,675,677],"class_list":{"0":"post-2901","1":"product","2":"type-product","3":"status-publish","4":"has-post-thumbnail","6":"product_cat-custom-tablecloth","7":"product_cat-custom-stretch-tablecloth","8":"product_tag-table-covers","9":"product_tag-trade-show-table-covers","10":"product_tag-trade-show-table-covers-with-logo","12":"first","13":"instock","14":"shipping-taxable","15":"product-type-simple","16":"entry","17":"content-bg","18":"loop-entry"},"_links":{"self":[{"href":"https:\/\/cmykprinted.com\/is\/wp-json\/wp\/v2\/product\/2901","targetHints":{"allow":["GET"]}}],"collection":[{"href":"https:\/\/cmykprinted.com\/is\/wp-json\/wp\/v2\/product"}],"about":[{"href":"https:\/\/cmykprinted.com\/is\/wp-json\/wp\/v2\/types\/product"}],"version-history":[{"count":1,"href":"https:\/\/cmykprinted.com\/is\/wp-json\/wp\/v2\/product\/2901\/revisions"}],"predecessor-version":[{"id":2907,"href":"https:\/\/cmykprinted.com\/is\/wp-json\/wp\/v2\/product\/2901\/revisions\/2907"}],"wp:featuredmedia":[{"embeddable":true,"href":"https:\/\/cmykprinted.com\/is\/wp-json\/wp\/v2\/media\/2903"}],"wp:attachment":[{"href":"https:\/\/cmykprinted.com\/is\/wp-json\/wp\/v2\/media?parent=2901"}],"wp:term":[{"taxonomy":"product_cat","embeddable":true,"href":"https:\/\/cmykprinted.com\/is\/wp-json\/wp\/v2\/product_cat?post=2901"},{"taxonomy":"product_tag","embeddable":true,"href":"https:\/\/cmykprinted.com\/is\/wp-json\/wp\/v2\/product_tag?post=2901"}],"curies":[{"name":"wp","href":"https:\/\/api.w.org\/{rel}","templated":true}]}}