{"id":393,"date":"2022-12-03T03:54:51","date_gmt":"2022-12-03T03:54:51","guid":{"rendered":"https:\/\/cmykprinted.com\/?post_type=product&#038;p=393"},"modified":"2022-12-09T09:14:36","modified_gmt":"2022-12-09T09:14:36","slug":"custom-printed-advertising-promotional-beach-feather-flag","status":"publish","type":"product","link":"https:\/\/cmykprinted.com\/is\/product\/custom-printed-advertising-promotional-beach-feather-flag\/","title":{"rendered":"S\u00e9rsni\u00f0in prentu\u00f0 augl\u00fdsingakynningarf\u00e1ni fyrir str\u00f6ndina"},"content":{"rendered":"","protected":false},"excerpt":{"rendered":"<p>Ertu a\u00f0 reyna a\u00f0 skera \u00feig \u00far \u00e1 fj\u00f6lf\u00f6rnum g\u00f6tu e\u00f0a \u00e1 fj\u00f6lmennum vi\u00f0skiptas\u00fdningum? Djarfir s\u00e9rsni\u00f0nir f\u00e1nar eru sannreynd lei\u00f0 til a\u00f0 vekja athygli \u00e1 vi\u00f0skiptum okkar \u00e1 b\u00e6ndamarka\u00f0i, v\u00f6rus\u00fdningu e\u00f0a matv\u00f6rub\u00edl. \u00deeir eru l\u00edka \u00e1hrifar\u00edk marka\u00f0ssetning me\u00f0 mikilli s\u00fdnileika - t\u00e6kif\u00e6ri til a\u00f0 l\u00e1ta nafn fyrirt\u00e6kis \u00fe\u00edns, l\u00f3g\u00f3 og liti taka eftir b\u00e6\u00f0i gangandi vegfarendum og umfer\u00f0. Augl\u00fdsingarf\u00e1narnir okkar koma me\u00f0 allt sem \u00fe\u00fa \u00fearft til a\u00f0 setja upp \u00e1 sl\u00e9ttu yfirbor\u00f0i. Pakkinn \u00feinn mun innihalda ve\u00f0ur\u00feoli\u00f0 p\u00f3l\u00fdesterf\u00e1ni, trefjagler- og \u00e1lst\u00f6ng, grunnstikubotn og jafnvel mj\u00fakt hulstur til a\u00f0 au\u00f0velda flutning. Sko\u00f0a\u00f0u galler\u00edi\u00f0 okkar me\u00f0 s\u00e9rsni\u00f0num f\u00e1nasni\u00f0m\u00e1tum, \u00fear \u00e1 me\u00f0al i\u00f0na\u00f0ar- og vi\u00f0bur\u00f0as\u00e9rt\u00e6ka valkosti. \u00deegar \u00fe\u00fa hefur fundi\u00f0 upp\u00e1haldsvalkost skaltu b\u00e6ta vi\u00f0 s\u00e9rsni\u00f0num uppl\u00fdsingum \u00fe\u00ednum \u00ed h\u00f6nnunarst\u00fad\u00ed\u00f3inu okkar \u00e1 netinu. Vi\u00f0 sj\u00e1um um afganginn, prentum fagmannlega og sendum p\u00f6ntunina \u00fe\u00edna. Augl\u00fdsingaf\u00e1ninn \u00feinn mun koma og l\u00edtur vel \u00fat og tilb\u00fainn til a\u00f0 byrja a\u00f0 sn\u00faa hausnum.<\/p>\n<div style=\"width: 1280px;\" class=\"wp-video\"><!--[if lt IE 9]><script>document.createElement('video');<\/script><![endif]--><br \/>\n<video class=\"wp-video-shortcode\" id=\"video-393-1\" width=\"1280\" height=\"720\" loop autoplay preload=\"auto\" controls=\"controls\"><source type=\"video\/mp4\" src=\"http:\/\/cmykprinted.com\/wp-content\/uploads\/2022\/12\/Custom-Printed-Advertising-Promotional-Beach-Feather-Flag.mp4?_=1\" \/><a href=\"http:\/\/cmykprinted.com\/wp-content\/uploads\/2022\/12\/Custom-Printed-Advertising-Promotional-Beach-Feather-Flag.mp4\">http:\/\/cmykprinted.com\/wp-content\/uploads\/2022\/12\/Custom-Printed-Advertising-Promotional-Beach-Feather-Flag.mp4<\/a><\/video><\/div>","protected":false},"featured_media":394,"template":"","meta":{"_kad_post_transparent":"default","_kad_post_title":"hide","_kad_post_layout":"fullwidth","_kad_post_sidebar_id":"","_kad_post_content_style":"unboxed","_kad_post_vertical_padding":"hide","_kad_post_feature":"hide","_kad_post_feature_position":"","_kad_post_header":false,"_kad_post_footer":false},"product_cat":[64,65,66,67],"product_tag":[107,104,105,106,108],"class_list":{"0":"post-393","1":"product","2":"type-product","3":"status-publish","4":"has-post-thumbnail","6":"product_cat-beach-flags","7":"product_cat-feather-flags-banners","8":"product_cat-rectangular-flags-banners","9":"product_cat-teardrop-flags-banners","10":"product_tag-advertising-beach-flag","11":"product_tag-beach-feather-flag","12":"product_tag-custom-beach-flag","13":"product_tag-custom-beach-flag-feather-flag","14":"product_tag-promotional-beach-flag","16":"first","17":"instock","18":"shipping-taxable","19":"product-type-simple","20":"entry","21":"content-bg","22":"loop-entry"},"_links":{"self":[{"href":"https:\/\/cmykprinted.com\/is\/wp-json\/wp\/v2\/product\/393","targetHints":{"allow":["GET"]}}],"collection":[{"href":"https:\/\/cmykprinted.com\/is\/wp-json\/wp\/v2\/product"}],"about":[{"href":"https:\/\/cmykprinted.com\/is\/wp-json\/wp\/v2\/types\/product"}],"version-history":[{"count":3,"href":"https:\/\/cmykprinted.com\/is\/wp-json\/wp\/v2\/product\/393\/revisions"}],"predecessor-version":[{"id":433,"href":"https:\/\/cmykprinted.com\/is\/wp-json\/wp\/v2\/product\/393\/revisions\/433"}],"wp:featuredmedia":[{"embeddable":true,"href":"https:\/\/cmykprinted.com\/is\/wp-json\/wp\/v2\/media\/394"}],"wp:attachment":[{"href":"https:\/\/cmykprinted.com\/is\/wp-json\/wp\/v2\/media?parent=393"}],"wp:term":[{"taxonomy":"product_cat","embeddable":true,"href":"https:\/\/cmykprinted.com\/is\/wp-json\/wp\/v2\/product_cat?post=393"},{"taxonomy":"product_tag","embeddable":true,"href":"https:\/\/cmykprinted.com\/is\/wp-json\/wp\/v2\/product_tag?post=393"}],"curies":[{"name":"wp","href":"https:\/\/api.w.org\/{rel}","templated":true}]}}