{"id":450,"date":"2022-12-15T14:11:51","date_gmt":"2022-12-15T14:11:51","guid":{"rendered":"https:\/\/cmykprinted.com\/?post_type=product&#038;p=450"},"modified":"2022-12-16T15:45:11","modified_gmt":"2022-12-16T15:45:11","slug":"10x10-waterproof-40mm-hexagon-frame-outdoor-trade-canopy-tent","status":"publish","type":"product","link":"https:\/\/cmykprinted.com\/is\/product\/10x10-waterproof-40mm-hexagon-frame-outdoor-trade-canopy-tent\/","title":{"rendered":"10\u00d710 vatnsheldur 40 mm sexhyrndur rammi \u00fativistartjald"},"content":{"rendered":"","protected":false},"excerpt":{"rendered":"<p>\u00deetta h\u00e1g\u00e6\u00f0a \u00fativi\u00f0skiptatjald er hentugur til margv\u00edslegra nota. Vatnsheldur, sexhyrningslaga ramminn og stillanleg h\u00e6\u00f0 gera \u00fea\u00f0 fj\u00f6lh\u00e6ft, en prentvalkostir \u00ed fullum litum gera \u00fe\u00e9r kleift a\u00f0 s\u00e9rsn\u00ed\u00f0a \u00fatlit tjaldsins. Innifali\u00f0 hylki \u00e1 hj\u00f3lum, jar\u00f0st\u00f6ngum og reipi gerir \u00fea\u00f0 au\u00f0velt a\u00f0 setja upp og festa tjaldi\u00f0 \u00e1 \u00fdmsum st\u00f6\u00f0um. \u00deetta tjald v\u00e6ri hentugur til notkunar \u00e1 v\u00f6rus\u00fdningum, \u00fativi\u00f0bur\u00f0um og sem t\u00edmabundi\u00f0 skj\u00f3l fyrir \u00fativist eins og \u00fatilegur e\u00f0a lautarfer\u00f0ir.<\/p>\n<div style=\"width: 1290px;\" class=\"wp-video\"><!--[if lt IE 9]><script>document.createElement('video');<\/script><![endif]--><br \/>\n<video class=\"wp-video-shortcode\" id=\"video-450-1\" width=\"1290\" height=\"726\" loop autoplay preload=\"auto\" controls=\"controls\"><source type=\"video\/mp4\" src=\"http:\/\/cmykprinted.com\/wp-content\/uploads\/2022\/12\/Custom-Canopy-Tents.mp4?_=1\" \/><a href=\"http:\/\/cmykprinted.com\/wp-content\/uploads\/2022\/12\/Custom-Canopy-Tents.mp4\">http:\/\/cmykprinted.com\/wp-content\/uploads\/2022\/12\/Custom-Canopy-Tents.mp4<\/a><\/video><\/div>","protected":false},"featured_media":457,"template":"","meta":{"_kad_post_transparent":"default","_kad_post_title":"hide","_kad_post_layout":"fullwidth","_kad_post_sidebar_id":"","_kad_post_content_style":"unboxed","_kad_post_vertical_padding":"hide","_kad_post_feature":"hide","_kad_post_feature_position":"","_kad_post_header":false,"_kad_post_footer":false},"product_cat":[68,70,69],"product_tag":[112,113,114],"class_list":{"0":"post-450","1":"product","2":"type-product","3":"status-publish","4":"has-post-thumbnail","6":"product_cat-custom-canopy-tents","7":"product_cat-10x10ft-custom-branded-canopy-tents","8":"product_cat-40mm-hexagon-aluminum-tents","9":"product_tag-40mm-hexagon-canopy-tent","10":"product_tag-outdoor-trade-canopy","11":"product_tag-outdoor-trade-tent","13":"first","14":"instock","15":"shipping-taxable","16":"product-type-simple","17":"entry","18":"content-bg","19":"loop-entry"},"_links":{"self":[{"href":"https:\/\/cmykprinted.com\/is\/wp-json\/wp\/v2\/product\/450","targetHints":{"allow":["GET"]}}],"collection":[{"href":"https:\/\/cmykprinted.com\/is\/wp-json\/wp\/v2\/product"}],"about":[{"href":"https:\/\/cmykprinted.com\/is\/wp-json\/wp\/v2\/types\/product"}],"version-history":[{"count":3,"href":"https:\/\/cmykprinted.com\/is\/wp-json\/wp\/v2\/product\/450\/revisions"}],"predecessor-version":[{"id":475,"href":"https:\/\/cmykprinted.com\/is\/wp-json\/wp\/v2\/product\/450\/revisions\/475"}],"wp:featuredmedia":[{"embeddable":true,"href":"https:\/\/cmykprinted.com\/is\/wp-json\/wp\/v2\/media\/457"}],"wp:attachment":[{"href":"https:\/\/cmykprinted.com\/is\/wp-json\/wp\/v2\/media?parent=450"}],"wp:term":[{"taxonomy":"product_cat","embeddable":true,"href":"https:\/\/cmykprinted.com\/is\/wp-json\/wp\/v2\/product_cat?post=450"},{"taxonomy":"product_tag","embeddable":true,"href":"https:\/\/cmykprinted.com\/is\/wp-json\/wp\/v2\/product_tag?post=450"}],"curies":[{"name":"wp","href":"https:\/\/api.w.org\/{rel}","templated":true}]}}