{"id":510,"date":"2022-12-17T13:15:19","date_gmt":"2022-12-17T13:15:19","guid":{"rendered":"https:\/\/cmykprinted.com\/?post_type=product&#038;p=510"},"modified":"2022-12-17T14:48:04","modified_gmt":"2022-12-17T14:48:04","slug":"outdoor-flexible-custom-printed-fence-mesh-banners-signs","status":"publish","type":"product","link":"https:\/\/cmykprinted.com\/is\/product\/outdoor-flexible-custom-printed-fence-mesh-banners-signs\/","title":{"rendered":"\u00dati sveigjanleg s\u00e9rsni\u00f0in prentu\u00f0 gir\u00f0ingarnet bor\u00f0ar skilti"},"content":{"rendered":"","protected":false},"excerpt":{"rendered":"<p>Gir\u00f0ingar m\u00f6skva bor\u00f0ar eru tegund af \u00fatiaugl\u00fdsingaefni sem er hanna\u00f0 til a\u00f0 standast vind og \u00f6nnur sl\u00e6m ve\u00f0urskilyr\u00f0i. \u00deeir eru ger\u00f0ir \u00far m\u00f6skva-eins efni sem gerir vindi kleift a\u00f0 fara \u00ed gegnum, sem gerir \u00fea\u00f0 a\u00f0 verkum a\u00f0 \u00feeir flaksi e\u00f0a bylgjum \u00ed vindinum. \u00deetta gerir \u00fe\u00e6r s\u00e9rstaklega hentugar til notkunar \u00ed staura-til-st\u00f6ng skj\u00e1i, byggingarumb\u00fa\u00f0ir og vinnupallamerki. M\u00f6skvabor\u00f0ar eru venjulega prenta\u00f0ir \u00e1 h\u00e1g\u00e6\u00f0a 440 GSM m\u00f6skva v\u00ednyl og eru afhentir faldir og me\u00f0 augum til a\u00f0 au\u00f0velt s\u00e9 a\u00f0 hengja \u00fe\u00e1 upp e\u00f0a festa vi\u00f0 mannvirki. \u00deeir geta veri\u00f0 hagkv\u00e6m lei\u00f0 til a\u00f0 augl\u00fdsa og kynna fyrirt\u00e6ki \u00feitt e\u00f0a vi\u00f0bur\u00f0 og verksmi\u00f0jan okkar getur bo\u00f0i\u00f0 magnafsl\u00e1tt af st\u00f3rum p\u00f6ntunum.<\/p>\n<div style=\"width: 1290px;\" class=\"wp-video\"><!--[if lt IE 9]><script>document.createElement('video');<\/script><![endif]--><br \/>\n<video class=\"wp-video-shortcode\" id=\"video-510-1\" width=\"1290\" height=\"726\" loop autoplay preload=\"auto\" controls=\"controls\"><source type=\"video\/mp4\" src=\"http:\/\/cmykprinted.com\/wp-content\/uploads\/2022\/12\/Fence-Mesh-Banners.mp4?_=1\" \/><a href=\"http:\/\/cmykprinted.com\/wp-content\/uploads\/2022\/12\/Fence-Mesh-Banners.mp4\">http:\/\/cmykprinted.com\/wp-content\/uploads\/2022\/12\/Fence-Mesh-Banners.mp4<\/a><\/video><\/div>\n<p>&nbsp;<\/p>","protected":false},"featured_media":512,"template":"","meta":{"_kad_post_transparent":"default","_kad_post_title":"hide","_kad_post_layout":"fullwidth","_kad_post_sidebar_id":"","_kad_post_content_style":"unboxed","_kad_post_vertical_padding":"hide","_kad_post_feature":"hide","_kad_post_feature_position":"","_kad_post_header":false,"_kad_post_footer":false},"product_cat":[85,87,86],"product_tag":[123,121,124,122],"class_list":{"0":"post-510","1":"product","2":"type-product","3":"status-publish","4":"has-post-thumbnail","6":"product_cat-outdoor-vinyl-banners","7":"product_cat-fabric-mesh-banners","8":"product_cat-fence-mesh-banners","9":"product_tag-custom-mesh-banners","10":"product_tag-fence-mesh-banners","11":"product_tag-flexible-mesh-banners","12":"product_tag-outdoor-mesh-banners","14":"first","15":"instock","16":"shipping-taxable","17":"product-type-simple","18":"entry","19":"content-bg","20":"loop-entry"},"_links":{"self":[{"href":"https:\/\/cmykprinted.com\/is\/wp-json\/wp\/v2\/product\/510","targetHints":{"allow":["GET"]}}],"collection":[{"href":"https:\/\/cmykprinted.com\/is\/wp-json\/wp\/v2\/product"}],"about":[{"href":"https:\/\/cmykprinted.com\/is\/wp-json\/wp\/v2\/types\/product"}],"version-history":[{"count":4,"href":"https:\/\/cmykprinted.com\/is\/wp-json\/wp\/v2\/product\/510\/revisions"}],"predecessor-version":[{"id":522,"href":"https:\/\/cmykprinted.com\/is\/wp-json\/wp\/v2\/product\/510\/revisions\/522"}],"wp:featuredmedia":[{"embeddable":true,"href":"https:\/\/cmykprinted.com\/is\/wp-json\/wp\/v2\/media\/512"}],"wp:attachment":[{"href":"https:\/\/cmykprinted.com\/is\/wp-json\/wp\/v2\/media?parent=510"}],"wp:term":[{"taxonomy":"product_cat","embeddable":true,"href":"https:\/\/cmykprinted.com\/is\/wp-json\/wp\/v2\/product_cat?post=510"},{"taxonomy":"product_tag","embeddable":true,"href":"https:\/\/cmykprinted.com\/is\/wp-json\/wp\/v2\/product_tag?post=510"}],"curies":[{"name":"wp","href":"https:\/\/api.w.org\/{rel}","templated":true}]}}