{"id":536,"date":"2022-12-18T04:41:34","date_gmt":"2022-12-18T04:41:34","guid":{"rendered":"https:\/\/cmykprinted.com\/?post_type=product&#038;p=536"},"modified":"2022-12-18T05:05:21","modified_gmt":"2022-12-18T05:05:21","slug":"outdoor-circle-pop-up-banner-stand-with-full-color-printing","status":"publish","type":"product","link":"https:\/\/cmykprinted.com\/is\/product\/outdoor-circle-pop-up-banner-stand-with-full-color-printing\/","title":{"rendered":"\u00dati hring sprettiglugga bor\u00f0i standa me\u00f0 fullum lit prentun"},"content":{"rendered":"","protected":false},"excerpt":{"rendered":"<p>Hringurinn sprettigluggi sem \u00fe\u00fa l\u00fdstir hlj\u00f3mar eins og gagnlegt marka\u00f0s- og augl\u00fdsingat\u00f3l sem h\u00e6gt er a\u00f0 nota til a\u00f0 s\u00fdna merki e\u00f0a v\u00f6rumerki fyrirt\u00e6kis \u00e1 vi\u00f0bur\u00f0um, v\u00f6rus\u00fdningum og \u00f6\u00f0rum kynningarstarfsemi. Einst\u00f6k l\u00f6gun hans og flj\u00f3tur uppsetningart\u00edmi gerir \u00fea\u00f0 a\u00f0 verkum a\u00f0 \u00fea\u00f0 hentar vel til notkunar \u00ed \u00fdmsum stillingum og frambo\u00f0 \u00e1 mismunandi st\u00e6r\u00f0um gerir \u00fea\u00f0 a\u00f0 verkum a\u00f0 \u00fea\u00f0 er sveigjanlegt hva\u00f0 var\u00f0ar pl\u00e1ssi\u00f0 sem er \u00ed bo\u00f0i fyrir skj\u00e1inn. Varanlegur, einkaleyfisbundinn rammi og l\u00e9tt h\u00f6nnun bor\u00f0ans gera \u00fea\u00f0 au\u00f0velt a\u00f0 flytja og geyma hann og bur\u00f0arpokinn hj\u00e1lpar til vi\u00f0 a\u00f0 halda honum verndu\u00f0um me\u00f0an \u00e1 flutningi stendur. Prentun \u00ed fullum lit gerir kleift a\u00f0 s\u00e9rsn\u00ed\u00f0a og getu til a\u00f0 b\u00faa til sj\u00f3nr\u00e6nt a\u00f0la\u00f0andi skj\u00e1i sem s\u00fdna v\u00f6rumerki fyrirt\u00e6kisins \u00e1 \u00e1hrifar\u00edkan h\u00e1tt.<\/p>\n<div style=\"width: 1290px;\" class=\"wp-video\"><!--[if lt IE 9]><script>document.createElement('video');<\/script><![endif]--><br \/>\n<video class=\"wp-video-shortcode\" id=\"video-536-1\" width=\"1290\" height=\"726\" loop autoplay preload=\"auto\" controls=\"controls\"><source type=\"video\/mp4\" src=\"http:\/\/cmykprinted.com\/wp-content\/uploads\/2022\/12\/Circle-Pop-Up-Banners.mp4?_=1\" \/><a href=\"http:\/\/cmykprinted.com\/wp-content\/uploads\/2022\/12\/Circle-Pop-Up-Banners.mp4\">http:\/\/cmykprinted.com\/wp-content\/uploads\/2022\/12\/Circle-Pop-Up-Banners.mp4<\/a><\/video><\/div>\n<p>&nbsp;<\/p>","protected":false},"featured_media":537,"template":"","meta":{"_kad_post_transparent":"default","_kad_post_title":"hide","_kad_post_layout":"fullwidth","_kad_post_sidebar_id":"","_kad_post_content_style":"unboxed","_kad_post_vertical_padding":"hide","_kad_post_feature":"hide","_kad_post_feature_position":"","_kad_post_header":false,"_kad_post_footer":false},"product_cat":[92,93],"product_tag":[125,127,126,128],"class_list":{"0":"post-536","1":"product","2":"type-product","3":"status-publish","4":"has-post-thumbnail","6":"product_cat-pop-up-banners","7":"product_cat-circle-pop-up-banners","8":"product_tag-circle-pop-up-banner","9":"product_tag-circle-pop-up-banner-stand","10":"product_tag-outdoor-pop-up-banner","11":"product_tag-pop-up-banner","13":"first","14":"instock","15":"shipping-taxable","16":"product-type-simple","17":"entry","18":"content-bg","19":"loop-entry"},"_links":{"self":[{"href":"https:\/\/cmykprinted.com\/is\/wp-json\/wp\/v2\/product\/536","targetHints":{"allow":["GET"]}}],"collection":[{"href":"https:\/\/cmykprinted.com\/is\/wp-json\/wp\/v2\/product"}],"about":[{"href":"https:\/\/cmykprinted.com\/is\/wp-json\/wp\/v2\/types\/product"}],"version-history":[{"count":3,"href":"https:\/\/cmykprinted.com\/is\/wp-json\/wp\/v2\/product\/536\/revisions"}],"predecessor-version":[{"id":548,"href":"https:\/\/cmykprinted.com\/is\/wp-json\/wp\/v2\/product\/536\/revisions\/548"}],"wp:featuredmedia":[{"embeddable":true,"href":"https:\/\/cmykprinted.com\/is\/wp-json\/wp\/v2\/media\/537"}],"wp:attachment":[{"href":"https:\/\/cmykprinted.com\/is\/wp-json\/wp\/v2\/media?parent=536"}],"wp:term":[{"taxonomy":"product_cat","embeddable":true,"href":"https:\/\/cmykprinted.com\/is\/wp-json\/wp\/v2\/product_cat?post=536"},{"taxonomy":"product_tag","embeddable":true,"href":"https:\/\/cmykprinted.com\/is\/wp-json\/wp\/v2\/product_tag?post=536"}],"curies":[{"name":"wp","href":"https:\/\/api.w.org\/{rel}","templated":true}]}}