{"id":549,"date":"2022-12-18T09:53:56","date_gmt":"2022-12-18T09:53:56","guid":{"rendered":"https:\/\/cmykprinted.com\/?post_type=product&#038;p=549"},"modified":"2022-12-18T10:09:57","modified_gmt":"2022-12-18T10:09:57","slug":"custom-shop-front-flag-double-sided-wall-flag-banner-sign","status":"publish","type":"product","link":"https:\/\/cmykprinted.com\/is\/product\/custom-shop-front-flag-double-sided-wall-flag-banner-sign\/","title":{"rendered":"S\u00e9rsni\u00f0in verslun framf\u00e1ni tv\u00edhli\u00f0a veggf\u00e1namerki"},"content":{"rendered":"","protected":false},"excerpt":{"rendered":"<p>Verslunarf\u00e1nar eru vins\u00e6l lei\u00f0 fyrir fyrirt\u00e6ki til a\u00f0 augl\u00fdsa v\u00f6rur s\u00ednar e\u00f0a \u00fej\u00f3nustu fyrir vegfarendum. \u00deau eru venjulega fest utan \u00e1 verslun e\u00f0a verslun og eru h\u00f6nnu\u00f0 til a\u00f0 vera \u00e1berandi og vekja athygli. Tv\u00e6r a\u00f0alger\u00f0ir b\u00fa\u00f0arf\u00e1na eru oddhvassar og beinar br\u00fanir. Ja\u00f0arf\u00e1nar hafa \u00fer\u00edhyrningslaga l\u00f6gun og eru venjulega festir \u00e1 st\u00f6ng, en beinir br\u00fanir f\u00e1nar eru r\u00e9tthyrndir og h\u00e6gt a\u00f0 festa \u00e1 vegg e\u00f0a hengja upp \u00ed loft. H\u00e6gt er a\u00f0 prenta b\u00e1\u00f0ar tegundir f\u00e1na me\u00f0 einhli\u00f0a e\u00f0a tv\u00edhli\u00f0a listaverkum, allt eftir \u00fe\u00f6rfum fyrirt\u00e6kisins.<br \/>\nF\u00e1nar a\u00f0 framan eru venjulega ger\u00f0ir \u00far \u00e1li e\u00f0a efni og h\u00e6gt er a\u00f0 prenta \u00fe\u00e6r me\u00f0 \u00fdmsum a\u00f0fer\u00f0um, \u00fear \u00e1 me\u00f0al UV stafr\u00e6nni prentun e\u00f0a litunarfl\u00f6gun. UV stafr\u00e6n prentun er ferli sem notar UV lj\u00f3s til a\u00f0 l\u00e6kna bleki\u00f0, sem lei\u00f0ir til lengri endingart\u00edma litar og b\u00e6ttrar m\u00f3tst\u00f6\u00f0u gegn f\u00f6lnun og vatnsskemmdum. Dye-sublimation er ferli sem notar hita til a\u00f0 flytja blek \u00far s\u00e9rst\u00f6kum papp\u00edr yfir \u00ed efni\u00f0, sem lei\u00f0ir til l\u00edflegs og skarps \u00e1fer\u00f0ar.<\/p>\n<p>&nbsp;<\/p>","protected":false},"featured_media":550,"template":"","meta":{"_kad_post_transparent":"default","_kad_post_title":"hide","_kad_post_layout":"fullwidth","_kad_post_sidebar_id":"","_kad_post_content_style":"unboxed","_kad_post_vertical_padding":"hide","_kad_post_feature":"hide","_kad_post_feature_position":"","_kad_post_header":false,"_kad_post_footer":false},"product_cat":[79],"product_tag":[131,133,132,129,130],"class_list":{"0":"post-549","1":"product","2":"type-product","3":"status-publish","4":"has-post-thumbnail","6":"product_cat-custom-flags","7":"product_tag-custom-flag","8":"product_tag-custom-wall-sign","9":"product_tag-double-sided-wall-flag","10":"product_tag-shop-front-flag","11":"product_tag-wall-flag","13":"first","14":"instock","15":"shipping-taxable","16":"product-type-simple","17":"entry","18":"content-bg","19":"loop-entry"},"_links":{"self":[{"href":"https:\/\/cmykprinted.com\/is\/wp-json\/wp\/v2\/product\/549","targetHints":{"allow":["GET"]}}],"collection":[{"href":"https:\/\/cmykprinted.com\/is\/wp-json\/wp\/v2\/product"}],"about":[{"href":"https:\/\/cmykprinted.com\/is\/wp-json\/wp\/v2\/types\/product"}],"version-history":[{"count":2,"href":"https:\/\/cmykprinted.com\/is\/wp-json\/wp\/v2\/product\/549\/revisions"}],"predecessor-version":[{"id":556,"href":"https:\/\/cmykprinted.com\/is\/wp-json\/wp\/v2\/product\/549\/revisions\/556"}],"wp:featuredmedia":[{"embeddable":true,"href":"https:\/\/cmykprinted.com\/is\/wp-json\/wp\/v2\/media\/550"}],"wp:attachment":[{"href":"https:\/\/cmykprinted.com\/is\/wp-json\/wp\/v2\/media?parent=549"}],"wp:term":[{"taxonomy":"product_cat","embeddable":true,"href":"https:\/\/cmykprinted.com\/is\/wp-json\/wp\/v2\/product_cat?post=549"},{"taxonomy":"product_tag","embeddable":true,"href":"https:\/\/cmykprinted.com\/is\/wp-json\/wp\/v2\/product_tag?post=549"}],"curies":[{"name":"wp","href":"https:\/\/api.w.org\/{rel}","templated":true}]}}