{"id":571,"date":"2022-12-18T10:43:31","date_gmt":"2022-12-18T10:43:31","guid":{"rendered":"https:\/\/cmykprinted.com\/?post_type=product&#038;p=571"},"modified":"2022-12-18T12:40:23","modified_gmt":"2022-12-18T12:40:23","slug":"20ft-straight-tension-fabric-displays-with-custom-printing","status":"publish","type":"product","link":"https:\/\/cmykprinted.com\/is\/product\/20ft-straight-tension-fabric-displays-with-custom-printing\/","title":{"rendered":"20 feta bein spennuefnisskj\u00e1r me\u00f0 s\u00e9rsni\u00f0inni prentun"},"content":{"rendered":"","protected":false},"excerpt":{"rendered":"<p>Spennuefnisskj\u00e1ir eru vins\u00e6ll kostur fyrir v\u00f6rus\u00fdningarb\u00e1sa og s\u00e9rstaka vi\u00f0bur\u00f0as\u00fdningar vegna \u00feess a\u00f0 \u00feeir eru l\u00e9ttir, au\u00f0velt a\u00f0 setja upp og veita v\u00f6rumerkinu \u00fe\u00ednu hreint og n\u00fat\u00edmalegt \u00fatlit. \u00deessir skj\u00e1ir nota innbygg\u00f0a d\u00fakhl\u00edf, sem er prentu\u00f0 me\u00f0 listaverkunum \u00fe\u00ednum, teyg\u00f0 yfir l\u00e9ttan ramma til a\u00f0 b\u00faa til margv\u00edslegar stillingar. Sumar algengar ger\u00f0ir af spennuefnisskj\u00e1m eru bor\u00f0ar standar, sprettigluggar og hangandi bor\u00f0ar. \u00deessi kerfi bj\u00f3\u00f0a upp \u00e1 fj\u00f6lbreytt \u00farval af s\u00e9rsni\u00f0num valkostum til a\u00f0 henta \u00fe\u00ednum einst\u00f6ku marka\u00f0s\u00fe\u00f6rfum og au\u00f0velt er a\u00f0 taka \u00feau \u00ed sundur og flytja \u00e1 mismunandi vi\u00f0bur\u00f0i. Spennuefnisskj\u00e1ir geta veri\u00f0 \u00e1hrifar\u00edk lei\u00f0 til a\u00f0 s\u00fdna v\u00f6rumerki\u00f0 \u00feitt og skilabo\u00f0 \u00e1 faglegan og sj\u00f3nr\u00e6nt a\u00f0la\u00f0andi h\u00e1tt.<\/p>\n<div style=\"width: 1290px;\" class=\"wp-video\"><!--[if lt IE 9]><script>document.createElement('video');<\/script><![endif]--><br \/>\n<video class=\"wp-video-shortcode\" id=\"video-571-1\" width=\"1290\" height=\"726\" loop autoplay preload=\"auto\" controls=\"controls\"><source type=\"video\/mp4\" src=\"http:\/\/cmykprinted.com\/wp-content\/uploads\/2022\/12\/Tension-Fabric-Displays.mp4?_=1\" \/><a href=\"http:\/\/cmykprinted.com\/wp-content\/uploads\/2022\/12\/Tension-Fabric-Displays.mp4\">http:\/\/cmykprinted.com\/wp-content\/uploads\/2022\/12\/Tension-Fabric-Displays.mp4<\/a><\/video><\/div>\n<p>&nbsp;<\/p>","protected":false},"featured_media":572,"template":"","meta":{"_kad_post_transparent":"default","_kad_post_title":"hide","_kad_post_layout":"fullwidth","_kad_post_sidebar_id":"","_kad_post_content_style":"unboxed","_kad_post_vertical_padding":"hide","_kad_post_feature":"hide","_kad_post_feature_position":"","_kad_post_header":false,"_kad_post_footer":false},"product_cat":[97,99],"product_tag":[136,137,135,134],"class_list":{"0":"post-571","1":"product","2":"type-product","3":"status-publish","4":"has-post-thumbnail","6":"product_cat-tension-fabric-displays","7":"product_cat-custom-fabric-displays","8":"product_tag-20ft-tension-fabric-displays","9":"product_tag-custom-tension-fabric-displays","10":"product_tag-straight-tension-fabric-displays","11":"product_tag-tension-fabric-displays","13":"first","14":"instock","15":"shipping-taxable","16":"product-type-simple","17":"entry","18":"content-bg","19":"loop-entry"},"_links":{"self":[{"href":"https:\/\/cmykprinted.com\/is\/wp-json\/wp\/v2\/product\/571","targetHints":{"allow":["GET"]}}],"collection":[{"href":"https:\/\/cmykprinted.com\/is\/wp-json\/wp\/v2\/product"}],"about":[{"href":"https:\/\/cmykprinted.com\/is\/wp-json\/wp\/v2\/types\/product"}],"version-history":[{"count":1,"href":"https:\/\/cmykprinted.com\/is\/wp-json\/wp\/v2\/product\/571\/revisions"}],"predecessor-version":[{"id":578,"href":"https:\/\/cmykprinted.com\/is\/wp-json\/wp\/v2\/product\/571\/revisions\/578"}],"wp:featuredmedia":[{"embeddable":true,"href":"https:\/\/cmykprinted.com\/is\/wp-json\/wp\/v2\/media\/572"}],"wp:attachment":[{"href":"https:\/\/cmykprinted.com\/is\/wp-json\/wp\/v2\/media?parent=571"}],"wp:term":[{"taxonomy":"product_cat","embeddable":true,"href":"https:\/\/cmykprinted.com\/is\/wp-json\/wp\/v2\/product_cat?post=571"},{"taxonomy":"product_tag","embeddable":true,"href":"https:\/\/cmykprinted.com\/is\/wp-json\/wp\/v2\/product_tag?post=571"}],"curies":[{"name":"wp","href":"https:\/\/api.w.org\/{rel}","templated":true}]}}