{"id":590,"date":"2022-12-19T03:28:56","date_gmt":"2022-12-19T03:28:56","guid":{"rendered":"https:\/\/cmykprinted.com\/?post_type=product&#038;p=590"},"modified":"2022-12-19T05:12:32","modified_gmt":"2022-12-19T05:12:32","slug":"high-quality-custom-uv-transfer-stickers-in-various-colors","status":"publish","type":"product","link":"https:\/\/cmykprinted.com\/is\/product\/high-quality-custom-uv-transfer-stickers-in-various-colors\/","title":{"rendered":"H\u00e1g\u00e6\u00f0a s\u00e9rsni\u00f0in UV flutningsl\u00edmmi\u00f0ar \u00ed \u00fdmsum litum"},"content":{"rendered":"","protected":false},"excerpt":{"rendered":"<p>S\u00e9rsni\u00f0nu UV flutningsl\u00edmmi\u00f0arnir okkar eru fr\u00e1b\u00e6r og hagkv\u00e6m lei\u00f0 til a\u00f0 kynna fyrirt\u00e6ki\u00f0 \u00feitt e\u00f0a setja pers\u00f3nulegan bl\u00e6 \u00e1 b\u00edlinn \u00feinn. Me\u00f0 yfir 50 s\u00e9refnum og litum til a\u00f0 velja \u00far, \u00fear \u00e1 me\u00f0al endurskins-, glimmer- og h\u00f3l\u00f3graf\u00edskum valkostum, getur\u00f0u b\u00fai\u00f0 til hinn fullkomna flutningsl\u00edmmi\u00f0a sem hentar \u00fe\u00ednum \u00fe\u00f6rfum. Hvort sem \u00fe\u00fa vilt nota fyrirt\u00e6ki \u00feitt til a\u00f0 augl\u00fdsa fyrirt\u00e6ki \u00feitt, v\u00f6rumerki e\u00f0a h\u00f3p, e\u00f0a \u00fe\u00fa vilt bara b\u00e6ta einhverjum pers\u00f3nuleika vi\u00f0 b\u00edlinn \u00feinn, \u00fe\u00e1 eru s\u00e9rsni\u00f0nu l\u00edmmi\u00f0arnir okkar fr\u00e1b\u00e6rt val. Auk \u00feess au\u00f0veldar h\u00f6nnunart\u00f3li\u00f0 okkar sem er au\u00f0velt \u00ed notkun a\u00f0 b\u00faa til ep\u00edska, s\u00e9rsni\u00f0na l\u00edmmi\u00f0a \u00e1 fer\u00f0inni sem l\u00e1ta \u00feig taka eftir \u00fe\u00e9r hvar sem \u00fe\u00fa fer\u00f0. Svo hvers vegna a\u00f0 b\u00ed\u00f0a? Byrja\u00f0u a\u00f0 hanna s\u00e9rsni\u00f0na UV flutningsl\u00edmmi\u00f0ana \u00fe\u00edna \u00ed dag og taktu marka\u00f0sstarf \u00feitt \u00e1 n\u00e6sta stig!<\/p>\n<div style=\"width: 1290px;\" class=\"wp-video\"><!--[if lt IE 9]><script>document.createElement('video');<\/script><![endif]--><br \/>\n<video class=\"wp-video-shortcode\" id=\"video-590-1\" width=\"1290\" height=\"726\" loop autoplay preload=\"auto\" controls=\"controls\"><source type=\"video\/mp4\" src=\"http:\/\/cmykprinted.com\/wp-content\/uploads\/2022\/12\/UV-Transfer-Stickers.mp4?_=1\" \/><a href=\"http:\/\/cmykprinted.com\/wp-content\/uploads\/2022\/12\/UV-Transfer-Stickers.mp4\">http:\/\/cmykprinted.com\/wp-content\/uploads\/2022\/12\/UV-Transfer-Stickers.mp4<\/a><\/video><\/div>\n<p>&nbsp;<\/p>","protected":false},"featured_media":591,"template":"","meta":{"_kad_post_transparent":"default","_kad_post_title":"hide","_kad_post_layout":"fullwidth","_kad_post_sidebar_id":"","_kad_post_content_style":"unboxed","_kad_post_vertical_padding":"hide","_kad_post_feature":"hide","_kad_post_feature_position":"","_kad_post_header":false,"_kad_post_footer":false},"product_cat":[101,103],"product_tag":[139,141,140,138],"class_list":{"0":"post-590","1":"product","2":"type-product","3":"status-publish","4":"has-post-thumbnail","6":"product_cat-transfer-stickers","7":"product_cat-uv-transfer-stickers","8":"product_tag-custom-uv-sticker","9":"product_tag-custom-uv-transfer-stickers","10":"product_tag-high-quality-transfer-stickers","11":"product_tag-uv-transfer-stickers","13":"first","14":"instock","15":"shipping-taxable","16":"product-type-simple","17":"entry","18":"content-bg","19":"loop-entry"},"_links":{"self":[{"href":"https:\/\/cmykprinted.com\/is\/wp-json\/wp\/v2\/product\/590","targetHints":{"allow":["GET"]}}],"collection":[{"href":"https:\/\/cmykprinted.com\/is\/wp-json\/wp\/v2\/product"}],"about":[{"href":"https:\/\/cmykprinted.com\/is\/wp-json\/wp\/v2\/types\/product"}],"version-history":[{"count":3,"href":"https:\/\/cmykprinted.com\/is\/wp-json\/wp\/v2\/product\/590\/revisions"}],"predecessor-version":[{"id":598,"href":"https:\/\/cmykprinted.com\/is\/wp-json\/wp\/v2\/product\/590\/revisions\/598"}],"wp:featuredmedia":[{"embeddable":true,"href":"https:\/\/cmykprinted.com\/is\/wp-json\/wp\/v2\/media\/591"}],"wp:attachment":[{"href":"https:\/\/cmykprinted.com\/is\/wp-json\/wp\/v2\/media?parent=590"}],"wp:term":[{"taxonomy":"product_cat","embeddable":true,"href":"https:\/\/cmykprinted.com\/is\/wp-json\/wp\/v2\/product_cat?post=590"},{"taxonomy":"product_tag","embeddable":true,"href":"https:\/\/cmykprinted.com\/is\/wp-json\/wp\/v2\/product_tag?post=590"}],"curies":[{"name":"wp","href":"https:\/\/api.w.org\/{rel}","templated":true}]}}