{"id":599,"date":"2022-12-21T12:16:59","date_gmt":"2022-12-21T12:16:59","guid":{"rendered":"https:\/\/cmykprinted.com\/?post_type=product&#038;p=599"},"modified":"2022-12-21T13:11:04","modified_gmt":"2022-12-21T13:11:04","slug":"outdoor-promotional-custom-rectangular-beach-flags-banners","status":"publish","type":"product","link":"https:\/\/cmykprinted.com\/is\/product\/outdoor-promotional-custom-rectangular-beach-flags-banners\/","title":{"rendered":"\u00dati kynningar S\u00e9rsni\u00f0in r\u00e9tthyrnd strandf\u00e1nar bor\u00f0ar"},"content":{"rendered":"","protected":false},"excerpt":{"rendered":"<p>\u00d3l\u00edkt \u00f6\u00f0rum f\u00e1naprentunarv\u00f6rum er r\u00e9tthyrnd strandf\u00e1ninn \u00e1fram beinn og spenntur og sn\u00fdst ekki me\u00f0 vindinum, jafnvel vi\u00f0 mest hvassvi\u00f0ri. \u00deetta er vegna einstakrar h\u00f6nnunar og sm\u00ed\u00f0i sem notar l\u00e9tt, endingargott efni og traustan grunn til a\u00f0 halda f\u00e1nanum uppr\u00e9ttum og st\u00f6\u00f0ugum. \u00deessi tiltekni strandf\u00e1ni er einnig \u00feekktur sem flj\u00fagandi bor\u00f0i og er tilvalinn til notkunar \u00ed a\u00f0st\u00e6\u00f0um \u00fear sem mikilv\u00e6gt er a\u00f0 hafa greinilega l\u00e6san texta \u00e1 augl\u00fdsingaefninu. \u00deessir prentu\u00f0u f\u00e1nar eru vins\u00e6l augl\u00fdsing fyrir v\u00f6rus\u00fdningar, vi\u00f0bur\u00f0i og a\u00f0rar samkomur utandyra og henta til notkunar b\u00e6\u00f0i innandyra og utandyra. Tv\u00edhli\u00f0a valkosturinn, \u00fear sem f\u00e1ninn er prenta\u00f0ur \u00e1 b\u00e1\u00f0ar hli\u00f0ar, er f\u00e1anlegur fyrir h\u00e1marks h\u00f6gg og s\u00fdnileika og er s\u00e9rstaklega gagnlegur \u00ed a\u00f0st\u00e6\u00f0um \u00fear sem f\u00e1ninn ver\u00f0ur sko\u00f0a\u00f0ur fr\u00e1 m\u00f6rgum sj\u00f3narhornum. Fyrir frekari uppl\u00fdsingar um mismunandi st\u00e6r\u00f0ir og undirst\u00f6\u00f0ur \u00ed bo\u00f0i fyrir \u00feessa f\u00e1na, vinsamlegast sko\u00f0a\u00f0u forskriftarflipann.<\/p>\n<div style=\"width: 1290px;\" class=\"wp-video\"><!--[if lt IE 9]><script>document.createElement('video');<\/script><![endif]--><br \/>\n<video class=\"wp-video-shortcode\" id=\"video-599-1\" width=\"1290\" height=\"726\" loop autoplay preload=\"auto\" controls=\"controls\"><source type=\"video\/mp4\" src=\"http:\/\/cmykprinted.com\/wp-content\/uploads\/2022\/12\/Rectangular-Beach-Flags.mp4?_=1\" \/><a href=\"http:\/\/cmykprinted.com\/wp-content\/uploads\/2022\/12\/Rectangular-Beach-Flags.mp4\">http:\/\/cmykprinted.com\/wp-content\/uploads\/2022\/12\/Rectangular-Beach-Flags.mp4<\/a><\/video><\/div>","protected":false},"featured_media":600,"template":"","meta":{"_kad_post_transparent":"default","_kad_post_title":"hide","_kad_post_layout":"fullwidth","_kad_post_sidebar_id":"","_kad_post_content_style":"unboxed","_kad_post_vertical_padding":"hide","_kad_post_feature":"hide","_kad_post_feature_position":"","_kad_post_header":false,"_kad_post_footer":false},"product_cat":[64,66],"product_tag":[144,142,146,143,145],"class_list":{"0":"post-599","1":"product","2":"type-product","3":"status-publish","4":"has-post-thumbnail","6":"product_cat-beach-flags","7":"product_cat-rectangular-flags-banners","8":"product_tag-custom-beach-flags","9":"product_tag-outdoor-beach-flags","10":"product_tag-outdoor-promotional-beach-banners","11":"product_tag-promotional-beach-flags","12":"product_tag-rectangular-beach-flags","14":"first","15":"instock","16":"shipping-taxable","17":"product-type-simple","18":"entry","19":"content-bg","20":"loop-entry"},"_links":{"self":[{"href":"https:\/\/cmykprinted.com\/is\/wp-json\/wp\/v2\/product\/599","targetHints":{"allow":["GET"]}}],"collection":[{"href":"https:\/\/cmykprinted.com\/is\/wp-json\/wp\/v2\/product"}],"about":[{"href":"https:\/\/cmykprinted.com\/is\/wp-json\/wp\/v2\/types\/product"}],"version-history":[{"count":5,"href":"https:\/\/cmykprinted.com\/is\/wp-json\/wp\/v2\/product\/599\/revisions"}],"predecessor-version":[{"id":611,"href":"https:\/\/cmykprinted.com\/is\/wp-json\/wp\/v2\/product\/599\/revisions\/611"}],"wp:featuredmedia":[{"embeddable":true,"href":"https:\/\/cmykprinted.com\/is\/wp-json\/wp\/v2\/media\/600"}],"wp:attachment":[{"href":"https:\/\/cmykprinted.com\/is\/wp-json\/wp\/v2\/media?parent=599"}],"wp:term":[{"taxonomy":"product_cat","embeddable":true,"href":"https:\/\/cmykprinted.com\/is\/wp-json\/wp\/v2\/product_cat?post=599"},{"taxonomy":"product_tag","embeddable":true,"href":"https:\/\/cmykprinted.com\/is\/wp-json\/wp\/v2\/product_tag?post=599"}],"curies":[{"name":"wp","href":"https:\/\/api.w.org\/{rel}","templated":true}]}}