{"id":612,"date":"2022-12-21T13:15:52","date_gmt":"2022-12-21T13:15:52","guid":{"rendered":"https:\/\/cmykprinted.com\/?post_type=product&#038;p=612"},"modified":"2022-12-21T14:08:22","modified_gmt":"2022-12-21T14:08:22","slug":"outdoor-folding-50mm-heavy-duty-hexagonal-aluminum-tents","status":"publish","type":"product","link":"https:\/\/cmykprinted.com\/is\/product\/outdoor-folding-50mm-heavy-duty-hexagonal-aluminum-tents\/","title":{"rendered":"\u00dati samanbrj\u00f3tanleg 50 mm \u00feung sexhyrnd \u00e1l tj\u00f6ld"},"content":{"rendered":"","protected":false},"excerpt":{"rendered":"<p>50 mm \u00feunga sexhyrndu \u00e1ltj\u00f6ldin okkar eru fullkomin lausn fyrir hvers kyns \u00fativi\u00f0bur\u00f0i, \u00fear \u00e1 me\u00f0al fl\u00f3amarka\u00f0i, handverkss\u00fdningar, \u00ed\u00fer\u00f3ttavi\u00f0bur\u00f0i og listah\u00e1t\u00ed\u00f0ir. \u00deau henta l\u00edka til notkunar innanh\u00fass, sem gerir \u00feau \u00f3tr\u00falega fj\u00f6lh\u00e6f og \u00fe\u00e6gileg. Topparnir eru ger\u00f0ir \u00far sterku p\u00f3l\u00fdester sem er b\u00e6\u00f0i vatnsheldur og prenta\u00f0 me\u00f0 UV-varnu bleki, sem tryggir a\u00f0 \u00feeir s\u00e9u bygg\u00f0ir til a\u00f0 endast og \u00feola ve\u00f0ur. Fyrir utan endingu \u00feeirra og virkni eru s\u00e9rsni\u00f0in tj\u00f6ld okkar einnig mj\u00f6g flytjanleg, sem gerir \u00feau a\u00f0 fullkomnu vali fyrir einstaklinga og stofnanir sem \u00feurfa \u00e1rei\u00f0anlega og \u00fe\u00e6gilega skj\u00f3llausn sem getur fer\u00f0ast n\u00e1nast hvert sem er. Hvort sem \u00fe\u00fa \u00fearft t\u00edmabundna tjaldhiminn fyrir einstaka vi\u00f0bur\u00f0i e\u00f0a langt\u00edma skj\u00f3llausn fyrir fyrirt\u00e6ki \u00feitt e\u00f0a stofnun, \u00fe\u00e1 bj\u00f3\u00f0a 50 mm \u00feungur sexhyrndu \u00e1ltj\u00f6ldin okkar fullkomna samsetningu styrks, endingar og \u00fe\u00e6ginda.<\/p>\n<div style=\"width: 1290px;\" class=\"wp-video\"><!--[if lt IE 9]><script>document.createElement('video');<\/script><![endif]--><br \/>\n<video class=\"wp-video-shortcode\" id=\"video-612-1\" width=\"1290\" height=\"726\" loop autoplay preload=\"auto\" controls=\"controls\"><source type=\"video\/mp4\" src=\"http:\/\/cmykprinted.com\/wp-content\/uploads\/2022\/12\/50mm-Heavy-Duty-Hexagon-Aluminum-Tents.mp4?_=1\" \/><a href=\"http:\/\/cmykprinted.com\/wp-content\/uploads\/2022\/12\/50mm-Heavy-Duty-Hexagon-Aluminum-Tents.mp4\">http:\/\/cmykprinted.com\/wp-content\/uploads\/2022\/12\/50mm-Heavy-Duty-Hexagon-Aluminum-Tents.mp4<\/a><\/video><\/div>","protected":false},"featured_media":613,"template":"","meta":{"_kad_post_transparent":"default","_kad_post_title":"hide","_kad_post_layout":"fullwidth","_kad_post_sidebar_id":"","_kad_post_content_style":"unboxed","_kad_post_vertical_padding":"hide","_kad_post_feature":"hide","_kad_post_feature_position":"","_kad_post_header":false,"_kad_post_footer":false},"product_cat":[68,75,74],"product_tag":[147,151,149,148,150],"class_list":{"0":"post-612","1":"product","2":"type-product","3":"status-publish","4":"has-post-thumbnail","6":"product_cat-custom-canopy-tents","7":"product_cat-10x10-custom-branded-canopy-tents","8":"product_cat-50mm-heavy-duty-hexagon-aluminum-tents","9":"product_tag-50mm-heavy-duty-hexagonal-aluminum-tents","10":"product_tag-folding-aluminum-tents","11":"product_tag-heavy-duty-aluminum-tents","12":"product_tag-hexagonal-aluminum-tents","13":"product_tag-outdoor-aluminum-tents","15":"first","16":"instock","17":"shipping-taxable","18":"product-type-simple","19":"entry","20":"content-bg","21":"loop-entry"},"_links":{"self":[{"href":"https:\/\/cmykprinted.com\/is\/wp-json\/wp\/v2\/product\/612","targetHints":{"allow":["GET"]}}],"collection":[{"href":"https:\/\/cmykprinted.com\/is\/wp-json\/wp\/v2\/product"}],"about":[{"href":"https:\/\/cmykprinted.com\/is\/wp-json\/wp\/v2\/types\/product"}],"version-history":[{"count":3,"href":"https:\/\/cmykprinted.com\/is\/wp-json\/wp\/v2\/product\/612\/revisions"}],"predecessor-version":[{"id":623,"href":"https:\/\/cmykprinted.com\/is\/wp-json\/wp\/v2\/product\/612\/revisions\/623"}],"wp:featuredmedia":[{"embeddable":true,"href":"https:\/\/cmykprinted.com\/is\/wp-json\/wp\/v2\/media\/613"}],"wp:attachment":[{"href":"https:\/\/cmykprinted.com\/is\/wp-json\/wp\/v2\/media?parent=612"}],"wp:term":[{"taxonomy":"product_cat","embeddable":true,"href":"https:\/\/cmykprinted.com\/is\/wp-json\/wp\/v2\/product_cat?post=612"},{"taxonomy":"product_tag","embeddable":true,"href":"https:\/\/cmykprinted.com\/is\/wp-json\/wp\/v2\/product_tag?post=612"}],"curies":[{"name":"wp","href":"https:\/\/api.w.org\/{rel}","templated":true}]}}