{"id":624,"date":"2022-12-22T03:01:03","date_gmt":"2022-12-22T03:01:03","guid":{"rendered":"https:\/\/cmykprinted.com\/?post_type=product&#038;p=624"},"modified":"2022-12-22T03:51:54","modified_gmt":"2022-12-22T03:51:54","slug":"custom-printed-hand-flags-handheld-stick-flag-at-cheap-price","status":"publish","type":"product","link":"https:\/\/cmykprinted.com\/is\/product\/custom-printed-hand-flags-handheld-stick-flag-at-cheap-price\/","title":{"rendered":"S\u00e9rsni\u00f0in prentu\u00f0 handf\u00e1nar Handfesta staff\u00e1ni \u00e1 \u00f3d\u00fdru ver\u00f0i"},"content":{"rendered":"","protected":false},"excerpt":{"rendered":"<p>S\u00e9rprenta\u00f0ir handf\u00e1nar eru fr\u00e1b\u00e6r lei\u00f0 til a\u00f0 koma skilabo\u00f0um \u00fe\u00ednum \u00e1 framf\u00e6ri vi\u00f0 hva\u00f0a atbur\u00f0i e\u00f0a kynningu sem er. \u00deeir eru \u00e1 vi\u00f0r\u00e1\u00f0anlegu ver\u00f0i, en samt t\u00ednast til \u00feegar kemur a\u00f0 \u00fev\u00ed a\u00f0 vekja athygli. Hvort sem \u00fe\u00fa ert \u00e1 v\u00f6rus\u00fdningu, \u00ed\u00fer\u00f3ttaleik, skr\u00fa\u00f0g\u00f6ngu, r\u00e1\u00f0stefnu e\u00f0a hvers kyns \u00f6\u00f0rum vi\u00f0bur\u00f0um, \u00fe\u00e1 eru s\u00e9rprenta\u00f0ir handf\u00e1nar fr\u00e1b\u00e6r lei\u00f0 til a\u00f0 s\u00fdna v\u00f6rumerki\u00f0 \u00feitt e\u00f0a skilabo\u00f0. \u00deeir eru ger\u00f0ir \u00far endingarg\u00f3\u00f0u p\u00f3l\u00fdesterefni og eru prenta\u00f0ir me\u00f0 dye sublimation prentun, sem tryggir a\u00f0 litirnir s\u00e9u sterkir og l\u00edflegir. F\u00e1narnir eru einhli\u00f0a prenta\u00f0ir, sem \u00fe\u00fd\u00f0ir a\u00f0 myndin s\u00e9st \u00e1 annarri hli\u00f0inni og bakhli\u00f0in er spegilmynd. \u00deau eru kl\u00e1ru\u00f0 me\u00f0 anna\u00f0hvort plast- e\u00f0a tr\u00e9sk\u00faffu og fest vi\u00f0 priki\u00f0 me\u00f0 f\u00e1naermi. S\u00e9rprenta\u00f0ir handf\u00e1nar eru ekki a\u00f0eins fr\u00e1b\u00e6r lei\u00f0 til a\u00f0 kynna v\u00f6rumerki\u00f0 \u00feitt e\u00f0a skilabo\u00f0, heldur eru \u00feeir l\u00edka skemmtileg og gagnvirk lei\u00f0 til a\u00f0 eiga samskipti vi\u00f0 \u00e1horfendur. Svo hvers vegna a\u00f0 b\u00ed\u00f0a? F\u00e1\u00f0u s\u00e9rsni\u00f0na prenta\u00f0a handf\u00e1na \u00fe\u00edna \u00ed dag og horf\u00f0u \u00e1 skilabo\u00f0in \u00fe\u00edn taka flugi\u00f0!<\/p>\n<div style=\"width: 1290px;\" class=\"wp-video\"><!--[if lt IE 9]><script>document.createElement('video');<\/script><![endif]--><br \/>\n<video class=\"wp-video-shortcode\" id=\"video-624-1\" width=\"1290\" height=\"726\" loop autoplay preload=\"auto\" controls=\"controls\"><source type=\"video\/mp4\" src=\"http:\/\/cmykprinted.com\/wp-content\/uploads\/2022\/12\/Custom-Printed-Hand-Flags.mp4?_=1\" \/><a href=\"http:\/\/cmykprinted.com\/wp-content\/uploads\/2022\/12\/Custom-Printed-Hand-Flags.mp4\">http:\/\/cmykprinted.com\/wp-content\/uploads\/2022\/12\/Custom-Printed-Hand-Flags.mp4<\/a><\/video><\/div>\n<p>&nbsp;<\/p>","protected":false},"featured_media":625,"template":"","meta":{"_kad_post_transparent":"default","_kad_post_title":"hide","_kad_post_layout":"fullwidth","_kad_post_sidebar_id":"","_kad_post_content_style":"unboxed","_kad_post_vertical_padding":"hide","_kad_post_feature":"hide","_kad_post_feature_position":"","_kad_post_header":false,"_kad_post_footer":false},"product_cat":[79],"product_tag":[153,155,152,154],"class_list":{"0":"post-624","1":"product","2":"type-product","3":"status-publish","4":"has-post-thumbnail","6":"product_cat-custom-flags","7":"product_tag-custom-hand-flags","8":"product_tag-custom-handheld-flag","9":"product_tag-custom-printed-hand-flags","10":"product_tag-handheld-stick-flag","12":"first","13":"instock","14":"shipping-taxable","15":"product-type-simple","16":"entry","17":"content-bg","18":"loop-entry"},"_links":{"self":[{"href":"https:\/\/cmykprinted.com\/is\/wp-json\/wp\/v2\/product\/624","targetHints":{"allow":["GET"]}}],"collection":[{"href":"https:\/\/cmykprinted.com\/is\/wp-json\/wp\/v2\/product"}],"about":[{"href":"https:\/\/cmykprinted.com\/is\/wp-json\/wp\/v2\/types\/product"}],"version-history":[{"count":4,"href":"https:\/\/cmykprinted.com\/is\/wp-json\/wp\/v2\/product\/624\/revisions"}],"predecessor-version":[{"id":635,"href":"https:\/\/cmykprinted.com\/is\/wp-json\/wp\/v2\/product\/624\/revisions\/635"}],"wp:featuredmedia":[{"embeddable":true,"href":"https:\/\/cmykprinted.com\/is\/wp-json\/wp\/v2\/media\/625"}],"wp:attachment":[{"href":"https:\/\/cmykprinted.com\/is\/wp-json\/wp\/v2\/media?parent=624"}],"wp:term":[{"taxonomy":"product_cat","embeddable":true,"href":"https:\/\/cmykprinted.com\/is\/wp-json\/wp\/v2\/product_cat?post=624"},{"taxonomy":"product_tag","embeddable":true,"href":"https:\/\/cmykprinted.com\/is\/wp-json\/wp\/v2\/product_tag?post=624"}],"curies":[{"name":"wp","href":"https:\/\/api.w.org\/{rel}","templated":true}]}}