{"id":644,"date":"2022-12-22T07:18:12","date_gmt":"2022-12-22T07:18:12","guid":{"rendered":"https:\/\/cmykprinted.com\/?post_type=product&#038;p=644"},"modified":"2022-12-22T07:55:34","modified_gmt":"2022-12-22T07:55:34","slug":"custom-table-runners-table-cover-trade-show-tablecloth","status":"publish","type":"product","link":"https:\/\/cmykprinted.com\/is\/product\/custom-table-runners-table-cover-trade-show-tablecloth\/","title":{"rendered":"S\u00e9rsni\u00f0in Table Runners Bor\u00f0 Cover Trade Show D\u00fakur"},"content":{"rendered":"","protected":false},"excerpt":{"rendered":"<p>Ef \u00feig vantar s\u00e9rsni\u00f0na bor\u00f0hlaupara fyrir fyrirt\u00e6ki \u00feitt e\u00f0a pers\u00f3nulega vi\u00f0bur\u00f0i \u00fe\u00e1 erum vi\u00f0 me\u00f0 \u00feig. H\u00e1g\u00e6\u00f0a bor\u00f0h\u00fa\u00f0in okkar eru fullkomin fyrir allt fr\u00e1 v\u00f6rus\u00fdningum til fj\u00e1r\u00f6flunar og \u00feau eru h\u00f6nnu\u00f0 til a\u00f0 endast. \u00dar g\u00e6\u00f0a p\u00f3l\u00fdesterefni og me\u00f0 1440DPI litarefnis-sublimation prentun \u00ed fullum lit, munu \u00feessi s\u00e9rsni\u00f0nu prentu\u00f0u bor\u00f0hlauparar \u00f6rugglega gefa varanlegan svip. Nota\u00f0u \u00feau til a\u00f0 kynna v\u00f6rumerki\u00f0 \u00feitt e\u00f0a l\u00f3g\u00f3i\u00f0 \u00e1 r\u00e1\u00f0stefnum, vi\u00f0bur\u00f0um e\u00f0a v\u00f6rus\u00fdningum, e\u00f0a einfaldlega b\u00e6ttu \u00feeim vi\u00f0 trausta bor\u00f0k\u00e1pu til a\u00f0 f\u00e1 gl\u00e6sileika og innr\u00e9ttingu. F\u00e1anlegt \u00ed fyrirfram skilgreindum st\u00e6r\u00f0um 2&#039;x7,5\u2032, \u00fe\u00fa getur jafnvel vali\u00f0 s\u00e9rsni\u00f0nar st\u00e6r\u00f0ir til a\u00f0 passa fullkomlega vi\u00f0 \u00fearfir \u00fe\u00ednar. Treystu okkur sem \u00e1rei\u00f0anlegri heimild fyrir s\u00e9rsni\u00f0na bor\u00f0hlaupara sem munu \u00e1 \u00e1hrifar\u00edkan h\u00e1tt augl\u00fdsa fyrirt\u00e6ki\u00f0 \u00feitt og standast t\u00edmans t\u00f6nn.<\/p>","protected":false},"featured_media":647,"template":"","meta":{"_kad_post_transparent":"default","_kad_post_title":"hide","_kad_post_layout":"fullwidth","_kad_post_sidebar_id":"","_kad_post_content_style":"unboxed","_kad_post_vertical_padding":"hide","_kad_post_feature":"hide","_kad_post_feature_position":"","_kad_post_header":false,"_kad_post_footer":false},"product_cat":[80,82],"product_tag":[157,156,158,159],"class_list":{"0":"post-644","1":"product","2":"type-product","3":"status-publish","4":"has-post-thumbnail","6":"product_cat-custom-tablecloth","7":"product_cat-custom-table-runner","8":"product_tag-custom-table-cover","9":"product_tag-custom-table-runners","10":"product_tag-custom-tablecloth","11":"product_tag-trade-show-tablecloth","13":"first","14":"instock","15":"shipping-taxable","16":"product-type-simple","17":"entry","18":"content-bg","19":"loop-entry"},"_links":{"self":[{"href":"https:\/\/cmykprinted.com\/is\/wp-json\/wp\/v2\/product\/644","targetHints":{"allow":["GET"]}}],"collection":[{"href":"https:\/\/cmykprinted.com\/is\/wp-json\/wp\/v2\/product"}],"about":[{"href":"https:\/\/cmykprinted.com\/is\/wp-json\/wp\/v2\/types\/product"}],"version-history":[{"count":2,"href":"https:\/\/cmykprinted.com\/is\/wp-json\/wp\/v2\/product\/644\/revisions"}],"predecessor-version":[{"id":646,"href":"https:\/\/cmykprinted.com\/is\/wp-json\/wp\/v2\/product\/644\/revisions\/646"}],"wp:featuredmedia":[{"embeddable":true,"href":"https:\/\/cmykprinted.com\/is\/wp-json\/wp\/v2\/media\/647"}],"wp:attachment":[{"href":"https:\/\/cmykprinted.com\/is\/wp-json\/wp\/v2\/media?parent=644"}],"wp:term":[{"taxonomy":"product_cat","embeddable":true,"href":"https:\/\/cmykprinted.com\/is\/wp-json\/wp\/v2\/product_cat?post=644"},{"taxonomy":"product_tag","embeddable":true,"href":"https:\/\/cmykprinted.com\/is\/wp-json\/wp\/v2\/product_tag?post=644"}],"curies":[{"name":"wp","href":"https:\/\/api.w.org\/{rel}","templated":true}]}}