{"id":664,"date":"2022-12-22T09:47:33","date_gmt":"2022-12-22T09:47:33","guid":{"rendered":"https:\/\/cmykprinted.com\/?post_type=product&#038;p=664"},"modified":"2022-12-22T14:15:54","modified_gmt":"2022-12-22T14:15:54","slug":"horizontal-pop-up-banners-with-free-custom-printing-services","status":"publish","type":"product","link":"https:\/\/cmykprinted.com\/is\/product\/horizontal-pop-up-banners-with-free-custom-printing-services\/","title":{"rendered":"L\u00e1r\u00e9ttir sprettigluggar me\u00f0 \u00f3keypis s\u00e9rsni\u00f0num prent\u00fej\u00f3nustu"},"content":{"rendered":"","protected":false},"excerpt":{"rendered":"<p>L\u00e1r\u00e9ttu pop-up bor\u00f0arnir okkar eru ger\u00f0ir \u00far endingarg\u00f3\u00f0um efnum sem eru h\u00f6nnu\u00f0 til a\u00f0 standast ve\u00f0ur og vind, sem gerir \u00fe\u00e1 fullkomna til notkunar b\u00e6\u00f0i innandyra og utandyra. Au\u00f0velt er a\u00f0 setja \u00fe\u00e6r upp og taka ni\u00f0ur og au\u00f0velt er a\u00f0 geyma \u00fe\u00e6r og flytja \u00fe\u00e6r, sem gerir \u00fe\u00e6r a\u00f0 \u00fe\u00e6gilegu vali fyrir fyrirt\u00e6ki \u00e1 fer\u00f0inni. Me\u00f0 \u00f3keypis s\u00e9rsni\u00f0nu prent\u00fej\u00f3nustunni okkar getur\u00f0u l\u00e1ti\u00f0 prenta bor\u00f0ana \u00fe\u00edna me\u00f0 l\u00f3g\u00f3i fyrirt\u00e6kisins, v\u00f6rumerkisskilabo\u00f0um e\u00f0a annarri s\u00e9rsni\u00f0inni h\u00f6nnun sem \u00fe\u00fa velur. \u00deessir l\u00e1r\u00e9ttu sprettigluggar munu \u00f6rugglega hafa mikil \u00e1hrif \u00e1 hva\u00f0a atbur\u00f0i sem er og munu hj\u00e1lpa \u00fe\u00e9r a\u00f0 kynna fyrirt\u00e6ki\u00f0 \u00feitt \u00e1 \u00e1hrifar\u00edkan h\u00e1tt fyrir hugsanlegum vi\u00f0skiptavinum. Hvort sem \u00fe\u00fa ert a\u00f0 leita a\u00f0 \u00fev\u00ed a\u00f0 kynna v\u00f6rumerki\u00f0 \u00feitt \u00e1 v\u00f6rus\u00fdningu, \u00ed\u00fer\u00f3ttavi\u00f0bur\u00f0i e\u00f0a fyrirt\u00e6kjavi\u00f0bur\u00f0i, \u00fe\u00e1 eru l\u00e1r\u00e9ttir sprettigluggar okkar hi\u00f0 fullkomna val.<\/p>\n<div style=\"width: 1290px;\" class=\"wp-video\"><!--[if lt IE 9]><script>document.createElement('video');<\/script><![endif]--><br \/>\n<video class=\"wp-video-shortcode\" id=\"video-664-1\" width=\"1290\" height=\"726\" loop autoplay preload=\"auto\" controls=\"controls\"><source type=\"video\/mp4\" src=\"http:\/\/cmykprinted.com\/wp-content\/uploads\/2022\/12\/horizontal-pop-up-banners.mp4?_=1\" \/><a href=\"http:\/\/cmykprinted.com\/wp-content\/uploads\/2022\/12\/horizontal-pop-up-banners.mp4\">http:\/\/cmykprinted.com\/wp-content\/uploads\/2022\/12\/horizontal-pop-up-banners.mp4<\/a><\/video><\/div>\n<p>&nbsp;<\/p>","protected":false},"featured_media":665,"template":"","meta":{"_kad_post_transparent":"default","_kad_post_title":"hide","_kad_post_layout":"fullwidth","_kad_post_sidebar_id":"","_kad_post_content_style":"unboxed","_kad_post_vertical_padding":"hide","_kad_post_feature":"hide","_kad_post_feature_position":"","_kad_post_header":false,"_kad_post_footer":false},"product_cat":[92,94],"product_tag":[167,165,166],"class_list":{"0":"post-664","1":"product","2":"type-product","3":"status-publish","4":"has-post-thumbnail","6":"product_cat-pop-up-banners","7":"product_cat-horizontal-pop-up-banners","8":"product_tag-custom-pop-up-banners","9":"product_tag-horizontal-pop-up-banners","10":"product_tag-pop-up-banners","12":"first","13":"instock","14":"shipping-taxable","15":"product-type-simple","16":"entry","17":"content-bg","18":"loop-entry"},"_links":{"self":[{"href":"https:\/\/cmykprinted.com\/is\/wp-json\/wp\/v2\/product\/664","targetHints":{"allow":["GET"]}}],"collection":[{"href":"https:\/\/cmykprinted.com\/is\/wp-json\/wp\/v2\/product"}],"about":[{"href":"https:\/\/cmykprinted.com\/is\/wp-json\/wp\/v2\/types\/product"}],"version-history":[{"count":3,"href":"https:\/\/cmykprinted.com\/is\/wp-json\/wp\/v2\/product\/664\/revisions"}],"predecessor-version":[{"id":672,"href":"https:\/\/cmykprinted.com\/is\/wp-json\/wp\/v2\/product\/664\/revisions\/672"}],"wp:featuredmedia":[{"embeddable":true,"href":"https:\/\/cmykprinted.com\/is\/wp-json\/wp\/v2\/media\/665"}],"wp:attachment":[{"href":"https:\/\/cmykprinted.com\/is\/wp-json\/wp\/v2\/media?parent=664"}],"wp:term":[{"taxonomy":"product_cat","embeddable":true,"href":"https:\/\/cmykprinted.com\/is\/wp-json\/wp\/v2\/product_cat?post=664"},{"taxonomy":"product_tag","embeddable":true,"href":"https:\/\/cmykprinted.com\/is\/wp-json\/wp\/v2\/product_tag?post=664"}],"curies":[{"name":"wp","href":"https:\/\/api.w.org\/{rel}","templated":true}]}}