{"id":673,"date":"2022-12-22T14:59:51","date_gmt":"2022-12-22T14:59:51","guid":{"rendered":"https:\/\/cmykprinted.com\/?post_type=product&#038;p=673"},"modified":"2022-12-22T15:10:44","modified_gmt":"2022-12-22T15:10:44","slug":"free-custom-curved-tension-fabric-pop-up-displays-backwall","status":"publish","type":"product","link":"https:\/\/cmykprinted.com\/is\/product\/free-custom-curved-tension-fabric-pop-up-displays-backwall\/","title":{"rendered":"\u00d3keypis s\u00e9rsni\u00f0in bogadregin sprettiglugga \u00far spennuefni fyrir bakvegg"},"content":{"rendered":"","protected":false},"excerpt":{"rendered":"<p>Sprettigluggaskj\u00e1ir me\u00f0 bogadregnum efnum bj\u00f3\u00f0a upp \u00e1 yfirgripsmikla og gr\u00edpandi upplifun \u00e1horfenda sem er fullkomin fyrir vi\u00f0skiptas\u00fdningar, g\u00f3\u00f0ger\u00f0arvi\u00f0bur\u00f0i, i\u00f0na\u00f0arr\u00e1\u00f0stefnur og a\u00f0rar a\u00f0ger\u00f0ir. \u00deessir skj\u00e1ir eru me\u00f0 raunh\u00e6fum, litarefnisupplimu\u00f0um myndum sem skapa \u00fer\u00edv\u00edddar\u00e1hrif, sem tryggja a\u00f0 \u00fe\u00e6r skeri sig \u00far og veki athygli \u00e1 skilabo\u00f0unum \u00fe\u00ednum. Vi\u00f0 notum l\u00edflegt, endurn\u00fdtanlegt efni sem l\u00e1gmarkar lj\u00f3sendurkast til a\u00f0 halda prentunum \u00fe\u00ednum s\u00fdnilegum og tryggja a\u00f0 skilabo\u00f0in \u00fe\u00edn sj\u00e1ist greinilega fyrir \u00e1horfendur. Auk tilkomumikilla sj\u00f3nr\u00e6nna \u00e1hrifa \u00feeirra bj\u00f3\u00f0a \u00feessir skj\u00e1ir upp \u00e1 s\u00f6mu kosti og \u00fatdraganlegir bor\u00f0ar, sem gerir \u00fe\u00e1 fullkomna til notkunar sem bakgrunn fyrir v\u00f6rus\u00fdningarb\u00e1sa og sprettigluggab\u00fa\u00f0ir. \u00der\u00e1tt fyrir st\u00f3ra st\u00e6r\u00f0 eru \u00feessir skj\u00e1ir l\u00e9ttir og au\u00f0veldir \u00ed uppsetningu, \u00fear sem a\u00f0eins \u00fearf a\u00f0 setja \u00e1lrammann saman og setja og draga d\u00fakinn yfir hann. Me\u00f0 \u00fev\u00ed a\u00f0 prenta eigin sprettigluggaskj\u00e1i me\u00f0 bogadregnum d\u00fak getur\u00f0u teki\u00f0 vi\u00f0bur\u00f0amarka\u00f0ssetningu \u00fe\u00edna \u00e1 n\u00e6sta stig og \u00e1 \u00e1hrifar\u00edkan h\u00e1tt kynnt v\u00f6rumerki\u00f0 \u00feitt e\u00f0a skilabo\u00f0 til brei\u00f0s markh\u00f3ps.<\/p>","protected":false},"featured_media":674,"template":"","meta":{"_kad_post_transparent":"default","_kad_post_title":"hide","_kad_post_layout":"fullwidth","_kad_post_sidebar_id":"","_kad_post_content_style":"unboxed","_kad_post_vertical_padding":"hide","_kad_post_feature":"hide","_kad_post_feature_position":"","_kad_post_header":false,"_kad_post_footer":false},"product_cat":[97,98],"product_tag":[168,170,134,169],"class_list":{"0":"post-673","1":"product","2":"type-product","3":"status-publish","4":"has-post-thumbnail","6":"product_cat-tension-fabric-displays","7":"product_cat-curved-tension-fabric-pop-up-displays","8":"product_tag-curved-tension-fabric-pop-up-displays","9":"product_tag-pop-up-tension-fabric-displays","10":"product_tag-tension-fabric-displays","11":"product_tag-tension-fabric-pop-up-display","13":"first","14":"instock","15":"shipping-taxable","16":"product-type-simple","17":"entry","18":"content-bg","19":"loop-entry"},"_links":{"self":[{"href":"https:\/\/cmykprinted.com\/is\/wp-json\/wp\/v2\/product\/673","targetHints":{"allow":["GET"]}}],"collection":[{"href":"https:\/\/cmykprinted.com\/is\/wp-json\/wp\/v2\/product"}],"about":[{"href":"https:\/\/cmykprinted.com\/is\/wp-json\/wp\/v2\/types\/product"}],"version-history":[{"count":1,"href":"https:\/\/cmykprinted.com\/is\/wp-json\/wp\/v2\/product\/673\/revisions"}],"predecessor-version":[{"id":680,"href":"https:\/\/cmykprinted.com\/is\/wp-json\/wp\/v2\/product\/673\/revisions\/680"}],"wp:featuredmedia":[{"embeddable":true,"href":"https:\/\/cmykprinted.com\/is\/wp-json\/wp\/v2\/media\/674"}],"wp:attachment":[{"href":"https:\/\/cmykprinted.com\/is\/wp-json\/wp\/v2\/media?parent=673"}],"wp:term":[{"taxonomy":"product_cat","embeddable":true,"href":"https:\/\/cmykprinted.com\/is\/wp-json\/wp\/v2\/product_cat?post=673"},{"taxonomy":"product_tag","embeddable":true,"href":"https:\/\/cmykprinted.com\/is\/wp-json\/wp\/v2\/product_tag?post=673"}],"curies":[{"name":"wp","href":"https:\/\/api.w.org\/{rel}","templated":true}]}}