{"id":682,"date":"2022-12-29T09:44:31","date_gmt":"2022-12-29T09:44:31","guid":{"rendered":"https:\/\/cmykprinted.com\/?post_type=product&#038;p=682"},"modified":"2022-12-29T10:03:18","modified_gmt":"2022-12-29T10:03:18","slug":"custom-3d-metal-transfer-sticker-metallic-logo-label-sticker","status":"publish","type":"product","link":"https:\/\/cmykprinted.com\/is\/product\/custom-3d-metal-transfer-sticker-metallic-logo-label-sticker\/","title":{"rendered":"S\u00e9rsni\u00f0in 3D m\u00e1lmflutningsl\u00edmmi\u00f0i M\u00e1lmmi\u00f0ill me\u00f0 l\u00f3g\u00f3merki"},"content":{"rendered":"","protected":false},"excerpt":{"rendered":"<p>3D m\u00e1lmflutningsl\u00edmmi\u00f0ar eru tegund af merkingarlausnum sem felur \u00ed s\u00e9r notkun \u00e1 mj\u00f6g endingarg\u00f3\u00f0u nikkel\u00feynnu til a\u00f0 skapa \u00fer\u00edv\u00edddar\u00e1hrif. \u00deessir l\u00edmmi\u00f0ar eru hanna\u00f0ir til a\u00f0 gefa \u201eekki merki\u201c \u00fatlit me\u00f0 \u00fev\u00ed a\u00f0 fjarl\u00e6gja umfram efni \u00far h\u00f6nnuninni, sem lei\u00f0ir til f\u00e1ga\u00f0ara og faglegra \u00fatlits. \u00deau eru oft notu\u00f0 sem h\u00e1g\u00e6\u00f0a v\u00f6rumerki e\u00f0a til sm\u00e1s\u00f6lu \u00ed netverslunum.<br \/>\nTil a\u00f0 b\u00faa til 3D m\u00e1lmflutningsl\u00edmmi\u00f0a er h\u00f6nnunin fyrst prentu\u00f0 \u00e1 nikkelfilmu me\u00f0 s\u00e9rh\u00e6f\u00f0u prentunarferli. Umfram efni er s\u00ed\u00f0an fjarl\u00e6gt og skilur a\u00f0eins eftir upph\u00e6kka\u00f0a \u00fe\u00e6tti h\u00f6nnunarinnar. L\u00edmmi\u00f0inn sem myndast er s\u00ed\u00f0an h\u00fa\u00f0a\u00f0ur me\u00f0 lagi af l\u00edmi og h\u00e6gt er a\u00f0 setja hann \u00e1 margs konar yfirbor\u00f0, \u00fear \u00e1 me\u00f0al plast, m\u00e1lm og papp\u00edr.<br \/>\nEinn af kostunum vi\u00f0 a\u00f0 nota 3D m\u00e1lmflutningsl\u00edmmi\u00f0a er ending \u00feeirra. Nikkel er sterkt og t\u00e6ringar\u00feoli\u00f0 efni og \u00fev\u00ed \u00feola \u00feessir l\u00edmmi\u00f0ar slit og vi\u00f0halda g\u00e6\u00f0um s\u00ednum me\u00f0 t\u00edmanum. \u00deau eru einnig \u00f3n\u00e6m fyrir hverfa og mislitun, sem gerir \u00feau a\u00f0 langvarandi merkingarlausn. A\u00f0 auki geta \u00fer\u00edv\u00edddar\u00e1hrif \u00feessara l\u00edmmi\u00f0a b\u00e6tt einst\u00f6kum og gr\u00edpandi \u00fe\u00e6tti vi\u00f0 v\u00f6ruumb\u00fa\u00f0ir \u00fe\u00ednar e\u00f0a v\u00f6rumerki.<\/p>\n<div style=\"width: 1280px;\" class=\"wp-video\"><!--[if lt IE 9]><script>document.createElement('video');<\/script><![endif]--><br \/>\n<video class=\"wp-video-shortcode\" id=\"video-682-1\" width=\"1280\" height=\"720\" loop autoplay preload=\"metadata\" controls=\"controls\"><source type=\"video\/mp4\" src=\"http:\/\/cmykprinted.com\/wp-content\/uploads\/2022\/12\/Metal-Transfer-Sticker.mp4?_=1\" \/><a href=\"http:\/\/cmykprinted.com\/wp-content\/uploads\/2022\/12\/Metal-Transfer-Sticker.mp4\">http:\/\/cmykprinted.com\/wp-content\/uploads\/2022\/12\/Metal-Transfer-Sticker.mp4<\/a><\/video><\/div>\n<p>&nbsp;<\/p>","protected":false},"featured_media":683,"template":"","meta":{"_kad_post_transparent":"default","_kad_post_title":"hide","_kad_post_layout":"fullwidth","_kad_post_sidebar_id":"","_kad_post_content_style":"unboxed","_kad_post_vertical_padding":"hide","_kad_post_feature":"hide","_kad_post_feature_position":"","_kad_post_header":false,"_kad_post_footer":false},"product_cat":[101,102],"product_tag":[174,173,171,172],"class_list":{"0":"post-682","1":"product","2":"type-product","3":"status-publish","4":"has-post-thumbnail","6":"product_cat-transfer-stickers","7":"product_cat-metal-transfer-stickers","8":"product_tag-3d-metal-transfer-sticker","9":"product_tag-custom-metal-transfer-sticker","10":"product_tag-metal-transfer-sticker","11":"product_tag-metallic-logo-label-sticker","13":"first","14":"instock","15":"shipping-taxable","16":"product-type-simple","17":"entry","18":"content-bg","19":"loop-entry"},"_links":{"self":[{"href":"https:\/\/cmykprinted.com\/is\/wp-json\/wp\/v2\/product\/682","targetHints":{"allow":["GET"]}}],"collection":[{"href":"https:\/\/cmykprinted.com\/is\/wp-json\/wp\/v2\/product"}],"about":[{"href":"https:\/\/cmykprinted.com\/is\/wp-json\/wp\/v2\/types\/product"}],"version-history":[{"count":2,"href":"https:\/\/cmykprinted.com\/is\/wp-json\/wp\/v2\/product\/682\/revisions"}],"predecessor-version":[{"id":691,"href":"https:\/\/cmykprinted.com\/is\/wp-json\/wp\/v2\/product\/682\/revisions\/691"}],"wp:featuredmedia":[{"embeddable":true,"href":"https:\/\/cmykprinted.com\/is\/wp-json\/wp\/v2\/media\/683"}],"wp:attachment":[{"href":"https:\/\/cmykprinted.com\/is\/wp-json\/wp\/v2\/media?parent=682"}],"wp:term":[{"taxonomy":"product_cat","embeddable":true,"href":"https:\/\/cmykprinted.com\/is\/wp-json\/wp\/v2\/product_cat?post=682"},{"taxonomy":"product_tag","embeddable":true,"href":"https:\/\/cmykprinted.com\/is\/wp-json\/wp\/v2\/product_tag?post=682"}],"curies":[{"name":"wp","href":"https:\/\/api.w.org\/{rel}","templated":true}]}}