{"id":692,"date":"2022-12-29T10:09:13","date_gmt":"2022-12-29T10:09:13","guid":{"rendered":"https:\/\/cmykprinted.com\/?post_type=product&#038;p=692"},"modified":"2022-12-29T10:44:20","modified_gmt":"2022-12-29T10:44:20","slug":"double-sided-printed-advertising-beach-teardrop-flags-banner","status":"publish","type":"product","link":"https:\/\/cmykprinted.com\/is\/product\/double-sided-printed-advertising-beach-teardrop-flags-banner\/","title":{"rendered":"Tv\u00f6faldur hli\u00f0a prenta\u00f0ur augl\u00fdsingabor\u00f0i me\u00f0 t\u00e1rdropa"},"content":{"rendered":"","protected":false},"excerpt":{"rendered":"<p>T\u00e1radropaf\u00e1nar, einnig \u00feekktir sem t\u00e1raf\u00e1nabor\u00f0ar e\u00f0a t\u00e1rafja\u00f0urf\u00e1nar, eru tegund af st\u00f3rum, t\u00e1rlaga f\u00e1na sem nota\u00f0ir eru \u00ed augl\u00fdsinga- og marka\u00f0sskyni. \u00de\u00e6r eru ger\u00f0ar me\u00f0 \u00fev\u00ed a\u00f0 prenta s\u00e9rsni\u00f0na h\u00f6nnun \u00e1 f\u00e1nann me\u00f0 \u00fev\u00ed a\u00f0 nota litarefnisupplimunarferli, sem gerir kleift a\u00f0 f\u00e1 lifandi, h\u00e1g\u00e6\u00f0a graf\u00edk. F\u00e1narnir eru festir vi\u00f0 l\u00e9tta f\u00e1nast\u00f6ng \u00far \u00e1li og trefjaplasti, sem er sveigjanleg og hj\u00e1lpar til vi\u00f0 a\u00f0 halda f\u00e1nanum st\u00edfum jafnvel \u00ed vindi. H\u00e6gt er a\u00f0 stinga f\u00e1nast\u00f6nginni \u00ed j\u00f6r\u00f0ina e\u00f0a setja \u00e1 f\u00e1nast\u00f6ng, allt eftir s\u00e9rst\u00f6kum \u00fe\u00f6rfum og \u00f3skum notandans.<br \/>\nNotkun t\u00e1raf\u00e1nabor\u00f0a fyrir framan verslunina \u00fe\u00edna e\u00f0a fyrirt\u00e6ki getur veri\u00f0 \u00e1hrifar\u00edk lei\u00f0 til a\u00f0 vekja athygli hugsanlegra vi\u00f0skiptavina og annarra vegfarenda. \u00deessir f\u00e1nar eru \u00e1berandi og geta hj\u00e1lpa\u00f0 til vi\u00f0 a\u00f0 kynna fyrirt\u00e6ki\u00f0 \u00feitt og v\u00f6rur \u00feess e\u00f0a \u00fej\u00f3nustu \u00e1 \u00e1hrifar\u00edkan h\u00e1tt. Teardrop f\u00e1nabor\u00f0ar eru einnig fj\u00f6lh\u00e6fir og h\u00e6gt a\u00f0 nota \u00ed \u00fdmsum stillingum, \u00fear \u00e1 me\u00f0al \u00e1 vi\u00f0skiptas\u00fdningum, \u00fativi\u00f0bur\u00f0um og verslunargluggum. Me\u00f0 \u00fev\u00ed a\u00f0 velja s\u00e9rsni\u00f0na h\u00f6nnun sem endurspeglar v\u00f6rumerki og skilabo\u00f0 fyrirt\u00e6kisins \u00fe\u00edns n\u00e1kv\u00e6mlega getur\u00f0u komi\u00f0 skilabo\u00f0um \u00fe\u00ednum \u00e1 framf\u00e6ri \u00e1 \u00e1hrifar\u00edkan h\u00e1tt og sett sterkan svip \u00e1 markh\u00f3pinn \u00feinn.<\/p>\n<div style=\"width: 1280px;\" class=\"wp-video\"><!--[if lt IE 9]><script>document.createElement('video');<\/script><![endif]--><br \/>\n<video class=\"wp-video-shortcode\" id=\"video-692-1\" width=\"1280\" height=\"720\" loop autoplay preload=\"metadata\" controls=\"controls\"><source type=\"video\/mp4\" src=\"http:\/\/cmykprinted.com\/wp-content\/uploads\/2022\/12\/Beach-Teardrop-Flags-Banner.mp4?_=1\" \/><a href=\"http:\/\/cmykprinted.com\/wp-content\/uploads\/2022\/12\/Beach-Teardrop-Flags-Banner.mp4\">http:\/\/cmykprinted.com\/wp-content\/uploads\/2022\/12\/Beach-Teardrop-Flags-Banner.mp4<\/a><\/video><\/div>","protected":false},"featured_media":693,"template":"","meta":{"_kad_post_transparent":"default","_kad_post_title":"hide","_kad_post_layout":"fullwidth","_kad_post_sidebar_id":"","_kad_post_content_style":"unboxed","_kad_post_vertical_padding":"hide","_kad_post_feature":"hide","_kad_post_feature_position":"","_kad_post_header":false,"_kad_post_footer":false},"product_cat":[64,67],"product_tag":[177,176,175,178],"class_list":{"0":"post-692","1":"product","2":"type-product","3":"status-publish","4":"has-post-thumbnail","6":"product_cat-beach-flags","7":"product_cat-teardrop-flags-banners","8":"product_tag-advertising-beach-flags","9":"product_tag-beach-teardrop-banner","10":"product_tag-beach-teardrop-flags","11":"product_tag-teardrop-flags","13":"first","14":"instock","15":"shipping-taxable","16":"product-type-simple","17":"entry","18":"content-bg","19":"loop-entry"},"_links":{"self":[{"href":"https:\/\/cmykprinted.com\/is\/wp-json\/wp\/v2\/product\/692","targetHints":{"allow":["GET"]}}],"collection":[{"href":"https:\/\/cmykprinted.com\/is\/wp-json\/wp\/v2\/product"}],"about":[{"href":"https:\/\/cmykprinted.com\/is\/wp-json\/wp\/v2\/types\/product"}],"version-history":[{"count":4,"href":"https:\/\/cmykprinted.com\/is\/wp-json\/wp\/v2\/product\/692\/revisions"}],"predecessor-version":[{"id":703,"href":"https:\/\/cmykprinted.com\/is\/wp-json\/wp\/v2\/product\/692\/revisions\/703"}],"wp:featuredmedia":[{"embeddable":true,"href":"https:\/\/cmykprinted.com\/is\/wp-json\/wp\/v2\/media\/693"}],"wp:attachment":[{"href":"https:\/\/cmykprinted.com\/is\/wp-json\/wp\/v2\/media?parent=692"}],"wp:term":[{"taxonomy":"product_cat","embeddable":true,"href":"https:\/\/cmykprinted.com\/is\/wp-json\/wp\/v2\/product_cat?post=692"},{"taxonomy":"product_tag","embeddable":true,"href":"https:\/\/cmykprinted.com\/is\/wp-json\/wp\/v2\/product_tag?post=692"}],"curies":[{"name":"wp","href":"https:\/\/api.w.org\/{rel}","templated":true}]}}