{"id":704,"date":"2022-12-29T12:00:11","date_gmt":"2022-12-29T12:00:11","guid":{"rendered":"https:\/\/cmykprinted.com\/?post_type=product&#038;p=704"},"modified":"2022-12-29T15:39:11","modified_gmt":"2022-12-29T15:39:11","slug":"40mm-hexagonal-folding-aluminum-frame-10x15ft-pop-up-tent","status":"publish","type":"product","link":"https:\/\/cmykprinted.com\/is\/product\/40mm-hexagonal-folding-aluminum-frame-10x15ft-pop-up-tent\/","title":{"rendered":"40 mm sexhyrndur samanbrj\u00f3tanlegur \u00e1lrammi 10x15ft sprettigluggi"},"content":{"rendered":"","protected":false},"excerpt":{"rendered":"<p>\u00deessi sprettiglugga er me\u00f0 sterkari grind \u00far uppf\u00e6r\u00f0ri st\u00e1lbyggingu, me\u00f0 st\u00e6rri truss st\u00f6ngum og styrktum \u00feversl\u00e1 sem m\u00e6list 26 x 13 fyrir aukinn styrk og betri vind\u00feol. St\u00e1lf\u00e6turnir eru me\u00f0 tveimur boru\u00f0um holum til a\u00f0 auka st\u00f6\u00f0ugleika. T\u00e6ki\u00f0 sj\u00e1lft er 10\u00d715 fet og veitir rausnarlegan 150 ferfeta skugga, hentugur fyrir samkomur 8-13 manns. \u00dea\u00f0 er h\u00e6gt a\u00f0 nota b\u00e6\u00f0i \u00ed s\u00f3lr\u00edkum og rigningum. Au\u00f0velt er a\u00f0 setja upp tjaldhiminn, \u00fea\u00f0 \u00fearf engin verkf\u00e6ri og tekur a\u00f0eins nokkrar m\u00edn\u00fatur fyrir einn einstakling a\u00f0 kl\u00e1ra. H\u00e6gt er a\u00f0 stilla stu\u00f0ningsr\u00f6rin \u00e1 \u00ferj\u00fa mismunandi stig fyrir aukna fj\u00f6lh\u00e6fni. T\u00e6ki\u00f0 er \u00far 300D p\u00f3l\u00fdester me\u00f0 PU h\u00fa\u00f0un sem lokar um \u00fea\u00f0 bil 99% af UV geislum og er me\u00f0 vatnsheldum r\u00e6mum. Tjaldhiminn kemur me\u00f0 fullkomi\u00f0 sett af aukahlutum, \u00fear \u00e1 me\u00f0al r\u00fallut\u00f6sku, sandpoka, jar\u00f0tappa, n\u00e6lonreipi og \u00f3l. \u00deessir aukahlutir, sem og varahlutir, eru f\u00e1anlegir alla \u00e6vi.<\/p>\n<div style=\"width: 1280px;\" class=\"wp-video\"><!--[if lt IE 9]><script>document.createElement('video');<\/script><![endif]--><br \/>\n<video class=\"wp-video-shortcode\" id=\"video-704-1\" width=\"1280\" height=\"720\" loop autoplay preload=\"auto\" controls=\"controls\"><source type=\"video\/mp4\" src=\"http:\/\/cmykprinted.com\/wp-content\/uploads\/2022\/12\/10x15ft-Pop-up-Tent.mp4?_=1\" \/><a href=\"http:\/\/cmykprinted.com\/wp-content\/uploads\/2022\/12\/10x15ft-Pop-up-Tent.mp4\">http:\/\/cmykprinted.com\/wp-content\/uploads\/2022\/12\/10x15ft-Pop-up-Tent.mp4<\/a><\/video><\/div>","protected":false},"featured_media":705,"template":"","meta":{"_kad_post_transparent":"default","_kad_post_title":"hide","_kad_post_layout":"fullwidth","_kad_post_sidebar_id":"","_kad_post_content_style":"unboxed","_kad_post_vertical_padding":"hide","_kad_post_feature":"hide","_kad_post_feature_position":"","_kad_post_header":false,"_kad_post_footer":false},"product_cat":[68,71,69],"product_tag":[179,180,182,181],"class_list":{"0":"post-704","1":"product","2":"type-product","3":"status-publish","4":"has-post-thumbnail","6":"product_cat-custom-canopy-tents","7":"product_cat-10x15ft-pop-up-tents","8":"product_cat-40mm-hexagon-aluminum-tents","9":"product_tag-10x15ft-pop-up-tent","10":"product_tag-40mm-hexagonal-pop-up-tent","11":"product_tag-aluminum-frame-pop-up-tent","12":"product_tag-folding-pop-up-tent","14":"first","15":"instock","16":"shipping-taxable","17":"product-type-simple","18":"entry","19":"content-bg","20":"loop-entry"},"_links":{"self":[{"href":"https:\/\/cmykprinted.com\/is\/wp-json\/wp\/v2\/product\/704","targetHints":{"allow":["GET"]}}],"collection":[{"href":"https:\/\/cmykprinted.com\/is\/wp-json\/wp\/v2\/product"}],"about":[{"href":"https:\/\/cmykprinted.com\/is\/wp-json\/wp\/v2\/types\/product"}],"version-history":[{"count":3,"href":"https:\/\/cmykprinted.com\/is\/wp-json\/wp\/v2\/product\/704\/revisions"}],"predecessor-version":[{"id":714,"href":"https:\/\/cmykprinted.com\/is\/wp-json\/wp\/v2\/product\/704\/revisions\/714"}],"wp:featuredmedia":[{"embeddable":true,"href":"https:\/\/cmykprinted.com\/is\/wp-json\/wp\/v2\/media\/705"}],"wp:attachment":[{"href":"https:\/\/cmykprinted.com\/is\/wp-json\/wp\/v2\/media?parent=704"}],"wp:term":[{"taxonomy":"product_cat","embeddable":true,"href":"https:\/\/cmykprinted.com\/is\/wp-json\/wp\/v2\/product_cat?post=704"},{"taxonomy":"product_tag","embeddable":true,"href":"https:\/\/cmykprinted.com\/is\/wp-json\/wp\/v2\/product_tag?post=704"}],"curies":[{"name":"wp","href":"https:\/\/api.w.org\/{rel}","templated":true}]}}