{"id":715,"date":"2022-12-29T22:23:16","date_gmt":"2022-12-29T22:23:16","guid":{"rendered":"https:\/\/cmykprinted.com\/?post_type=product&#038;p=715"},"modified":"2022-12-29T22:34:28","modified_gmt":"2022-12-29T22:34:28","slug":"personalized-stretch-fitted-table-cover-tablecloth-with-logo","status":"publish","type":"product","link":"https:\/\/cmykprinted.com\/is\/product\/personalized-stretch-fitted-table-cover-tablecloth-with-logo\/","title":{"rendered":"Pers\u00f3nulegur teygjanlegur bor\u00f0d\u00fakur me\u00f0 merki"},"content":{"rendered":"","protected":false},"excerpt":{"rendered":"<p>Spandex bor\u00f0h\u00fa\u00f0in okkar er s\u00e9rstaklega h\u00f6nnu\u00f0 til a\u00f0 passa vel yfir samanbrj\u00f3tanlegt bor\u00f0 e\u00f0a veislubor\u00f0 me\u00f0 st\u00e6r\u00f0um 72 tommur \u00e1 lengd, 30 tommur \u00e1 breidd og 30 tommur \u00e1 h\u00e6\u00f0. \u00deessi r\u00e9tthyrndi d\u00fakur er fr\u00e1b\u00e6r kostur fyrir \u00fdmsa vi\u00f0bur\u00f0i, svo sem br\u00fa\u00f0kaup, afm\u00e6li, sturtur, kv\u00f6ldver\u00f0ar\u00e6fingar og jafnvel einfaldar fj\u00f6lskyldusamkomur. 6 feta spandex d\u00fakarnir okkar eru b\u00fanir til \u00far h\u00e1g\u00e6\u00f0a teygjup\u00f3l\u00fdesteri og eru sm\u00ed\u00f0a\u00f0ir til a\u00f0 endast, me\u00f0 endingarg\u00f3\u00f0ri byggingu sem er \u00f3n\u00e6mur fyrir hrukkum og blettum. Auk \u00feess er h\u00e6gt a\u00f0 \u00fevo \u00feessa d\u00faka \u00f3tal sinnum, sem gerir \u00fe\u00e1 a\u00f0 hagkv\u00e6mu vali fyrir alla vi\u00f0bur\u00f0askipuleggjendur e\u00f0a h\u00faseiganda. Hvort sem \u00fe\u00fa ert a\u00f0 h\u00fdsa formlegan vi\u00f0bur\u00f0 e\u00f0a frj\u00e1lslega samkomu, \u00fe\u00e1 er spandex bor\u00f0h\u00fa\u00f0in okkar a\u00f0la\u00f0andi og hagn\u00fdt vi\u00f0b\u00f3t vi\u00f0 bor\u00f0i\u00f0 \u00feitt.<\/p>\n<div style=\"width: 1290px;\" class=\"wp-video\"><!--[if lt IE 9]><script>document.createElement('video');<\/script><![endif]--><br \/>\n<video class=\"wp-video-shortcode\" id=\"video-715-1\" width=\"1290\" height=\"726\" loop autoplay preload=\"auto\" controls=\"controls\"><source type=\"video\/mp4\" src=\"http:\/\/cmykprinted.com\/wp-content\/uploads\/2022\/12\/Custom-Stretch-Tablecloth.mp4?_=1\" \/><a href=\"http:\/\/cmykprinted.com\/wp-content\/uploads\/2022\/12\/Custom-Stretch-Tablecloth.mp4\">http:\/\/cmykprinted.com\/wp-content\/uploads\/2022\/12\/Custom-Stretch-Tablecloth.mp4<\/a><\/video><\/div>","protected":false},"featured_media":716,"template":"","meta":{"_kad_post_transparent":"default","_kad_post_title":"hide","_kad_post_layout":"fullwidth","_kad_post_sidebar_id":"","_kad_post_content_style":"unboxed","_kad_post_vertical_padding":"hide","_kad_post_feature":"hide","_kad_post_feature_position":"","_kad_post_header":false,"_kad_post_footer":false},"product_cat":[80,81,83],"product_tag":[185,183,186,184],"class_list":{"0":"post-715","1":"product","2":"type-product","3":"status-publish","4":"has-post-thumbnail","6":"product_cat-custom-tablecloth","7":"product_cat-custom-stretch-tablecloth","8":"product_cat-fitted-table-cover","9":"product_tag-fitted-table-cover","10":"product_tag-personalized-fitted-table-cover","11":"product_tag-personalized-stretch-tablecloth","12":"product_tag-stretch-fitted-table-cover","14":"first","15":"instock","16":"shipping-taxable","17":"product-type-simple","18":"entry","19":"content-bg","20":"loop-entry"},"_links":{"self":[{"href":"https:\/\/cmykprinted.com\/is\/wp-json\/wp\/v2\/product\/715","targetHints":{"allow":["GET"]}}],"collection":[{"href":"https:\/\/cmykprinted.com\/is\/wp-json\/wp\/v2\/product"}],"about":[{"href":"https:\/\/cmykprinted.com\/is\/wp-json\/wp\/v2\/types\/product"}],"version-history":[{"count":1,"href":"https:\/\/cmykprinted.com\/is\/wp-json\/wp\/v2\/product\/715\/revisions"}],"predecessor-version":[{"id":722,"href":"https:\/\/cmykprinted.com\/is\/wp-json\/wp\/v2\/product\/715\/revisions\/722"}],"wp:featuredmedia":[{"embeddable":true,"href":"https:\/\/cmykprinted.com\/is\/wp-json\/wp\/v2\/media\/716"}],"wp:attachment":[{"href":"https:\/\/cmykprinted.com\/is\/wp-json\/wp\/v2\/media?parent=715"}],"wp:term":[{"taxonomy":"product_cat","embeddable":true,"href":"https:\/\/cmykprinted.com\/is\/wp-json\/wp\/v2\/product_cat?post=715"},{"taxonomy":"product_tag","embeddable":true,"href":"https:\/\/cmykprinted.com\/is\/wp-json\/wp\/v2\/product_tag?post=715"}],"curies":[{"name":"wp","href":"https:\/\/api.w.org\/{rel}","templated":true}]}}