{"id":723,"date":"2022-12-30T02:47:50","date_gmt":"2022-12-30T02:47:50","guid":{"rendered":"https:\/\/cmykprinted.com\/?post_type=product&#038;p=723"},"modified":"2022-12-30T03:52:19","modified_gmt":"2022-12-30T03:52:19","slug":"all-weather-outdoor-advertising-pvc-mesh-banner-printing","status":"publish","type":"product","link":"https:\/\/cmykprinted.com\/is\/product\/all-weather-outdoor-advertising-pvc-mesh-banner-printing\/","title":{"rendered":"All-weather Outdoor Advertising PVC Mesh Banner Printing"},"content":{"rendered":"","protected":false},"excerpt":{"rendered":"<p>PVC m\u00f6skvabor\u00f0i okkar er mj\u00f6g s\u00e9rh\u00e6ft efni sem hefur veri\u00f0 hanna\u00f0 s\u00e9rstaklega til a\u00f0 standast mikinn vind og a\u00f0rar erfi\u00f0ar \u00fativistara\u00f0st\u00e6\u00f0ur. G\u00f6turnar \u00ed efninu hleypa vindi \u00ed gegn, dregur \u00far h\u00e6ttu \u00e1 skemmdum \u00e1 bor\u00f0anum og l\u00e1gmarkar l\u00edkurnar \u00e1 \u00fev\u00ed a\u00f0 hann rifni e\u00f0a fj\u00faki \u00ed burtu.<br \/>\nTil vi\u00f0b\u00f3tar vi\u00f0 vind\u00feolna eiginleika \u00feess er PVC m\u00f6skvabor\u00f0inn einnig afar l\u00e9ttur, sem gerir \u00fea\u00f0 au\u00f0velt a\u00f0 setja hann upp og me\u00f0h\u00f6ndla hann. \u00deetta gerir \u00fea\u00f0 tilvali\u00f0 val fyrir fj\u00f6lbreytt \u00farval s\u00e9rstakra nota \u00fear sem krafist er a\u00f0 hluta gagns\u00e6s efnis sem gerir kleift a\u00f0 fara \u00ed gegnum lj\u00f3s, hlj\u00f3\u00f0 og loft.<br \/>\nB\u00e6\u00f0i m\u00f6skvabor\u00f0arnir okkar og svi\u00f0sbor\u00f0arnir eru prenta\u00f0ir \u00e1 anna\u00f0hvort m\u00f6skva PVC e\u00f0a efni AIRTEC efni, sem b\u00e1\u00f0ir eru g\u00f6t\u00f3ttir \u00ed gegnum allan bor\u00f0ann me\u00f0 mj\u00f6g sterku mynstri af litlum holum. \u00deetta tryggir a\u00f0 svi\u00f0sbor\u00f0arnir vi\u00f0halda uppbyggingu heilleika s\u00ednum og sj\u00f3nr\u00e6nni a\u00f0dr\u00e1ttarafl, jafnvel \u00ed krefjandi umhverfi. Hvort sem \u00fe\u00fa \u00fearft bor\u00f0a fyrir \u00fativi\u00f0bur\u00f0, v\u00f6rus\u00fdningu e\u00f0a \u00f6nnur s\u00e9rst\u00f6k tilefni, \u00fe\u00e1 eru PVC m\u00f6skvi okkar og svi\u00f0sbor\u00f0ar fr\u00e1b\u00e6rt val fyrir allar bor\u00f0a\u00fearfir \u00fe\u00ednar.<\/p>\n<div style=\"width: 1280px;\" class=\"wp-video\"><!--[if lt IE 9]><script>document.createElement('video');<\/script><![endif]--><br \/>\n<video class=\"wp-video-shortcode\" id=\"video-723-1\" width=\"1280\" height=\"720\" loop autoplay preload=\"metadata\" controls=\"controls\"><source type=\"video\/mp4\" src=\"http:\/\/cmykprinted.com\/wp-content\/uploads\/2022\/12\/PVC-Mesh-Banner.mp4?_=1\" \/><a href=\"http:\/\/cmykprinted.com\/wp-content\/uploads\/2022\/12\/PVC-Mesh-Banner.mp4\">http:\/\/cmykprinted.com\/wp-content\/uploads\/2022\/12\/PVC-Mesh-Banner.mp4<\/a><\/video><\/div>","protected":false},"featured_media":724,"template":"","meta":{"_kad_post_transparent":"default","_kad_post_title":"hide","_kad_post_layout":"fullwidth","_kad_post_sidebar_id":"","_kad_post_content_style":"unboxed","_kad_post_vertical_padding":"hide","_kad_post_feature":"hide","_kad_post_feature_position":"","_kad_post_header":false,"_kad_post_footer":false},"product_cat":[85,90,91,89,88],"product_tag":[189,191,188,190,187],"class_list":{"0":"post-723","1":"product","2":"type-product","3":"status-publish","4":"has-post-thumbnail","6":"product_cat-outdoor-vinyl-banners","7":"product_cat-glossy-pvc-banners","8":"product_cat-matte-vinyl-banners","9":"product_cat-pvc-banners","10":"product_cat-pvc-mesh-banners","11":"product_tag-advertising-mesh-banner","12":"product_tag-all-weather-mesh-banner","13":"product_tag-mesh-banner-printing","14":"product_tag-outdoor-mesh-banner","15":"product_tag-pvc-mesh-banner","17":"first","18":"instock","19":"shipping-taxable","20":"product-type-simple","21":"entry","22":"content-bg","23":"loop-entry"},"_links":{"self":[{"href":"https:\/\/cmykprinted.com\/is\/wp-json\/wp\/v2\/product\/723","targetHints":{"allow":["GET"]}}],"collection":[{"href":"https:\/\/cmykprinted.com\/is\/wp-json\/wp\/v2\/product"}],"about":[{"href":"https:\/\/cmykprinted.com\/is\/wp-json\/wp\/v2\/types\/product"}],"version-history":[{"count":2,"href":"https:\/\/cmykprinted.com\/is\/wp-json\/wp\/v2\/product\/723\/revisions"}],"predecessor-version":[{"id":732,"href":"https:\/\/cmykprinted.com\/is\/wp-json\/wp\/v2\/product\/723\/revisions\/732"}],"wp:featuredmedia":[{"embeddable":true,"href":"https:\/\/cmykprinted.com\/is\/wp-json\/wp\/v2\/media\/724"}],"wp:attachment":[{"href":"https:\/\/cmykprinted.com\/is\/wp-json\/wp\/v2\/media?parent=723"}],"wp:term":[{"taxonomy":"product_cat","embeddable":true,"href":"https:\/\/cmykprinted.com\/is\/wp-json\/wp\/v2\/product_cat?post=723"},{"taxonomy":"product_tag","embeddable":true,"href":"https:\/\/cmykprinted.com\/is\/wp-json\/wp\/v2\/product_tag?post=723"}],"curies":[{"name":"wp","href":"https:\/\/api.w.org\/{rel}","templated":true}]}}