{"id":744,"date":"2022-12-30T08:55:17","date_gmt":"2022-12-30T08:55:17","guid":{"rendered":"https:\/\/cmykprinted.com\/?post_type=product&#038;p=744"},"modified":"2022-12-30T12:44:27","modified_gmt":"2022-12-30T12:44:27","slug":"straight-tension-fabric-backdrop-media-wall-wholesale-price","status":"publish","type":"product","link":"https:\/\/cmykprinted.com\/is\/product\/straight-tension-fabric-backdrop-media-wall-wholesale-price\/","title":{"rendered":"Heilds\u00f6luver\u00f0 \u00e1 bakgrunnsvegg me\u00f0 beinum spennuefni"},"content":{"rendered":"","protected":false},"excerpt":{"rendered":"<p>Mest selda beina spennuefni\u00f0 okkar er fj\u00f6lh\u00e6ft og hentar \u00ed margv\u00edslegum tilgangi, \u00fear \u00e1 me\u00f0al notkun sem bakgrunnur fyrir st\u00fad\u00ed\u00f3, svi\u00f0s- e\u00f0a vi\u00f0bur\u00f0abakgrunn, bakgrunn fyrir lj\u00f3smyndaklefa, bakgrunn fyrir bla\u00f0amannafund, bakgrunn fyrir ver\u00f0launaafhendingu og bakgrunn \u00e1 rau\u00f0u teppi. Me\u00f0 m\u00f6guleikanum \u00e1 a\u00f0 hafa tv\u00e6r mismunandi h\u00f6nnun \u00e1 sama bor\u00f0i getur\u00f0u h\u00e1marka\u00f0 ver\u00f0m\u00e6ti \u00feitt og \u00fe\u00e6gindi vi\u00f0 flutning. Teygjuefnisbakgrunnurinn er ger\u00f0ur \u00far traustu og sveigjanlegu 100% p\u00f3l\u00fdester sem m\u00e1 \u00fevo \u00ed v\u00e9l, prenta\u00f0 me\u00f0 s\u00e9rsni\u00f0nu efnisprentunarferlinu okkar, sem tryggir a\u00f0 h\u00f6nnunin \u00fe\u00edn haldist lifandi og sk\u00fdr, jafnvel eftir marga \u00fevotta og vi\u00f0 hva\u00f0a ve\u00f0urskilyr\u00f0i sem er. Prentunarferli\u00f0 okkar er einnig vistv\u00e6nt leysiefni, me\u00f0 n\u00e1tt\u00farulegum, ni\u00f0urbrj\u00f3tanlegum leysiefnum sem eru minna sterk og \u00f6ruggari fyrir l\u00edkamann. L\u00e9ttur og sterkur \u00e1lrammi er hanna\u00f0ur til a\u00f0 sty\u00f0ja vi\u00f0 teygjanleika efnisins \u00ed langan t\u00edma og hann kemur me\u00f0 smellul\u00e1sr\u00f6rum til a\u00f0 au\u00f0velda og flj\u00f3tlega uppsetningu \u00e1n \u00feess a\u00f0 \u00feurfa aukaverkf\u00e6ri. Standurinn er stillanlegur \u00ed \u00fe\u00e1 st\u00e6r\u00f0 sem \u00fe\u00fa vilt og \u00fea\u00f0 kemur me\u00f0 r\u00fallandi h\u00f6r\u00f0u hulsturpall til a\u00f0 au\u00f0velda me\u00f0g\u00f6ngu. Hi\u00f0 beina spennuefni er sent innan fj\u00f6gurra til fimm virkra daga \u00e1n kostna\u00f0ar.<\/p>\n<div style=\"width: 1280px;\" class=\"wp-video\"><!--[if lt IE 9]><script>document.createElement('video');<\/script><![endif]--><br \/>\n<video class=\"wp-video-shortcode\" id=\"video-744-1\" width=\"1280\" height=\"720\" loop autoplay preload=\"auto\" controls=\"controls\"><source type=\"video\/mp4\" src=\"http:\/\/cmykprinted.com\/wp-content\/uploads\/2022\/12\/Straight-Tension-Fabric-Backdrop.mp4?_=1\" \/><a href=\"http:\/\/cmykprinted.com\/wp-content\/uploads\/2022\/12\/Straight-Tension-Fabric-Backdrop.mp4\">http:\/\/cmykprinted.com\/wp-content\/uploads\/2022\/12\/Straight-Tension-Fabric-Backdrop.mp4<\/a><\/video><\/div>","protected":false},"featured_media":745,"template":"","meta":{"_kad_post_transparent":"default","_kad_post_title":"hide","_kad_post_layout":"fullwidth","_kad_post_sidebar_id":"","_kad_post_content_style":"unboxed","_kad_post_vertical_padding":"hide","_kad_post_feature":"hide","_kad_post_feature_position":"","_kad_post_header":false,"_kad_post_footer":false},"product_cat":[97,100],"product_tag":[196,197,198],"class_list":{"0":"post-744","1":"product","2":"type-product","3":"status-publish","4":"has-post-thumbnail","6":"product_cat-tension-fabric-displays","7":"product_cat-straight-tension-fabric-backdrop","8":"product_tag-straight-tension-fabric-backdrop","9":"product_tag-tension-fabric-backdrop","10":"product_tag-tension-fabric-media-wall","12":"first","13":"instock","14":"shipping-taxable","15":"product-type-simple","16":"entry","17":"content-bg","18":"loop-entry"},"_links":{"self":[{"href":"https:\/\/cmykprinted.com\/is\/wp-json\/wp\/v2\/product\/744","targetHints":{"allow":["GET"]}}],"collection":[{"href":"https:\/\/cmykprinted.com\/is\/wp-json\/wp\/v2\/product"}],"about":[{"href":"https:\/\/cmykprinted.com\/is\/wp-json\/wp\/v2\/types\/product"}],"version-history":[{"count":4,"href":"https:\/\/cmykprinted.com\/is\/wp-json\/wp\/v2\/product\/744\/revisions"}],"predecessor-version":[{"id":750,"href":"https:\/\/cmykprinted.com\/is\/wp-json\/wp\/v2\/product\/744\/revisions\/750"}],"wp:featuredmedia":[{"embeddable":true,"href":"https:\/\/cmykprinted.com\/is\/wp-json\/wp\/v2\/media\/745"}],"wp:attachment":[{"href":"https:\/\/cmykprinted.com\/is\/wp-json\/wp\/v2\/media?parent=744"}],"wp:term":[{"taxonomy":"product_cat","embeddable":true,"href":"https:\/\/cmykprinted.com\/is\/wp-json\/wp\/v2\/product_cat?post=744"},{"taxonomy":"product_tag","embeddable":true,"href":"https:\/\/cmykprinted.com\/is\/wp-json\/wp\/v2\/product_tag?post=744"}],"curies":[{"name":"wp","href":"https:\/\/api.w.org\/{rel}","templated":true}]}}