{"id":751,"date":"2022-12-30T12:03:52","date_gmt":"2022-12-30T12:03:52","guid":{"rendered":"https:\/\/cmykprinted.com\/?post_type=product&#038;p=751"},"modified":"2022-12-30T12:39:33","modified_gmt":"2022-12-30T12:39:33","slug":"multipurpose-wholesale-adhesive-uv-transfer-stickers-labels","status":"publish","type":"product","link":"https:\/\/cmykprinted.com\/is\/product\/multipurpose-wholesale-adhesive-uv-transfer-stickers-labels\/","title":{"rendered":"Fj\u00f6lnota heilds\u00f6lu l\u00edmmi\u00f0ar fyrir UV flutningsl\u00edmmi\u00f0a"},"content":{"rendered":"","protected":false},"excerpt":{"rendered":"<p>UV flutningsl\u00edmmi\u00f0ar me\u00f0 3D ster\u00ed\u00f3\u00e1hrifum gera \u00fe\u00e9r kleift a\u00f0 b\u00faa til s\u00e9rsni\u00f0na h\u00f6nnun me\u00f0 \u00fe\u00ednum eigin mynstrum, l\u00f3g\u00f3um og texta. \u00deessir l\u00edmmi\u00f0ar eru framleiddir \u00far UV transfer paste, sem er \u00feekkt fyrir sterka l\u00edm eiginleika og vatnshelda eiginleika. \u00dea\u00f0 er einnig \u00f3n\u00e6mt fyrir rispum, sem gerir \u00fea\u00f0 a\u00f0 endingarg\u00f3\u00f0u og langvarandi vali fyrir \u00fdmis yfirbor\u00f0. Hins vegar er mikilv\u00e6gt a\u00f0 hafa \u00ed huga a\u00f0 \u00feessir l\u00edmmi\u00f0ar \u00e6ttu ekki a\u00f0 ver\u00f0a fyrir heitu vatni e\u00f0a upphitun, \u00fear sem \u00fea\u00f0 getur haft \u00e1hrif \u00e1 kl\u00edstur \u00feeirra.<br \/>\n\u00deessa l\u00edmmi\u00f0a er h\u00e6gt a\u00f0 nota \u00e1 margs konar yfirbor\u00f0, \u00fear \u00e1 me\u00f0al m\u00e1lm, plast, gler, m\u00e1la\u00f0a fleti, b\u00e6kur, pappa, tr\u00e9, \u00f6skjur, plastefni, keramik efni, h\u00f6r\u00f0 k\u00e1puefni, penna, titla, fl\u00f6skur, hitabr\u00fasa, skrifblokkir, pendrif og \u00f6nnur sl\u00e9tt efni. \u00deeir geta jafnvel veri\u00f0 nota\u00f0ir \u00e1 b\u00edlinn \u00feinn, svo framarlega sem yfirbor\u00f0i\u00f0 er hreint fyrir notkun.<br \/>\nA\u00f0 auki er h\u00e6gt a\u00f0 s\u00e9rsn\u00ed\u00f0a \u00feessa l\u00edmmi\u00f0a \u00ed hva\u00f0a form sem \u00fe\u00fa vilt, me\u00f0 \u00fev\u00ed a\u00f0 nota ferli sem kallast deyjaskur\u00f0ur e\u00f0a kossskur\u00f0ur. \u00deetta gerir \u00fe\u00e9r kleift a\u00f0 b\u00faa til einstaka og pers\u00f3nulega l\u00edmmi\u00f0a sem h\u00e6gt er a\u00f0 nota \u00ed margv\u00edslegum tilgangi, svo sem v\u00f6rumerki, marka\u00f0ssetningu e\u00f0a pers\u00f3nulegri tj\u00e1ningu. Svo, \u00feessir l\u00edmmi\u00f0ar eru mj\u00f6g fj\u00f6lh\u00e6fir og h\u00e6gt a\u00f0 nota \u00ed fj\u00f6lm\u00f6rgum forritum.<\/p>\n<div style=\"width: 1280px;\" class=\"wp-video\"><!--[if lt IE 9]><script>document.createElement('video');<\/script><![endif]--><br \/>\n<video class=\"wp-video-shortcode\" id=\"video-751-1\" width=\"1280\" height=\"720\" loop autoplay preload=\"auto\" controls=\"controls\"><source type=\"video\/mp4\" src=\"http:\/\/cmykprinted.com\/wp-content\/uploads\/2022\/12\/UV-transfer-stickers.mp4?_=1\" \/><a href=\"http:\/\/cmykprinted.com\/wp-content\/uploads\/2022\/12\/UV-transfer-stickers.mp4\">http:\/\/cmykprinted.com\/wp-content\/uploads\/2022\/12\/UV-transfer-stickers.mp4<\/a><\/video><\/div>","protected":false},"featured_media":752,"template":"","meta":{"_kad_post_transparent":"default","_kad_post_title":"hide","_kad_post_layout":"fullwidth","_kad_post_sidebar_id":"","_kad_post_content_style":"unboxed","_kad_post_vertical_padding":"hide","_kad_post_feature":"hide","_kad_post_feature_position":"","_kad_post_header":false,"_kad_post_footer":false},"product_cat":[101,103],"product_tag":[202,200,199,138,201],"class_list":{"0":"post-751","1":"product","2":"type-product","3":"status-publish","4":"has-post-thumbnail","6":"product_cat-transfer-stickers","7":"product_cat-uv-transfer-stickers","8":"product_tag-adhesive-transfer-stickers","9":"product_tag-multipurpose-transfer-stickers","10":"product_tag-uv-transfer-labels","11":"product_tag-uv-transfer-stickers","12":"product_tag-wholesale-transfer-stickers","14":"first","15":"instock","16":"shipping-taxable","17":"product-type-simple","18":"entry","19":"content-bg","20":"loop-entry"},"_links":{"self":[{"href":"https:\/\/cmykprinted.com\/is\/wp-json\/wp\/v2\/product\/751","targetHints":{"allow":["GET"]}}],"collection":[{"href":"https:\/\/cmykprinted.com\/is\/wp-json\/wp\/v2\/product"}],"about":[{"href":"https:\/\/cmykprinted.com\/is\/wp-json\/wp\/v2\/types\/product"}],"version-history":[{"count":3,"href":"https:\/\/cmykprinted.com\/is\/wp-json\/wp\/v2\/product\/751\/revisions"}],"predecessor-version":[{"id":761,"href":"https:\/\/cmykprinted.com\/is\/wp-json\/wp\/v2\/product\/751\/revisions\/761"}],"wp:featuredmedia":[{"embeddable":true,"href":"https:\/\/cmykprinted.com\/is\/wp-json\/wp\/v2\/media\/752"}],"wp:attachment":[{"href":"https:\/\/cmykprinted.com\/is\/wp-json\/wp\/v2\/media?parent=751"}],"wp:term":[{"taxonomy":"product_cat","embeddable":true,"href":"https:\/\/cmykprinted.com\/is\/wp-json\/wp\/v2\/product_cat?post=751"},{"taxonomy":"product_tag","embeddable":true,"href":"https:\/\/cmykprinted.com\/is\/wp-json\/wp\/v2\/product_tag?post=751"}],"curies":[{"name":"wp","href":"https:\/\/api.w.org\/{rel}","templated":true}]}}