{"id":778,"date":"2022-12-31T02:58:49","date_gmt":"2022-12-31T02:58:49","guid":{"rendered":"https:\/\/cmykprinted.com\/?post_type=product&#038;p=778"},"modified":"2022-12-31T03:33:16","modified_gmt":"2022-12-31T03:33:16","slug":"heavy-duty-instant-enclosed-10x20ft-pop-up-canopies-gazebo","status":"publish","type":"product","link":"https:\/\/cmykprinted.com\/is\/product\/heavy-duty-instant-enclosed-10x20ft-pop-up-canopies-gazebo\/","title":{"rendered":"Heavy Duty Instant loku\u00f0 10x20ft sprettiglugga tjaldh\u00fas"},"content":{"rendered":"","protected":false},"excerpt":{"rendered":"<p>10x20ft sprettigluggar eru hanna\u00f0ar fyrir \u00fativi\u00f0bur\u00f0i og eru me\u00f0 \u00fe\u00e6gilegri bur\u00f0arpoka til a\u00f0 au\u00f0velda flutning. 10x20ft sprettigluggar bj\u00f3\u00f0a upp \u00e1 st\u00f3rt skyggingarsv\u00e6\u00f0i sem er 200 ferfet, n\u00f3g til a\u00f0 r\u00fama 8ft ferhyrnt bor\u00f0 me\u00f0 25 st\u00f3lum e\u00f0a um 30 manns sem standa \u00e1 sama t\u00edma. T\u00e6ki\u00f0 er \u00far endingarg\u00f3\u00f0u 420D Oxford efni me\u00f0 PVC h\u00fa\u00f0un fyrir vind- og slit\u00feol, auk UV30+ v\u00f6rn og vatnsheldni. \u00dea\u00f0 er flj\u00f3tlegt og au\u00f0velt a\u00f0 setja \u00fea\u00f0 upp, me\u00f0 verkf\u00e6ralausu uppsetningarferli og \u00feungri st\u00e1lgrind me\u00f0 4 h\u00e6\u00f0arstillingum. Tjaldhiminn er einnig me\u00f0 hli\u00f0arveggjum me\u00f0 gagns\u00e6jum gluggum og mi\u00f0l\u00e6gri rennil\u00e1shur\u00f0 til a\u00f0 auka vernd gegn vindi og ska\u00f0legu s\u00f3larlj\u00f3si, en leyfa samt sk\u00fdru \u00fats\u00fdni a\u00f0 utan. Au\u00f0velt er a\u00f0 festa hli\u00f0arveggina e\u00f0a losa \u00fe\u00e6r fr\u00e1 ramma tjaldhimins me\u00f0 kr\u00f3ka- og lykkjufestingum.<\/p>\n<div style=\"width: 1280px;\" class=\"wp-video\"><!--[if lt IE 9]><script>document.createElement('video');<\/script><![endif]--><br \/>\n<video class=\"wp-video-shortcode\" id=\"video-778-1\" width=\"1280\" height=\"720\" loop autoplay preload=\"auto\" controls=\"controls\"><source type=\"video\/mp4\" src=\"http:\/\/cmykprinted.com\/wp-content\/uploads\/2022\/12\/10x20ft-Pop-Up-Canopies.mp4?_=1\" \/><a href=\"http:\/\/cmykprinted.com\/wp-content\/uploads\/2022\/12\/10x20ft-Pop-Up-Canopies.mp4\">http:\/\/cmykprinted.com\/wp-content\/uploads\/2022\/12\/10x20ft-Pop-Up-Canopies.mp4<\/a><\/video><\/div>","protected":false},"featured_media":780,"template":"","meta":{"_kad_post_transparent":"default","_kad_post_title":"hide","_kad_post_layout":"fullwidth","_kad_post_sidebar_id":"","_kad_post_content_style":"unboxed","_kad_post_vertical_padding":"hide","_kad_post_feature":"hide","_kad_post_feature_position":"","_kad_post_header":false,"_kad_post_footer":false},"product_cat":[68,72,69],"product_tag":[208,211,209,210],"class_list":{"0":"post-778","1":"product","2":"type-product","3":"status-publish","4":"has-post-thumbnail","6":"product_cat-custom-canopy-tents","7":"product_cat-10x20ft-pop-up-canopies","8":"product_cat-40mm-hexagon-aluminum-tents","9":"product_tag-10x20ft-pop-up-canopies","10":"product_tag-heavy-duty-gazebo","11":"product_tag-heavy-duty-pop-up-canopies","12":"product_tag-instant-pop-up-canopies","14":"first","15":"instock","16":"shipping-taxable","17":"product-type-simple","18":"entry","19":"content-bg","20":"loop-entry"},"_links":{"self":[{"href":"https:\/\/cmykprinted.com\/is\/wp-json\/wp\/v2\/product\/778","targetHints":{"allow":["GET"]}}],"collection":[{"href":"https:\/\/cmykprinted.com\/is\/wp-json\/wp\/v2\/product"}],"about":[{"href":"https:\/\/cmykprinted.com\/is\/wp-json\/wp\/v2\/types\/product"}],"version-history":[{"count":4,"href":"https:\/\/cmykprinted.com\/is\/wp-json\/wp\/v2\/product\/778\/revisions"}],"predecessor-version":[{"id":790,"href":"https:\/\/cmykprinted.com\/is\/wp-json\/wp\/v2\/product\/778\/revisions\/790"}],"wp:featuredmedia":[{"embeddable":true,"href":"https:\/\/cmykprinted.com\/is\/wp-json\/wp\/v2\/media\/780"}],"wp:attachment":[{"href":"https:\/\/cmykprinted.com\/is\/wp-json\/wp\/v2\/media?parent=778"}],"wp:term":[{"taxonomy":"product_cat","embeddable":true,"href":"https:\/\/cmykprinted.com\/is\/wp-json\/wp\/v2\/product_cat?post=778"},{"taxonomy":"product_tag","embeddable":true,"href":"https:\/\/cmykprinted.com\/is\/wp-json\/wp\/v2\/product_tag?post=778"}],"curies":[{"name":"wp","href":"https:\/\/api.w.org\/{rel}","templated":true}]}}