{"id":791,"date":"2022-12-31T06:57:00","date_gmt":"2022-12-31T06:57:00","guid":{"rendered":"https:\/\/cmykprinted.com\/?post_type=product&#038;p=791"},"modified":"2022-12-31T07:06:35","modified_gmt":"2022-12-31T07:06:35","slug":"wall-mounted-promotional-flags-end-sign-flags-custom-printed","status":"publish","type":"product","link":"https:\/\/cmykprinted.com\/is\/product\/wall-mounted-promotional-flags-end-sign-flags-custom-printed\/","title":{"rendered":"Veggfestur kynningarf\u00e1nar Endamerkjaf\u00e1nar S\u00e9rprenta\u00f0ir"},"content":{"rendered":"","protected":false},"excerpt":{"rendered":"<p>Veggfestu kynningarf\u00e1narnir okkar eru prenta\u00f0ir \u00e1 sterku, slitsterku PVC bor\u00f0arefni og me\u00f0h\u00f6ndla\u00f0ir me\u00f0 UV-bleki til a\u00f0 endingu utandyra. \u00deessir f\u00e1nar m\u00e6last 430 mm \u00e1 breidd og 355 mm \u00e1 annarri hli\u00f0inni og 560 mm \u00e1 hinni, \u00feessir f\u00e1nar eru sm\u00ed\u00f0a\u00f0ir \u00far sterku en sveigjanlegu hv\u00edtu PVC og eru me\u00f0 750 mm langa f\u00e1nast\u00f6ng. Mj\u00f3kkandi falsi\u00f0 tryggir \u00f6ruggt grip \u00e1 st\u00f6nginni og kemur \u00ed veg fyrir a\u00f0 f\u00e1ninn t\u00fdnist \u00ed roki. Au\u00f0velt er a\u00f0 skr\u00fafa \u00feessa f\u00e1na \u00e1 veggi og koma me\u00f0 setti sem inniheldur p\u00f3l\u00fdpr\u00f3p\u00fdlenfestingu, PVC st\u00f6ng, loka og kraga. Vi\u00f0 bj\u00f3\u00f0um einnig upp \u00e1 l\u00e1tlausa \u201eDisplay Flags\u201c \u00far 780gsm styrktu lj\u00f3sblokk PVC sem henta fyrir v\u00ednylnotkun og h\u00e6gt er a\u00f0 prenta eftir p\u00f6ntun. S\u00e9rsni\u00f0in f\u00e1nar eru einnig f\u00e1anlegir. Allir f\u00e1nar okkar eru framleiddir me\u00f0 ofurstyrksmi\u00f0lum og p\u00f3l\u00fdestersaumum \u00far sj\u00e1vargr\u00e1\u00f0u fyrir bestu frammist\u00f6\u00f0u utandyra.<\/p>","protected":false},"featured_media":792,"template":"","meta":{"_kad_post_transparent":"default","_kad_post_title":"hide","_kad_post_layout":"fullwidth","_kad_post_sidebar_id":"","_kad_post_content_style":"unboxed","_kad_post_vertical_padding":"hide","_kad_post_feature":"hide","_kad_post_feature_position":"","_kad_post_header":false,"_kad_post_footer":false},"product_cat":[79],"product_tag":[215,213,214,212],"class_list":{"0":"post-791","1":"product","2":"type-product","3":"status-publish","4":"has-post-thumbnail","6":"product_cat-custom-flags","7":"product_tag-custom-promotional-flags","8":"product_tag-end-sign-flags","9":"product_tag-promotional-flags","10":"product_tag-wall-mounted-promotional-flags","12":"first","13":"instock","14":"shipping-taxable","15":"product-type-simple","16":"entry","17":"content-bg","18":"loop-entry"},"_links":{"self":[{"href":"https:\/\/cmykprinted.com\/is\/wp-json\/wp\/v2\/product\/791","targetHints":{"allow":["GET"]}}],"collection":[{"href":"https:\/\/cmykprinted.com\/is\/wp-json\/wp\/v2\/product"}],"about":[{"href":"https:\/\/cmykprinted.com\/is\/wp-json\/wp\/v2\/types\/product"}],"version-history":[{"count":3,"href":"https:\/\/cmykprinted.com\/is\/wp-json\/wp\/v2\/product\/791\/revisions"}],"predecessor-version":[{"id":799,"href":"https:\/\/cmykprinted.com\/is\/wp-json\/wp\/v2\/product\/791\/revisions\/799"}],"wp:featuredmedia":[{"embeddable":true,"href":"https:\/\/cmykprinted.com\/is\/wp-json\/wp\/v2\/media\/792"}],"wp:attachment":[{"href":"https:\/\/cmykprinted.com\/is\/wp-json\/wp\/v2\/media?parent=791"}],"wp:term":[{"taxonomy":"product_cat","embeddable":true,"href":"https:\/\/cmykprinted.com\/is\/wp-json\/wp\/v2\/product_cat?post=791"},{"taxonomy":"product_tag","embeddable":true,"href":"https:\/\/cmykprinted.com\/is\/wp-json\/wp\/v2\/product_tag?post=791"}],"curies":[{"name":"wp","href":"https:\/\/api.w.org\/{rel}","templated":true}]}}