{"id":810,"date":"2022-12-31T13:39:50","date_gmt":"2022-12-31T13:39:50","guid":{"rendered":"https:\/\/cmykprinted.com\/?post_type=product&#038;p=810"},"modified":"2022-12-31T13:53:52","modified_gmt":"2022-12-31T13:53:52","slug":"durable-custom-printed-outdoor-scrim-glossy-vinyl-banner","status":"publish","type":"product","link":"https:\/\/cmykprinted.com\/is\/product\/durable-custom-printed-outdoor-scrim-glossy-vinyl-banner\/","title":{"rendered":"Varanlegur s\u00e9rsni\u00f0inn prenta\u00f0ur \u00fati scrim glj\u00e1andi v\u00ednyl bor\u00f0i"},"content":{"rendered":"","protected":false},"excerpt":{"rendered":"<p>Glj\u00e1andi v\u00ednylbor\u00f0arnir okkar henta b\u00e6\u00f0i til notkunar innanh\u00fass og utan, \u00fear sem \u00feeir eru m\u00f3t\u00feolnir, slit\u00feolnir og vind\u00feolnir. \u00deau eru l\u00edka mj\u00f6g hagkv\u00e6m, sem gerir \u00feau a\u00f0 fr\u00e1b\u00e6ru vali fyrir \u00fe\u00e1 sem eru \u00e1 fj\u00e1rhags\u00e1\u00e6tlun. Vinylefni\u00f0 sem nota\u00f0 er \u00ed \u00feessa bor\u00f0a er bjart og glansandi, sem hj\u00e1lpar til vi\u00f0 a\u00f0 litirnir \u00ed h\u00f6nnuninni \u00feinni vir\u00f0ast l\u00edflegri og gr\u00edpandi. Auk \u00feess hj\u00e1lpar ofursl\u00e9tt letrafl\u00f6t \u00feessara bor\u00f0a vi\u00f0 a\u00f0 l\u00edfga upp \u00e1 graf\u00edkina \u00fe\u00edna.<br \/>\nGlansandi v\u00ednylbor\u00f0arnir okkar eru vins\u00e6ll kostur fyrir \u00fativi\u00f0bur\u00f0i, eins og f\u00f3tboltaleiki, \u00fear sem h\u00e6gt er a\u00f0 hengja \u00fe\u00e1 me\u00f0fram gir\u00f0ingunni e\u00f0a veggnum sem umlykur v\u00f6llinn til a\u00f0 s\u00fdna styrktara\u00f0ila li\u00f0sins. \u00deau eru l\u00edka fr\u00e1b\u00e6r kostur fyrir \u00e6ttarm\u00f3t, fyrirt\u00e6kjalautarfer\u00f0ir og a\u00f0rar \u00fatisamkomur, \u00fear sem au\u00f0velt er a\u00f0 hengja \u00feau \u00e1 milli tveggja trj\u00e1a til a\u00f0 b\u00faa til l\u00edflega og hagkv\u00e6ma s\u00fdningu. Sama hvert tilefni\u00f0 er, glj\u00e1andi v\u00ednylbor\u00f0arnir okkar munu \u00f6rugglega gera vi\u00f0bur\u00f0inn \u00feinn s\u00e9rstakan.<\/p>\n<div style=\"width: 1290px;\" class=\"wp-video\"><!--[if lt IE 9]><script>document.createElement('video');<\/script><![endif]--><br \/>\n<video class=\"wp-video-shortcode\" id=\"video-810-1\" width=\"1290\" height=\"726\" loop autoplay preload=\"auto\" controls=\"controls\"><source type=\"video\/mp4\" src=\"http:\/\/cmykprinted.com\/wp-content\/uploads\/2022\/12\/vinyl-PVC-banners.mp4?_=1\" \/><a href=\"http:\/\/cmykprinted.com\/wp-content\/uploads\/2022\/12\/vinyl-PVC-banners.mp4\">http:\/\/cmykprinted.com\/wp-content\/uploads\/2022\/12\/vinyl-PVC-banners.mp4<\/a><\/video><\/div>\n<p>&nbsp;<\/p>","protected":false},"featured_media":811,"template":"","meta":{"_kad_post_transparent":"default","_kad_post_title":"hide","_kad_post_layout":"fullwidth","_kad_post_sidebar_id":"","_kad_post_content_style":"unboxed","_kad_post_vertical_padding":"hide","_kad_post_feature":"hide","_kad_post_feature_position":"","_kad_post_header":false,"_kad_post_footer":false},"product_cat":[85,90,91,89],"product_tag":[221,220,219,222],"class_list":{"0":"post-810","1":"product","2":"type-product","3":"status-publish","4":"has-post-thumbnail","6":"product_cat-outdoor-vinyl-banners","7":"product_cat-glossy-pvc-banners","8":"product_cat-matte-vinyl-banners","9":"product_cat-pvc-banners","10":"product_tag-custom-vinyl-banner","11":"product_tag-durable-vinyl-banner","12":"product_tag-glossy-vinyl-banner","13":"product_tag-outdoor-vinyl-banner","15":"first","16":"instock","17":"shipping-taxable","18":"product-type-simple","19":"entry","20":"content-bg","21":"loop-entry"},"_links":{"self":[{"href":"https:\/\/cmykprinted.com\/is\/wp-json\/wp\/v2\/product\/810","targetHints":{"allow":["GET"]}}],"collection":[{"href":"https:\/\/cmykprinted.com\/is\/wp-json\/wp\/v2\/product"}],"about":[{"href":"https:\/\/cmykprinted.com\/is\/wp-json\/wp\/v2\/types\/product"}],"version-history":[{"count":2,"href":"https:\/\/cmykprinted.com\/is\/wp-json\/wp\/v2\/product\/810\/revisions"}],"predecessor-version":[{"id":817,"href":"https:\/\/cmykprinted.com\/is\/wp-json\/wp\/v2\/product\/810\/revisions\/817"}],"wp:featuredmedia":[{"embeddable":true,"href":"https:\/\/cmykprinted.com\/is\/wp-json\/wp\/v2\/media\/811"}],"wp:attachment":[{"href":"https:\/\/cmykprinted.com\/is\/wp-json\/wp\/v2\/media?parent=810"}],"wp:term":[{"taxonomy":"product_cat","embeddable":true,"href":"https:\/\/cmykprinted.com\/is\/wp-json\/wp\/v2\/product_cat?post=810"},{"taxonomy":"product_tag","embeddable":true,"href":"https:\/\/cmykprinted.com\/is\/wp-json\/wp\/v2\/product_tag?post=810"}],"curies":[{"name":"wp","href":"https:\/\/api.w.org\/{rel}","templated":true}]}}