{"id":818,"date":"2022-12-31T14:04:19","date_gmt":"2022-12-31T14:04:19","guid":{"rendered":"https:\/\/cmykprinted.com\/?post_type=product&#038;p=818"},"modified":"2022-12-31T14:16:24","modified_gmt":"2022-12-31T14:16:24","slug":"vertical-pop-up-banners-for-promotional-outdoor-advertising","status":"publish","type":"product","link":"https:\/\/cmykprinted.com\/is\/product\/vertical-pop-up-banners-for-promotional-outdoor-advertising\/","title":{"rendered":"L\u00f3\u00f0r\u00e9ttir sprettigluggar fyrir kynningar\u00fatiugl\u00fdsingar"},"content":{"rendered":"","protected":false},"excerpt":{"rendered":"<p>L\u00f3\u00f0r\u00e9ttir sprettigluggar eru fr\u00e1b\u00e6r valkostur vi\u00f0 hef\u00f0bundna A-ramma h\u00f6nnun, \u00fear sem \u00feeir bj\u00f3\u00f0a upp \u00e1 mun meira prentanlegt yfirbor\u00f0. \u00deessir bor\u00f0ar eru hanna\u00f0ir til a\u00f0 vera au\u00f0velt a\u00f0 flytja, setja upp og taka ni\u00f0ur, sem gerir \u00fe\u00e1 a\u00f0 \u00fe\u00e6gilegu vali fyrir vi\u00f0bur\u00f0i, v\u00f6rus\u00fdningar og \u00f6nnur t\u00e6kif\u00e6ri. \u00deeir eru einnig hentugir til notkunar b\u00e6\u00f0i inni og \u00fati, og eru me\u00f0 fj\u00f3rum jar\u00f0toppum til a\u00f0 auka st\u00f6\u00f0ugleika.<br \/>\nEinn af helstu kostunum vi\u00f0 l\u00f3\u00f0r\u00e9tta sprettiglugga er a\u00f0 \u00feeir eru ein eining, sem \u00fe\u00fd\u00f0ir a\u00f0 standurinn og graf\u00edkin eru sameinu\u00f0 \u00ed einni einingu. \u00deetta gerir \u00fe\u00e1 au\u00f0velt a\u00f0 flytja og flytja, \u00fear sem \u00fe\u00fa \u00fearft ekki a\u00f0 hafa \u00e1hyggjur af a\u00f0skildum hlutum. Myndin sj\u00e1lf er prentu\u00f0 \u00e1 h\u00e1g\u00e6\u00f0a poly sat\u00edn efni, sem er sl\u00e9tt, endingargott og au\u00f0velt a\u00f0 brj\u00f3ta saman til sendingar.<br \/>\n\u00dea\u00f0 eru \u00fdmsar st\u00e6r\u00f0ir f\u00e1anlegar \u00ed hverri uppsetningu, svo \u00fe\u00fa getur vali\u00f0 \u00fe\u00e1 sem hentar \u00fe\u00ednum \u00fe\u00f6rfum best. Auk \u00feess fylgir alltaf s\u00e9rsni\u00f0in bur\u00f0artaska sem gerir \u00fea\u00f0 au\u00f0velt a\u00f0 geyma og flytja bor\u00f0ann \u00feinn fr\u00e1 einum vi\u00f0bur\u00f0 til annars. \u00c1 heildina liti\u00f0 eru l\u00f3\u00f0r\u00e9ttir sprettigluggar fj\u00f6lh\u00e6fur, \u00fe\u00e6gilegur og \u00e1hrifar\u00edk lei\u00f0 til a\u00f0 s\u00fdna v\u00f6rumerki\u00f0 \u00feitt e\u00f0a skilabo\u00f0 \u00e1 st\u00f3ran h\u00e1tt.<\/p>\n<div style=\"width: 1290px;\" class=\"wp-video\"><!--[if lt IE 9]><script>document.createElement('video');<\/script><![endif]--><br \/>\n<video class=\"wp-video-shortcode\" id=\"video-818-1\" width=\"1290\" height=\"726\" loop autoplay preload=\"auto\" controls=\"controls\"><source type=\"video\/mp4\" src=\"http:\/\/cmykprinted.com\/wp-content\/uploads\/2022\/12\/horizontal-pop-up-banners.mp4?_=1\" \/><a href=\"http:\/\/cmykprinted.com\/wp-content\/uploads\/2022\/12\/horizontal-pop-up-banners.mp4\">http:\/\/cmykprinted.com\/wp-content\/uploads\/2022\/12\/horizontal-pop-up-banners.mp4<\/a><\/video><\/div>\n<p>&nbsp;<\/p>","protected":false},"featured_media":819,"template":"","meta":{"_kad_post_transparent":"default","_kad_post_title":"hide","_kad_post_layout":"fullwidth","_kad_post_sidebar_id":"","_kad_post_content_style":"unboxed","_kad_post_vertical_padding":"hide","_kad_post_feature":"hide","_kad_post_feature_position":"","_kad_post_header":false,"_kad_post_footer":false},"product_cat":[92,96],"product_tag":[224,167,225,166,195,223],"class_list":{"0":"post-818","1":"product","2":"type-product","3":"status-publish","4":"has-post-thumbnail","6":"product_cat-pop-up-banners","7":"product_cat-vertical-pop-up-banners","8":"product_tag-advertising-pop-up-banners","9":"product_tag-custom-pop-up-banners","10":"product_tag-outdoor-pop-up-banners","11":"product_tag-pop-up-banners","12":"product_tag-promotional-pop-up-banners","13":"product_tag-vertical-pop-up-banners","15":"first","16":"instock","17":"shipping-taxable","18":"product-type-simple","19":"entry","20":"content-bg","21":"loop-entry"},"_links":{"self":[{"href":"https:\/\/cmykprinted.com\/is\/wp-json\/wp\/v2\/product\/818","targetHints":{"allow":["GET"]}}],"collection":[{"href":"https:\/\/cmykprinted.com\/is\/wp-json\/wp\/v2\/product"}],"about":[{"href":"https:\/\/cmykprinted.com\/is\/wp-json\/wp\/v2\/types\/product"}],"version-history":[{"count":1,"href":"https:\/\/cmykprinted.com\/is\/wp-json\/wp\/v2\/product\/818\/revisions"}],"predecessor-version":[{"id":825,"href":"https:\/\/cmykprinted.com\/is\/wp-json\/wp\/v2\/product\/818\/revisions\/825"}],"wp:featuredmedia":[{"embeddable":true,"href":"https:\/\/cmykprinted.com\/is\/wp-json\/wp\/v2\/media\/819"}],"wp:attachment":[{"href":"https:\/\/cmykprinted.com\/is\/wp-json\/wp\/v2\/media?parent=818"}],"wp:term":[{"taxonomy":"product_cat","embeddable":true,"href":"https:\/\/cmykprinted.com\/is\/wp-json\/wp\/v2\/product_cat?post=818"},{"taxonomy":"product_tag","embeddable":true,"href":"https:\/\/cmykprinted.com\/is\/wp-json\/wp\/v2\/product_tag?post=818"}],"curies":[{"name":"wp","href":"https:\/\/api.w.org\/{rel}","templated":true}]}}