{"id":834,"date":"2023-01-01T06:16:03","date_gmt":"2023-01-01T06:16:03","guid":{"rendered":"https:\/\/cmykprinted.com\/?post_type=product&#038;p=834"},"modified":"2023-01-01T06:28:27","modified_gmt":"2023-01-01T06:28:27","slug":"metallic-letters-labels-adhesive-3d-transfer-metal-sticker","status":"publish","type":"product","link":"https:\/\/cmykprinted.com\/is\/product\/metallic-letters-labels-adhesive-3d-transfer-metal-sticker\/","title":{"rendered":"Metallic Letters Labels L\u00edm 3D Transfer Metal Sticker"},"content":{"rendered":"","protected":false},"excerpt":{"rendered":"<p>Me\u00f0 merkimi\u00f0um me\u00f0 m\u00e1lmst\u00f6fum getur\u00f0u au\u00f0veldlega fanga athygli vi\u00f0skiptavina \u00feinna og dregi\u00f0 \u00fe\u00e1 inn til a\u00f0 l\u00e6ra meira um \u00fea\u00f0 sem \u00fe\u00fa hefur upp \u00e1 a\u00f0 bj\u00f3\u00f0a. \u00deessir \u00e1berandi l\u00edmmi\u00f0ar eru hanna\u00f0ir til a\u00f0 auka sj\u00f3nr\u00e6n \u00e1hrif \u00e1 v\u00f6runa \u00fe\u00edna e\u00f0a \u00fej\u00f3nustu, sem gerir \u00fea\u00f0 a\u00f0 verkum a\u00f0 h\u00fan skeri sig \u00far samkeppninni.<br \/>\nMe\u00f0 \u00fev\u00ed a\u00f0 nota n\u00fdjustu t\u00e6knina eru \u00feessi merki framleidd me\u00f0 glitrandi litum \u00ed \u00fdmsum halla og h\u00e1lft\u00f3num, sem gefur \u00feeim glansandi og a\u00f0la\u00f0andi \u00fatlit sem eykur skynja\u00f0 gildi tilbo\u00f0s \u00fe\u00edns. Hvort sem \u00fe\u00fa ert \u00ed vi\u00f0skiptum vi\u00f0 a\u00f0 selja v\u00f6rur e\u00f0a kynna vi\u00f0bur\u00f0i e\u00f0a \u00fej\u00f3nustu, \u00fe\u00e1 munu \u00feessi s\u00e9rsni\u00f0nu merki \u00f6rugglega n\u00e1 athygli markh\u00f3ps \u00fe\u00edns og hj\u00e1lpa \u00fe\u00e9r a\u00f0 skera \u00feig \u00far \u00e1 fj\u00f6lmennum marka\u00f0i.<br \/>\nSvo hvers vegna a\u00f0 b\u00ed\u00f0a? Fj\u00e1rfestu \u00ed m\u00e1lmst\u00f6fum merkjum \u00ed dag og fylgstu me\u00f0 \u00feegar fyrirt\u00e6ki\u00f0 \u00feitt tekur n\u00fdjar h\u00e6\u00f0ir!<\/p>\n<div style=\"width: 1280px;\" class=\"wp-video\"><!--[if lt IE 9]><script>document.createElement('video');<\/script><![endif]--><br \/>\n<video class=\"wp-video-shortcode\" id=\"video-834-1\" width=\"1280\" height=\"720\" loop autoplay preload=\"metadata\" controls=\"controls\"><source type=\"video\/mp4\" src=\"http:\/\/cmykprinted.com\/wp-content\/uploads\/2022\/12\/Metal-Transfer-Sticker.mp4?_=1\" \/><a href=\"http:\/\/cmykprinted.com\/wp-content\/uploads\/2022\/12\/Metal-Transfer-Sticker.mp4\">http:\/\/cmykprinted.com\/wp-content\/uploads\/2022\/12\/Metal-Transfer-Sticker.mp4<\/a><\/video><\/div>\n<p>&nbsp;<\/p>","protected":false},"featured_media":835,"template":"","meta":{"_kad_post_transparent":"default","_kad_post_title":"hide","_kad_post_layout":"fullwidth","_kad_post_sidebar_id":"","_kad_post_content_style":"unboxed","_kad_post_vertical_padding":"hide","_kad_post_feature":"hide","_kad_post_feature_position":"","_kad_post_header":false,"_kad_post_footer":false},"product_cat":[101,102],"product_tag":[232,233,230,231],"class_list":{"0":"post-834","1":"product","2":"type-product","3":"status-publish","4":"has-post-thumbnail","6":"product_cat-transfer-stickers","7":"product_cat-metal-transfer-stickers","8":"product_tag-3d-transfer-sticker","9":"product_tag-adhesive-metal-sticker","10":"product_tag-metallic-letters-labels","11":"product_tag-transfer-metal-sticker","13":"first","14":"instock","15":"shipping-taxable","16":"product-type-simple","17":"entry","18":"content-bg","19":"loop-entry"},"_links":{"self":[{"href":"https:\/\/cmykprinted.com\/is\/wp-json\/wp\/v2\/product\/834","targetHints":{"allow":["GET"]}}],"collection":[{"href":"https:\/\/cmykprinted.com\/is\/wp-json\/wp\/v2\/product"}],"about":[{"href":"https:\/\/cmykprinted.com\/is\/wp-json\/wp\/v2\/types\/product"}],"version-history":[{"count":1,"href":"https:\/\/cmykprinted.com\/is\/wp-json\/wp\/v2\/product\/834\/revisions"}],"predecessor-version":[{"id":841,"href":"https:\/\/cmykprinted.com\/is\/wp-json\/wp\/v2\/product\/834\/revisions\/841"}],"wp:featuredmedia":[{"embeddable":true,"href":"https:\/\/cmykprinted.com\/is\/wp-json\/wp\/v2\/media\/835"}],"wp:attachment":[{"href":"https:\/\/cmykprinted.com\/is\/wp-json\/wp\/v2\/media?parent=834"}],"wp:term":[{"taxonomy":"product_cat","embeddable":true,"href":"https:\/\/cmykprinted.com\/is\/wp-json\/wp\/v2\/product_cat?post=834"},{"taxonomy":"product_tag","embeddable":true,"href":"https:\/\/cmykprinted.com\/is\/wp-json\/wp\/v2\/product_tag?post=834"}],"curies":[{"name":"wp","href":"https:\/\/api.w.org\/{rel}","templated":true}]}}