{"id":842,"date":"2023-01-01T06:44:35","date_gmt":"2023-01-01T06:44:35","guid":{"rendered":"https:\/\/cmykprinted.com\/?post_type=product&#038;p=842"},"modified":"2023-01-01T06:50:35","modified_gmt":"2023-01-01T06:50:35","slug":"rectangle-flag-banners-with-custom-printing-fast-delivery","status":"publish","type":"product","link":"https:\/\/cmykprinted.com\/is\/product\/rectangle-flag-banners-with-custom-printing-fast-delivery\/","title":{"rendered":"R\u00e9tthyrnd f\u00e1nabor\u00f0ar me\u00f0 s\u00e9rsni\u00f0inni prentun og hr\u00f6\u00f0 afhending"},"content":{"rendered":"","protected":false},"excerpt":{"rendered":"<p>Ef \u00fe\u00fa ert a\u00f0 leita a\u00f0 \u00fev\u00ed a\u00f0 hafa mikil \u00e1hrif me\u00f0 n\u00e6stu kynningu e\u00f0a vi\u00f0bur\u00f0i skaltu \u00edhuga s\u00e9rsni\u00f0na prentun r\u00e9tthyrndra f\u00e1nabor\u00f0a me\u00f0 l\u00f3g\u00f3inu \u00fe\u00ednu e\u00f0a h\u00f6nnun a\u00f0 eigin vali. \u00deessir bor\u00f0ar eru f\u00e1anlegir \u00ed \u00feremur st\u00e6r\u00f0um - 5ft, 8ft e\u00f0a 11ft - svo \u00fe\u00fa getur vali\u00f0 \u00feann valkost sem hentar \u00fe\u00ednum \u00fe\u00f6rfum best. \u00deegar nokkrir f\u00e1nar eru stilltir upp \u00ed r\u00f6\u00f0 skapa \u00feeir risast\u00f3ra og sj\u00f3nr\u00e6nt \u00e1hrifamikla skj\u00e1 sem gefur vi\u00f0bur\u00f0inum \u00fe\u00ednum hreinan, fagmannlegan og spennandi stemningu.<br \/>\nEitt af \u00fev\u00ed fr\u00e1b\u00e6ra vi\u00f0 \u00feessa r\u00e9tthyrndu bor\u00f0a er a\u00f0 s\u00e9rsni\u00f0in prentun \u00e1 framhli\u00f0inni er s\u00fdnileg \u00e1 bakhli\u00f0inni \u00ed spegilmyndarsni\u00f0i. \u00deetta \u00fe\u00fd\u00f0ir a\u00f0 \u00fe\u00fa getur nota\u00f0 \u00feau \u00ed \u00fdmsum stillingum og samt l\u00e1ti\u00f0 skilabo\u00f0in \u00fe\u00edn birtast \u00e1berandi. A\u00f0 auki er tv\u00edhli\u00f0a prentun \u00ed bo\u00f0i fyrir \u00fe\u00e1 sem vilja koma \u00e1 framf\u00e6ri tv\u00f6f\u00f6ldum skilabo\u00f0um.<br \/>\n\u00dea\u00f0 er au\u00f0velt a\u00f0 byrja me\u00f0 s\u00e9rsni\u00f0na ferhyrningabor\u00f0ann \u00feinn - einfaldlega hladdu upp l\u00f3g\u00f3inu \u00fe\u00ednu e\u00f0a h\u00f6nnuninni me\u00f0 \u00fev\u00ed a\u00f0 nota lei\u00f0beiningarnar h\u00e9r a\u00f0 ofan, e\u00f0a hala\u00f0u ni\u00f0ur listasni\u00f0m\u00e1tinu h\u00e9r a\u00f0 ne\u00f0an og b\u00fa\u00f0u til \u00fe\u00edna eigin skr\u00e1 til a\u00f0 hla\u00f0a upp og ganga fr\u00e1. Me\u00f0 h\u00e1g\u00e6\u00f0a prentun okkar og athygli \u00e1 sm\u00e1atri\u00f0um getur\u00f0u veri\u00f0 viss um a\u00f0 r\u00e9tthyrndur f\u00e1nabor\u00f0i \u00feinn muni setja varanlegan svip \u00e1 \u00e1horfendur.<\/p>\n<div style=\"width: 1280px;\" class=\"wp-video\"><!--[if lt IE 9]><script>document.createElement('video');<\/script><![endif]--><br \/>\n<video class=\"wp-video-shortcode\" id=\"video-842-1\" width=\"1280\" height=\"720\" loop autoplay preload=\"metadata\" controls=\"controls\"><source type=\"video\/mp4\" src=\"http:\/\/cmykprinted.com\/wp-content\/uploads\/2022\/12\/Feather-beach-flags.mp4?_=1\" \/><a href=\"http:\/\/cmykprinted.com\/wp-content\/uploads\/2022\/12\/Feather-beach-flags.mp4\">http:\/\/cmykprinted.com\/wp-content\/uploads\/2022\/12\/Feather-beach-flags.mp4<\/a><\/video><\/div>","protected":false},"featured_media":843,"template":"","meta":{"_kad_post_transparent":"default","_kad_post_title":"hide","_kad_post_layout":"fullwidth","_kad_post_sidebar_id":"","_kad_post_content_style":"unboxed","_kad_post_vertical_padding":"hide","_kad_post_feature":"hide","_kad_post_feature_position":"","_kad_post_header":false,"_kad_post_footer":false},"product_cat":[64,66],"product_tag":[236,235,234],"class_list":{"0":"post-842","1":"product","2":"type-product","3":"status-publish","4":"has-post-thumbnail","6":"product_cat-beach-flags","7":"product_cat-rectangular-flags-banners","8":"product_tag-custom-rectangle-banners","9":"product_tag-custom-rectangle-flag","10":"product_tag-rectangle-flag-banners","12":"first","13":"instock","14":"shipping-taxable","15":"product-type-simple","16":"entry","17":"content-bg","18":"loop-entry"},"_links":{"self":[{"href":"https:\/\/cmykprinted.com\/is\/wp-json\/wp\/v2\/product\/842","targetHints":{"allow":["GET"]}}],"collection":[{"href":"https:\/\/cmykprinted.com\/is\/wp-json\/wp\/v2\/product"}],"about":[{"href":"https:\/\/cmykprinted.com\/is\/wp-json\/wp\/v2\/types\/product"}],"version-history":[{"count":1,"href":"https:\/\/cmykprinted.com\/is\/wp-json\/wp\/v2\/product\/842\/revisions"}],"predecessor-version":[{"id":848,"href":"https:\/\/cmykprinted.com\/is\/wp-json\/wp\/v2\/product\/842\/revisions\/848"}],"wp:featuredmedia":[{"embeddable":true,"href":"https:\/\/cmykprinted.com\/is\/wp-json\/wp\/v2\/media\/843"}],"wp:attachment":[{"href":"https:\/\/cmykprinted.com\/is\/wp-json\/wp\/v2\/media?parent=842"}],"wp:term":[{"taxonomy":"product_cat","embeddable":true,"href":"https:\/\/cmykprinted.com\/is\/wp-json\/wp\/v2\/product_cat?post=842"},{"taxonomy":"product_tag","embeddable":true,"href":"https:\/\/cmykprinted.com\/is\/wp-json\/wp\/v2\/product_tag?post=842"}],"curies":[{"name":"wp","href":"https:\/\/api.w.org\/{rel}","templated":true}]}}